{"id":75699,"date":"2022-03-28T01:38:22","date_gmt":"2022-03-27T22:38:22","guid":{"rendered":"https:\/\/www.mikropor.com\/?page_id=75699"},"modified":"2022-03-28T01:40:32","modified_gmt":"2022-03-27T22:40:32","slug":"referans-taahhudu","status":"publish","type":"page","link":"https:\/\/www.mikropor.com\/tr\/referans-taahhudu\/","title":{"rendered":"REFERANS TAAHH\u00dcD\u00dc"},"content":{"rendered":"<section class=\"wpb-content-wrapper\"><p>[vc_row css=\u201d.vc_custo\u00adm_164842\u00ad0829027{padding-top: 20px !important;}\u201d][vc_column][vc_colum\u00adn_text]<\/p>\n<p style=\"text-align: center;\"><strong>REFERANS B\u0130LG\u0130S\u0130 VER\u0130LMES\u0130 DURUMUNDA REFERANS TAAHH\u00dcD\u00dc<\/strong><\/p>\n<p>M\u0130KROPOR Makina Sanayi ve Ticaret Anonim \u015eirketi\u2019ne yapm\u0131\u015f oldu\u011fum i\u015f ba\u015fvurusu \u00e7er\u00e7eves\u00adinde sunmu\u015f oldu\u011fum referans ki\u015fileri hakk\u0131nda verdi\u011fim bilgilerin do\u011fru ve g\u00fcncel oldu\u011funu, bu bilgileri s\u00f6z konusu ki\u015filerden, M\u0130KROPOR\u2019un da bu bilgileri kullanma\u00ads\u0131na imkan verecek \u015fekilde, 6698 say\u0131l\u0131 Ki\u015fisel Verilerin Korunmas\u0131 Kanunu\u2019na uygun bi\u00e7imde izin alarak M\u0130KROPOR\u2019a sunmu\u015f oldu\u011fumu beyan, kabul ve taahh\u00fct ederim.<\/p>\n<p>Ad-Soyad\u00a0\u00a0\u00a0\u00a0\u00a0\u00a0 :<br>\nTarih\u00a0\u00a0\u00a0\u00a0\u00a0\u00a0\u00a0\u00a0\u00a0\u00a0\u00a0\u00a0\u00a0 : 7 May\u0131s 2026 04:40[\/vc_colum\u00adn_text][\/vc_column][\/vc_row]<\/p>\n<\/section>","protected":false},"excerpt":{"rendered":"<p>[vc_row css=\u201d.vc_custo\u00adm_164842\u00ad0829027{padding-top: 20px !important;}\u201d][vc_column][vc_colum\u00adn_text] REFERANS B\u0130LG\u0130S\u0130 VER\u0130LMES\u0130 DURUMUNDA REFERANS TAAHH\u00dcD\u00dc M\u0130KROPOR Makina Sanayi ve Ticaret Anonim \u015eirketi\u2019ne yapm\u0131\u015f oldu\u011fum i\u015f ba\u015fvurusu \u00e7er\u00e7eves\u00adinde sunmu\u015f oldu\u011fum referans ki\u015fileri hakk\u0131nda verdi\u011fim bilgilerin do\u011fru ve g\u00fcncel oldu\u011funu, bu bilgileri s\u00f6z konusu ki\u015filerden, M\u0130KROPOR\u2019un da bu bilgileri kullanma\u00ads\u0131na imkan verecek \u015fekilde, 6698 say\u0131l\u0131 Ki\u015fisel Verilerin Korunmas\u0131 Kanunu\u2019na uygun bi\u00e7imde izin [&hellip;]<\/p>\n","protected":false},"author":3,"featured_media":0,"parent":0,"menu_order":0,"comment_status":"closed","ping_status":"closed","template":"page-full-width.php","meta":{"footnotes":""},"class_list":["post-75699","page","type-page","status-publish","hentry"],"_links":{"self":[{"href":"https:\/\/www.mikropor.com\/tr\/wp-json\/wp\/v2\/pages\/75699","targetHints":{"allow":["GET"]}}],"collection":[{"href":"https:\/\/www.mikropor.com\/tr\/wp-json\/wp\/v2\/pages"}],"about":[{"href":"https:\/\/www.mikropor.com\/tr\/wp-json\/wp\/v2\/types\/page"}],"author":[{"embeddable":true,"href":"https:\/\/www.mikropor.com\/tr\/wp-json\/wp\/v2\/users\/3"}],"replies":[{"embeddable":true,"href":"https:\/\/www.mikropor.com\/tr\/wp-json\/wp\/v2\/comments?post=75699"}],"version-history":[{"count":0,"href":"https:\/\/www.mikropor.com\/tr\/wp-json\/wp\/v2\/pages\/75699\/revisions"}],"wp:attachment":[{"href":"https:\/\/www.mikropor.com\/tr\/wp-json\/wp\/v2\/media?parent=75699"}],"curies":[{"name":"wp","href":"https:\/\/api.w.org\/{rel}","templated":true}]}}