{"id":75863,"date":"2022-10-24T12:51:11","date_gmt":"2022-10-24T09:51:11","guid":{"rendered":"https:\/\/www.mikropor.com\/?page_id=75863"},"modified":"2026-03-12T17:24:43","modified_gmt":"2026-03-12T14:24:43","slug":"teknik-gezi","status":"publish","type":"page","link":"https:\/\/www.mikropor.com\/tr\/teknik-gezi\/","title":{"rendered":"Teknik Gezi"},"content":{"rendered":"<section class=\"wpb-content-wrapper\"><p>[vc_row disable_\u00adelement=\u201dyes\u201d css=\u201d.vc_custo\u00adm_177332\u00ad5481303{padding-top: 30px !important;}\u201d][vc_column][vc_singl\u00ade_image image=\u201d76516\u2033 img_size=\u201dfull\u201d alignment=\u201dcenter\u201d el_id=\u201dthank-you\u201d el_class=\u201dthank-you-content\u201d][\/vc_column][\/vc_row][vc_row css=\u201d.vc_custo\u00adm_166660\u00ad5392055{padding-top: 30px !important;}\u201d][vc_column width=\u201d1\/6\u2033 el_class=\u201dwow fadeIn delay\u20131\u2033][\/vc_column][vc_column width=\u201d4\/6\u2033 el_class=\u201dwow fadeIn delay\u20132\u2033][vc_singl\u00ade_image image=\u201d75914\u2033 img_size=\u201dlarge\u201d][vc_custo\u00adm_heading text=\u201dGelece\u011fin M\u00fchendis\u00adleri Mikropor Ailesi \u0130le Bulu\u015fuyor!\u201d font_con\u00adtainer=\u201dtag:h3|text_align:left|color:%23e43c2f\u201d use_them\u00ade_fonts=\u201dyes\u201d css=\u201d.vc_custo\u00adm_169881\u00ad3264395{margin-bottom: -10px !important;}\u201d][vc_colum\u00adn_text css=\u201d.vc_custo\u00adm_172650\u00ad6371885{padding-top: 20px !important;}\u201d]1987 y\u0131l\u0131nda \u201cGelece\u011fin Teknoloj\u00adisini \u00dcretme\u201d tutkusuyla \u00e7\u0131kt\u0131\u011f\u0131m\u0131z bu yolda; inovasyona, teknoloj\u00adiye ve kaliteye adanm\u0131\u015fl\u00ad\u0131\u011f\u0131m\u0131z\u0131n ba\u015far\u0131s\u0131n\u0131 gelece\u011fin m\u00fchendis\u00adleri ile payla\u015fmak i\u00e7in heyecanl\u00ad\u0131y\u0131z.<\/p>\n<p>Sekt\u00f6r\u00fcne \u00f6nc\u00fcl\u00fck eden firmam\u0131zda, bas\u0131n\u00e7l\u0131 ve atmosferik hava sistemle\u00adrinin \u00fcretim a\u015famalar\u00ad\u0131n\u0131 yerinde g\u00f6rme ve inceleme \u015fans\u0131 elde edece\u011finiz teknik gezimiz d\u00fczenlen\u00adecektir.[\/vc_colum\u00adn_text][vc_colum\u00adn_text]Teknik gezimizde;<\/p>\n<ul>\n<li>Sekt\u00f6r ve m\u00fchendislik hakk\u0131nda merak ettiklerinizi m\u00fchendislik ekibimizle g\u00f6r\u00fc\u015febilecek,<\/li>\n<li>\u0130\u015fe al\u0131m s\u00fcre\u00e7leri hakk\u0131nda detaylar \u00f6\u011frenecek,<\/li>\n<li>Sizleri bekleyen istihdam imkanlar\u0131n\u0131 detayland\u0131rabileceksiniz.<\/li>\n<\/ul>\n<p>E\u011fer siz de \u00fcniversi\u00adtelerin m\u00fchendis\u00adlik b\u00f6l\u00fcmler\u00adinin 3. veya 4. s\u0131n\u0131flar\u00ad\u0131nda e\u011fitim g\u00f6r\u00fcyors\u00adan\u0131z bu harika deneyimi muhakkak ya\u015famal\u0131\u00ads\u0131n\u0131z.<\/p>\n<p><i>Bu gezi, m\u00fchendis\u00adlik b\u00f6l\u00fcm\u00fc \u00f6\u011frencil\u00aderi i\u00e7in \u00f6zel olarak tasarlan\u00adm\u0131\u015ft\u0131r. Kat\u0131l\u0131mc\u00ad\u0131lar\u0131n ilgili alanda bilgi sahibi olmalar\u0131 veya \u00f6\u011frenim g\u00f6rmeleri beklenme\u00adktedir.<\/i><\/p>\n<p>Teknik gezimize kat\u0131lacak adaylara davetiye y\u00f6nlendi\u00adrilecektir.<br>\nSizleri aram\u0131zda g\u00f6rmekten mutluluk duyaca\u011f\u0131z!<\/p>\n<p><em>Not: Ba\u015fvurular bireysel veya \u00fcniversite gruplar\u0131\/kul\u00fcpleri halinde yap\u0131labi\u00adlir. Kontenjan s\u0131n\u0131rl\u0131d\u0131r.<\/em>[\/vc_colum\u00adn_text][\/vc_column][vc_column width=\u201d1\/6\u2033][\/vc_column][\/vc_row][vc_row css=\u201d.vc_custo\u00adm_166660\u00ad5392055{padding-top: 30px !important;}\u201d][vc_column width=\u201d1\/6\u2033 el_class=\u201dwow fadeIn delay\u20131\u2033][\/vc_column][vc_column width=\u201d4\/6\u2033 el_class=\u201dwow fadeIn delay\u20132\u2033]    <\/p><div class=\"teknik-gezi-wrapper\">\n        <div class=\"tg-tabs\">\n            <button class=\"tg-tab active\" data-tab=\"form-individual\">Bireysel Ba\u015fvuru<\/button>\n            <button class=\"tg-tab\" data-tab=\"form-corporate\">Kurumsal Ba\u015fvuru<\/button>\n        <\/div>\n        \n        <div class=\"tg-form-container\">\n            <!-- Bireysel Form -->\n            <form id=\"form-individual\" class=\"tg-form active\" data-type=\"individual\" data-email=\"human.resources@mikropor.com\">\n                <div class=\"tg-form-section\">\n                    <h3>Ki\u015fisel Bilgiler<\/h3>\n                    \n                    <div class=\"tg-form-row\">\n                        <div class=\"tg-form-group\">\n                            <label>Ad\u0131n\u0131z <span class=\"required\">*<\/span><\/label>\n                            <input type=\"text\" name=\"first_name\" required>\n                        <\/div>\n                        <div class=\"tg-form-group\">\n                            <label>Soyad\u0131n\u0131z <span class=\"required\">*<\/span><\/label>\n                            <input type=\"text\" name=\"last_name\" required>\n                        <\/div>\n                    <\/div>\n                    \n                    <div class=\"tg-form-group\">\n                        <label>Do\u011fum Tarihi <span class=\"required\">*<\/span><\/label>\n                        <div class=\"tg-date-inputs\">\n                            <input type=\"number\" name=\"birth_day\" placeholder=\"G\u00fcn\" min=\"1\" max=\"31\" required>\n                            <input type=\"number\" name=\"birth_month\" placeholder=\"Ay\" min=\"1\" max=\"12\" required>\n                            <input type=\"number\" name=\"birth_year\" placeholder=\"Y\u0131l\" min=\"1950\" max=\"2010\" required>\n                        <\/div>\n                    <\/div>\n                    \n                    <div class=\"tg-form-group\">\n                        <label>Cinsiyet<\/label>\n                        <div class=\"tg-radio-group\">\n                            <label><input type=\"radio\" name=\"gender\" value=\"Kad\u0131n\"> Kad\u0131n<\/label>\n                            <label><input type=\"radio\" name=\"gender\" value=\"Erkek\"> Erkek<\/label>\n                        <\/div>\n                    <\/div>\n                    \n                    <div class=\"tg-form-group\">\n                        <label>Cep Telefonu <span class=\"required\">*<\/span><\/label>\n                        <input type=\"tel\" name=\"phone\" required>\n                    <\/div>\n                    \n                    <div class=\"tg-form-group\">\n                        <label>E-posta Adresi <span class=\"required\">*<\/span><\/label>\n                        <input type=\"email\" name=\"email\" required>\n                    <\/div>\n                    \n                    <div class=\"tg-form-row\">\n                        <div class=\"tg-form-group\">\n                            <label>\u0130l\u00e7e <span class=\"required\">*<\/span><\/label>\n                            <input type=\"text\" name=\"district\" required>\n                        <\/div>\n                        <div class=\"tg-form-group\">\n                            <label>\u0130l <span class=\"required\">*<\/span><\/label>\n                            <input type=\"text\" name=\"city\" required>\n                        <\/div>\n                    <\/div>\n                <\/div>\n                \n                <div class=\"tg-form-section\">\n                    <h3>E\u011fitim Bilgileri<\/h3>\n                    \n                    <div class=\"tg-form-group\">\n                        <label>\u00dcniversite Ad\u0131 <span class=\"required\">*<\/span><\/label>\n                        <input type=\"text\" name=\"university\" required>\n                    <\/div>\n                    \n                    <div class=\"tg-form-row\">\n                        <div class=\"tg-form-group\">\n                            <label>B\u00f6l\u00fcm <span class=\"required\">*<\/span><\/label>\n                            <input type=\"text\" name=\"department\" required>\n                        <\/div>\n                        <div class=\"tg-form-group\">\n                            <label>S\u0131n\u0131f <span class=\"required\">*<\/span><\/label>\n                            <input type=\"text\" name=\"grade\" required>\n                        <\/div>\n                        <div class=\"tg-form-group\">\n                            <label>Giri\u015f Y\u0131l\u0131 <span class=\"required\">*<\/span><\/label>\n                            <input type=\"number\" name=\"entry_year\" min=\"2000\" max=\"2030\" required>\n                        <\/div>\n                    <\/div>\n                    \n                    <div class=\"tg-form-group\">\n                        <label>D\u00f6nem Ortalaman\u0131z <span class=\"required\">*<\/span><\/label>\n                        <input type=\"text\" name=\"gpa\" required>\n                    <\/div>\n                    \n                    <div class=\"tg-form-group\">\n                        <label>Kariyer Hedefiniz <span class=\"required\">*<\/span><\/label>\n                        <textarea name=\"career_goal\" required><\/textarea>\n                    <\/div>\n                    \n                    <div class=\"tg-form-group\">\n                        <label>Teknik geziye kat\u0131lma hedefinizi birka\u00e7 kelime ile yaz\u0131n\u0131z. <span class=\"required\">*<\/span><\/label>\n                        <textarea name=\"participation_goal\" required><\/textarea>\n                    <\/div>\n                    \n                    <div class=\"tg-form-group\">\n                        <label>Mikropor'u nereden duydunuz?<\/label>\n                        <textarea name=\"how_heard\"><\/textarea>\n                    <\/div>\n                    \n                    <div class=\"tg-form-group\">\n                        <label>Mikropor hakk\u0131nda neler biliyorsunuz?<\/label>\n                        <textarea name=\"about_mikropor\"><\/textarea>\n                    <\/div>\n                <\/div>\n                \n                <div class=\"tg-form-section\">\n                    <h3>A\u00e7\u0131klama<\/h3>\n                    <div class=\"tg-declaration\">\n                        <p>Bu formda vermi\u015f oldu\u011fum bilgilerin eksiksiz ve do\u011fru oldu\u011funu, istendi\u011f\u00adinde bilgilerin do\u011frulu\u011f\u00adunu g\u00f6steren her t\u00fcrl\u00fc belge ve d\u00f6k\u00fcman\u0131 taraf\u0131n\u0131za sunaca\u011f\u0131m\u0131, vermi\u015f oldu\u011fum bilgilerin yanl\u0131\u015f ve\/veya eksik oldu\u011funun tespiti halinde ba\u015fvurumun iptal olaca\u011f\u0131n\u0131 anlad\u0131m ve kabul ediyorum.<\/p>\n                        <ul>\n                            <li>Mikropor firmas\u0131nda isg ve g\u00fcvenlik kurallar\u0131na uyulaca\u011f\u0131n\u0131,<\/li>\n                            <li>\u00dcretim alan\u0131nda giri\u015ften \u00e7\u0131k\u0131\u015fa kadar refakat\u00e7i olan personel y\u00f6nlendirmeleri, bilgisi ve beraberli\u011finde hareket edilece\u011fini,<\/li>\n                            <li>\u0130\u015f sa\u011fl\u0131\u011f\u0131 ve g\u00fcvenli\u011fi ile ilgili uyar\u0131c\u0131 levha ve i\u015faretlere uyulaca\u011f\u0131n\u0131,<\/li>\n                            <li>Sigara i\u00e7me alan\u0131 olarak i\u015faretlenmi\u015f alanlar d\u0131\u015f\u0131nda sigara i\u00e7ilmeyece\u011fini okudum, anlad\u0131m ve kabul ediyorum.<\/li>\n                        <\/ul>\n                    <\/div>\n                    \n                    <div class=\"tg-form-group\">\n                        <textarea name=\"declaration\" placeholder=\"Ek a\u00e7\u0131klamalar\u0131n\u0131z varsa buraya yazabilirsiniz...\"><\/textarea>\n                    <\/div>\n                <\/div>\n                \n                <button type=\"submit\" class=\"tg-submit-btn\">G\u00f6nder<\/button>\n            <\/form>\n            \n            <!-- Kurumsal Form -->\n            <form id=\"form-corporate\" class=\"tg-form\" data-type=\"corporate\" data-email=\"human.resources@mikropor.com\">\n                <div class=\"tg-form-section\">\n                    <h3>Kurum Bilgileri<\/h3>\n                    \n                    <div class=\"tg-form-group\">\n                        <label>\u00dcniversite \/ Kurum Ad\u0131 <span class=\"required\">*<\/span><\/label>\n                        <input type=\"text\" name=\"institution_name\" required>\n                    <\/div>\n                <\/div>\n                \n                <div class=\"tg-form-section\">\n                    <h3>\u0130lgili Ki\u015fi<\/h3>\n                    \n                    <div class=\"tg-form-row\">\n                        <div class=\"tg-form-group\">\n                            <label>Ad\u0131 <span class=\"required\">*<\/span><\/label>\n                            <input type=\"text\" name=\"contact_first_name\" required>\n                        <\/div>\n                        <div class=\"tg-form-group\">\n                            <label>Soyad\u0131 <span class=\"required\">*<\/span><\/label>\n                            <input type=\"text\" name=\"contact_last_name\" required>\n                        <\/div>\n                    <\/div>\n                    \n                    <div class=\"tg-form-group\">\n                        <label>Cep Telefonu <span class=\"required\">*<\/span><\/label>\n                        <input type=\"tel\" name=\"contact_phone\" required>\n                    <\/div>\n                    \n                    <div class=\"tg-form-group\">\n                        <label>E-posta Adresi <span class=\"required\">*<\/span><\/label>\n                        <input type=\"email\" name=\"contact_email\" required>\n                    <\/div>\n                    \n                    <div class=\"tg-form-group\">\n                        <label>Talep Edilen Tarih <span class=\"required\">*<\/span><\/label>\n                        <div class=\"tg-date-inputs\">\n                            <input type=\"number\" name=\"requested_day\" placeholder=\"G\u00fcn\" min=\"1\" max=\"31\" required>\n                            <input type=\"number\" name=\"requested_month\" placeholder=\"Ay\" min=\"1\" max=\"12\" required>\n                            <input type=\"number\" name=\"requested_year\" placeholder=\"Y\u0131l\" min=\"2025\" max=\"2030\" required>\n                        <\/div>\n                    <\/div>\n                <\/div>\n                \n                <div class=\"tg-form-section\">\n                    <h3>A\u00e7\u0131klama<\/h3>\n                    <div class=\"tg-declaration\">\n                        <p>Bu formda vermi\u015f oldu\u011fum bilgilerin eksiksiz ve do\u011fru oldu\u011funu, istendi\u011f\u00adinde bilgilerin do\u011frulu\u011f\u00adunu g\u00f6steren her t\u00fcrl\u00fc belge ve d\u00f6k\u00fcman\u0131 taraf\u0131n\u0131za sunaca\u011f\u0131m\u0131, vermi\u015f oldu\u011fum bilgilerin yanl\u0131\u015f ve\/veya eksik oldu\u011funun tespiti halinde ba\u015fvurumun iptal olaca\u011f\u0131n\u0131 anlad\u0131m ve kabul ediyorum.<\/p>\n                        <ul>\n                            <li>Mikropor firmas\u0131nda isg ve g\u00fcvenlik kurallar\u0131na uyulaca\u011f\u0131n\u0131,<\/li>\n                            <li>\u00dcretim alan\u0131nda giri\u015ften \u00e7\u0131k\u0131\u015fa kadar refakat\u00e7i olan personel y\u00f6nlendirmeleri, bilgisi ve beraberli\u011finde hareket edilece\u011fini,<\/li>\n                            <li>\u0130\u015f sa\u011fl\u0131\u011f\u0131 ve g\u00fcvenli\u011fi ile ilgili uyar\u0131c\u0131 levha ve i\u015faretlere uyulaca\u011f\u0131n\u0131,<\/li>\n                            <li>Sigara i\u00e7me alan\u0131 olarak i\u015faretlenmi\u015f alanlar d\u0131\u015f\u0131nda sigara i\u00e7ilmeyece\u011fini okudum, anlad\u0131m ve kabul ediyorum.<\/li>\n                        <\/ul>\n                    <\/div>\n                    \n                    <div class=\"tg-form-group\">\n                        <textarea name=\"declaration\" placeholder=\"Ek a\u00e7\u0131klamalar\u0131n\u0131z varsa buraya yazabilirsiniz...\"><\/textarea>\n                    <\/div>\n                <\/div>\n                \n                <button type=\"submit\" class=\"tg-submit-btn\">G\u00f6nder<\/button>\n            <\/form>\n        <\/div>\n    <\/div>\n    [\/vc_column][vc_column width=\u201d1\/6\u2033][\/vc_column][\/vc_row][vc_row css=\u201d.vc_custom_1674642049836{padding-top: 35px !important;}\u201d el_id=\u201dbireysel-basvuru\u201d el_class=\u201dbireysel-basvuru-gizli\u201d][vc_column el_class=\u201dwow fadeIn delay\u20131\u2033][vc_separator][\/vc_column][\/vc_row]\n<\/section>","protected":false},"excerpt":{"rendered":"<p>[vc_row disable_\u00adelement=\u201dyes\u201d css=\u201d.vc_custo\u00adm_177332\u00ad5481303{padding-top: 30px !important;}\u201d][vc_column][vc_singl\u00ade_image image=\u201d76516\u2033 img_size=\u201dfull\u201d alignment=\u201dcenter\u201d el_id=\u201dthank-you\u201d el_class=\u201dthank-you-content\u201d][\/vc_column][\/vc_row][vc_row css=\u201d.vc_custo\u00adm_166660\u00ad5392055{padding-top: 30px !important;}\u201d][vc_column width=\u201d1\/6\u2033 el_class=\u201dwow fadeIn delay\u20131\u2033][\/vc_column][vc_column width=\u201d4\/6\u2033 el_class=\u201dwow fadeIn delay\u20132\u2033][vc_singl\u00ade_image image=\u201d75914\u2033 img_size=\u201dlarge\u201d][vc_custo\u00adm_heading text=\u201dGelece\u011fin M\u00fchendis\u00adleri Mikropor Ailesi \u0130le Bulu\u015fuyor!\u201d font_con\u00adtainer=\u201dtag:h3|text_align:left|color:%23e43c2f\u201d use_them\u00ade_fonts=\u201dyes\u201d css=\u201d.vc_custo\u00adm_169881\u00ad3264395{margin-bottom: -10px !important;}\u201d][vc_colum\u00adn_text css=\u201d.vc_custo\u00adm_172650\u00ad6371885{padding-top: 20px !important;}\u201d]1987 y\u0131l\u0131nda \u201cGelece\u011fin Teknoloj\u00adisini \u00dcretme\u201d tutkusuyla \u00e7\u0131kt\u0131\u011f\u0131m\u0131z bu yolda; inovasyona, teknoloj\u00adiye ve kaliteye adanm\u0131\u015fl\u00ad\u0131\u011f\u0131m\u0131z\u0131n ba\u015far\u0131s\u0131n\u0131 gelece\u011fin m\u00fchendis\u00adleri ile payla\u015fmak [&hellip;]<\/p>\n","protected":false},"author":3,"featured_media":0,"parent":0,"menu_order":0,"comment_status":"closed","ping_status":"closed","template":"page-full-width.php","meta":{"footnotes":""},"class_list":["post-75863","page","type-page","status-publish","hentry"],"_links":{"self":[{"href":"https:\/\/www.mikropor.com\/tr\/wp-json\/wp\/v2\/pages\/75863","targetHints":{"allow":["GET"]}}],"collection":[{"href":"https:\/\/www.mikropor.com\/tr\/wp-json\/wp\/v2\/pages"}],"about":[{"href":"https:\/\/www.mikropor.com\/tr\/wp-json\/wp\/v2\/types\/page"}],"author":[{"embeddable":true,"href":"https:\/\/www.mikropor.com\/tr\/wp-json\/wp\/v2\/users\/3"}],"replies":[{"embeddable":true,"href":"https:\/\/www.mikropor.com\/tr\/wp-json\/wp\/v2\/comments?post=75863"}],"version-history":[{"count":44,"href":"https:\/\/www.mikropor.com\/tr\/wp-json\/wp\/v2\/pages\/75863\/revisions"}],"predecessor-version":[{"id":92312,"href":"https:\/\/www.mikropor.com\/tr\/wp-json\/wp\/v2\/pages\/75863\/revisions\/92312"}],"wp:attachment":[{"href":"https:\/\/www.mikropor.com\/tr\/wp-json\/wp\/v2\/media?parent=75863"}],"curies":[{"name":"wp","href":"https:\/\/api.w.org\/{rel}","templated":true}]}}