{"id":75899,"date":"2022-10-25T14:53:39","date_gmt":"2022-10-25T11:53:39","guid":{"rendered":"https:\/\/www.mikropor.com\/?page_id=75899"},"modified":"2025-02-12T22:30:39","modified_gmt":"2025-02-12T19:30:39","slug":"acik-pozisyonlar","status":"publish","type":"page","link":"https:\/\/www.mikropor.com\/tr\/kariyer\/acik-pozisyonlar\/","title":{"rendered":"A\u00e7\u0131k Pozisyonlar"},"content":{"rendered":"<section class=\"wpb-content-wrapper\"><p>[vc_row full_width=\u201dstretch_\u00adrow\u201d parallax=\u201dcontent-moving\u201d css=\u201d.vc_custo\u00adm_161761\u00ad5625310{margin-top: -50px !important;padding-top: 12% !important;padding-bottom: 12% !important;background: #333333 url(https:\/\/www.mikropor.com\/wp-content\/uploads\/2021\/04\/Tasarim-1-scaled-2.jpg?id=72990);background-position:center;background-repeat:-repeat;background-size:cover;}\u201d][vc_column width=\u201d2\/5\u2033][\/vc_column][vc_column width=\u201d3\/5\u2033][vc_custo\u00adm_heading text=\u201dGelece\u011fe ancak \u00e7al\u0131\u015fanl\u00adar\u0131m\u0131zla ula\u015fabil\u00adece\u011fimizi biliyoruz.\u201d font_con\u00adtainer=\u201dtag:h2|font_size:44|text_align:left|color:%23ffffff\u201d use_them\u00ade_fonts=\u201dyes\u201d el_class=\u201dabout-subtitle wow fadeIn delay\u20131 vc_hidden-xs\u201d][vc_custo\u00adm_heading text=\u201dGelece\u011fe ancak \u00e7al\u0131\u015fanl\u00adar\u0131m\u0131zla ula\u015fabil\u00adece\u011fimizi biliyoruz.\u201d font_con\u00adtainer=\u201dtag:h2|font_size:25|text_align:center|color:%23ffffff\u201d use_them\u00ade_fonts=\u201dyes\u201d el_class=\u201dabout-subtitle wow fadeIn delay\u20131 vc_hidden-lg vc_hidden-md vc_hidden-sm\u201d][\/vc_column][\/vc_row][vc_row css=\u201d.vc_custo\u00adm_166747\u00ad7749605{margin-top: 30px !important;}\u201d][vc_column width=\u201d1\/6\u2033][\/vc_column][vc_column width=\u201d2\/3\u2033][vc_custo\u00adm_heading text=\u201dG\u00fcncel ilan bulunmam\u00adaktad\u0131r.\u201d font_con\u00adtainer=\u201dtag:h3|text_align:center|color:%23c83e30\u2033 use_them\u00ade_fonts=\u201dyes\u201d][\/vc_column][vc_column width=\u201d1\/6\u2033][\/vc_column][\/vc_row][vc_row disable_\u00adelement=\u201dyes\u201d css=\u201d.vc_custo\u00adm_173938\u00ad8565910{margin-top: 30px !important;}\u201d][vc_column width=\u201d1\/6\u2033][\/vc_column][vc_column width=\u201d2\/3\u2033][vc_custo\u00adm_heading text=\u201dPazarlama Uzman\u0131\u201d font_con\u00adtainer=\u201dtag:h3|text_align:left|color:%23c83e30\u2033 use_them\u00ade_fonts=\u201dyes\u201d link=\u201durl:https%3A%2F%2Fwww.mikropor.com%2Ftr%2Fkariyer%2Facik-pozisyon\u00adlar%2Fpazarl\u00adama-uzmani%2F\u201d][vc_colum\u00adn_text]<\/p>\n<h6>\u0130lan Tarihi: 24 Ocak 2025<\/h6>\n<p>[\/vc_colum\u00adn_text][vc_colum\u00adn_text]\u0130nsan, \u00e7evre, teknoloji oda\u011f\u0131nda, s\u00fcrekli ilerlemeyi ilke edinerek gelece\u011fe y\u00f6n veren firmam\u0131z i\u00e7in <strong><em>Pazarlama Uzman\u0131<\/em><\/strong>\u00a0olarak de\u011fer katacak tak\u0131m arkada\u015f\u0131 ar\u0131yoruz.[\/vc_colum\u00adn_text][vc_raw_h\u00adtml]JTNDYSUy\u00adMGhyZWYl\u00adM0QlMjJo\u00addHRwcyUz\u00adQSUyRiUy\u00adRnd3dy5t\u00adaWtyb3Bv\u00adci5jb20l\u00adMkZ0ciUy\u00adRmthcml5\u00adZXIlMkZh\u00adY2lrLXBv\u00ademlzeW9u\u00adbGFyJTJG\u00adcGF6YXJs\u00adYW1hLXV6\u00adbWFuaSUy\u00adRiUyMiUy\u00adMHJlbCUz\u00adRCUyMm5v\u00adb3BlbmVy\u00adJTIyJTIw\u00adY2xhc3Ml\u00adM0QlMjJj\u00adY2Z3LXBy\u00adaW1hcnkt\u00adYnV0dG9u\u00adJTIyJTNF\u00adJTBBJUM0\u00adJUIwJUM1\u00adJTlGJTIw\u00adJUM0JUIw\u00adbGFuJUM0\u00adJUIxJTIw\u00adRGV0YXls\u00adYXIlQzQl\u00adQjElMEEl\u00adM0MlMkZh\u00adJTNF[\/vc_raw_h\u00adtml][\/vc_column][vc_column width=\u201d1\/6\u2033][\/vc_column][\/vc_row][vc_row disable_\u00adelement=\u201dyes\u201d css=\u201d.vc_custo\u00adm_173938\u00ad8555860{margin-top: 30px !important;}\u201d][vc_column width=\u201d1\/6\u2033][\/vc_column][vc_column width=\u201d2\/3\u2033][vc_custo\u00adm_heading text=\u201dMalzeme Planlama Uzman\u0131\u201d font_con\u00adtainer=\u201dtag:h3|text_align:left|color:%23c83e30\u2033 use_them\u00ade_fonts=\u201dyes\u201d link=\u201durl:https%3A%2F%2Fwww.mikropor.com%2Ftr%2Fkariyer%2Facik-pozisyon\u00adlar%2Fmalzeme-planlama-uzmani%2F\u201d][vc_colum\u00adn_text]<\/p>\n<h6>\u0130lan Tarihi: 24 Ocak 2025<\/h6>\n<p>[\/vc_colum\u00adn_text][vc_colum\u00adn_text]\u0130nsan, \u00e7evre, teknoloji oda\u011f\u0131nda, s\u00fcrekli ilerlemeyi ilke edinerek gelece\u011fe y\u00f6n veren firmam\u0131z i\u00e7in <strong><em>Malzeme Planlama Uzman\u0131<\/em><\/strong>\u00a0olarak de\u011fer katacak tak\u0131m arkada\u015f\u0131 ar\u0131yoruz.[\/vc_colum\u00adn_text][vc_raw_h\u00adtml]JTNDYSUy\u00adMGhyZWYl\u00adM0QlMjJo\u00addHRwcyUz\u00adQSUyRiUy\u00adRnd3dy5t\u00adaWtyb3Bv\u00adci5jb20l\u00adMkZ0ciUy\u00adRmthcml5\u00adZXIlMkZh\u00adY2lrLXBv\u00ademlzeW9u\u00adbGFyJTJG\u00adbWFsemVt\u00adZS1wbGFu\u00adbGFtYS11\u00adem1hbmkl\u00adMkYlMjIl\u00adMjByZWwl\u00adM0QlMjJu\u00adb29wZW5l\u00adciUyMiUy\u00adMGNsYXNz\u00adJTNEJTIy\u00adY2Nmdy1w\u00adcmltYXJ5\u00adLWJ1dHRv\u00adbiUyMiUz\u00adRSUwQSVD\u00adNCVCMCVD\u00adNSU5RiUy\u00adMCVDNCVC\u00adMGxhbiVD\u00adNCVCMSUy\u00adMERldGF5\u00adbGFyJUM0\u00adJUIxJTBB\u00adJTNDJTJG\u00adYSUzRQ==[\/vc_raw_h\u00adtml][\/vc_column][vc_column width=\u201d1\/6\u2033][\/vc_column][\/vc_row][vc_row disable_\u00adelement=\u201dyes\u201d][vc_column width=\u201d1\/6\u2033][\/vc_column][vc_column width=\u201d2\/3\u2033][vc_custo\u00adm_heading text=\u201dLojistik Uzman Yard\u0131mc\u0131s\u0131\u201d font_con\u00adtainer=\u201dtag:h3|text_align:left|color:%23c83e30\u2033 use_them\u00ade_fonts=\u201dyes\u201d link=\u201durl:https%3A%2F%2Fwww.mikropor.com%2Ftr%2Fkariyer%2Facik-pozisyon\u00adlar%2Flojistik-uzman-yardimcisi%2F\u201d][vc_colum\u00adn_text]<\/p>\n<h6>\u0130lan Tarihi: 24 Ocak 2025<\/h6>\n<p>[\/vc_colum\u00adn_text][vc_colum\u00adn_text]<\/p>\n<p class=\"m_4415471255981463790xxxxmsonormal\">\u0130nsan, \u00e7evre, teknoloji oda\u011f\u0131nda, s\u00fcrekli ilerlemeyi ilke edinerek gelece\u011fe y\u00f6n veren firmam\u0131z i\u00e7in <em><strong>Lojistik Uzman Yard\u0131mc\u0131s\u0131<\/strong>\u00a0<\/em>olarak de\u011fer katacak tak\u0131m arkada\u015f\u0131 ar\u0131yoruz.<\/p>\n<p>[\/vc_colum\u00adn_text][vc_raw_h\u00adtml]JTNDYSUy\u00adMGhyZWYl\u00adM0QlMjJo\u00addHRwcyUz\u00adQSUyRiUy\u00adRnd3dy5t\u00adaWtyb3Bv\u00adci5jb20l\u00adMkZ0ciUy\u00adRmthcml5\u00adZXIlMkZh\u00adY2lrLXBv\u00ademlzeW9u\u00adbGFyJTJG\u00adbG9qaXN0\u00adaWstdXpt\u00adYW4teWFy\u00adZGltY2lz\u00adaSUyRiUy\u00adMiUyMHJl\u00adbCUzRCUy\u00adMm5vb3Bl\u00adbmVyJTIy\u00adJTIwY2xh\u00adc3MlM0Ql\u00adMjJjY2Z3\u00adLXByaW1h\u00adcnktYnV0\u00addG9uJTIy\u00adJTNFJTBB\u00adJUM0JUIw\u00adJUM1JTlG\u00adJTIwJUM0\u00adJUIwbGFu\u00adJUM0JUIx\u00adJTIwRGV0\u00adYXlsYXIl\u00adQzQlQjEl\u00adMEElM0Ml\u00adMkZhJTNF[\/vc_raw_h\u00adtml][\/vc_column][vc_column width=\u201d1\/6\u2033][\/vc_column][\/vc_row][vc_row disable_\u00adelement=\u201dyes\u201d][vc_column width=\u201d1\/6\u2033][\/vc_column][vc_column width=\u201d2\/3\u2033][vc_custo\u00adm_heading text=\u201dStratejik Sat\u0131n Alma Uzman\u0131\u201d font_con\u00adtainer=\u201dtag:h3|text_align:left|color:%23c83e30\u2033 use_them\u00ade_fonts=\u201dyes\u201d link=\u201durl:https%3A%2F%2Fwww.mikropor.com%2Ftr%2Fkariyer%2Facik-pozisyon\u00adlar%2Fstrate\u00adjik-satin-alma-uzmani%2F\u201d][vc_colum\u00adn_text]<\/p>\n<h6>\u0130lan Tarihi: 24 Ocak 2025<\/h6>\n<p>[\/vc_colum\u00adn_text][vc_colum\u00adn_text]<\/p>\n<p class=\"m_4415471255981463790xxxxmsonormal\">\u0130nsan, \u00e7evre, teknoloji oda\u011f\u0131nda, s\u00fcrekli ilerlemeyi ilke edinerek gelece\u011fe y\u00f6n veren firmam\u0131z i\u00e7in <em><strong>Stratejik Sat\u0131n Alma Uzman\u0131<\/strong>\u00a0<\/em>olarak de\u011fer katacak tak\u0131m arkada\u015f\u0131 ar\u0131yoruz.<\/p>\n<p>[\/vc_colum\u00adn_text][vc_raw_h\u00adtml]JTNDYSUy\u00adMGhyZWYl\u00adM0QlMjJo\u00addHRwcyUz\u00adQSUyRiUy\u00adRnd3dy5t\u00adaWtyb3Bv\u00adci5jb20l\u00adMkZ0ciUy\u00adRmthcml5\u00adZXIlMkZh\u00adY2lrLXBv\u00ademlzeW9u\u00adbGFyJTJG\u00adc3RyYXRl\u00adamlrLXNh\u00addGluLWFs\u00adbWEtdXpt\u00adYW5pJTJG\u00adJTIyJTIw\u00adcmVsJTNE\u00adJTIybm9v\u00adcGVuZXIl\u00adMjIlMjBj\u00adbGFzcyUz\u00adRCUyMmNj\u00adZnctcHJp\u00adbWFyeS1i\u00addXR0b24l\u00adMjIlM0Ul\u00adMEElQzQl\u00adQjAlQzUl\u00adOUYlMjAl\u00adQzQlQjBs\u00adYW4lQzQl\u00adQjElMjBE\u00adZXRheWxh\u00adciVDNCVC\u00adMSUwQSUz\u00adQyUyRmEl\u00adM0U=[\/vc_raw_h\u00adtml][\/vc_column][vc_column width=\u201d1\/6\u2033][\/vc_column][\/vc_row][vc_row disable_\u00adelement=\u201dyes\u201d][vc_column width=\u201d1\/6\u2033][\/vc_column][vc_column width=\u201d2\/3\u2033][vc_custo\u00adm_heading text=\u201dArge Elektrik Elektronik M\u00fchendisi\u201d font_con\u00adtainer=\u201dtag:h3|text_align:left|color:%23c83e30\u2033 use_them\u00ade_fonts=\u201dyes\u201d link=\u201durl:https%3A%2F%2Fwww.mikropor.com%2Ftr%2Fkariyer%2Facik-pozisyon\u00adlar%2Farge-elektrik-elektronik-muhendisi%2F\u201d][vc_colum\u00adn_text]<\/p>\n<h6>\u0130lan Tarihi: 24 Ocak 2025<\/h6>\n<p>[\/vc_colum\u00adn_text][vc_colum\u00adn_text]<\/p>\n<p class=\"m_4415471255981463790xxxxmsonormal\">\u0130nsan, \u00e7evre, teknoloji oda\u011f\u0131nda, s\u00fcrekli ilerlemeyi ilke edinerek gelece\u011fe y\u00f6n veren firmam\u0131z i\u00e7in <em><strong>Arge Elektrik Elektronik M\u00fchendisi<\/strong>\u00a0<\/em>olarak de\u011fer katacak tak\u0131m arkada\u015f\u0131 ar\u0131yoruz.<\/p>\n<p>[\/vc_colum\u00adn_text][vc_raw_h\u00adtml]JTNDYSUy\u00adMGhyZWYl\u00adM0QlMjJo\u00addHRwcyUz\u00adQSUyRiUy\u00adRnd3dy5t\u00adaWtyb3Bv\u00adci5jb20l\u00adMkZ0ciUy\u00adRmthcml5\u00adZXIlMkZh\u00adY2lrLXBv\u00ademlzeW9u\u00adbGFyJTJG\u00adYXJnZS1l\u00adbGVrdHJp\u00aday1lbGVr\u00addHJvbmlr\u00adLW11aGVu\u00adZGlzaSUy\u00adRiUyMiUy\u00adMHJlbCUz\u00adRCUyMm5v\u00adb3BlbmVy\u00adJTIyJTIw\u00adY2xhc3Ml\u00adM0QlMjJj\u00adY2Z3LXBy\u00adaW1hcnkt\u00adYnV0dG9u\u00adJTIyJTNF\u00adJTBBJUM0\u00adJUIwJUM1\u00adJTlGJTIw\u00adJUM0JUIw\u00adbGFuJUM0\u00adJUIxJTIw\u00adRGV0YXls\u00adYXIlQzQl\u00adQjElMEEl\u00adM0MlMkZh\u00adJTNF[\/vc_raw_h\u00adtml][\/vc_column][vc_column width=\u201d1\/6\u2033][\/vc_column][\/vc_row]<\/p>\n<\/section>","protected":false},"excerpt":{"rendered":"<p>[vc_row full_width=\u201dstretch_\u00adrow\u201d parallax=\u201dcontent-moving\u201d css=\u201d.vc_custo\u00adm_161761\u00ad5625310{margin-top: -50px !important;padding-top: 12% !important;padding-bottom: 12% !important;background: #333333 url(https:\/\/www.mikropor.com\/wp-content\/uploads\/2021\/04\/Tasarim-1-scaled-2.jpg?id=72990);background-position:center;background-repeat:-repeat;background-size:cover;}\u201d][vc_column width=\u201d2\/5\u2033][\/vc_column][vc_column width=\u201d3\/5\u2033][vc_custo\u00adm_heading text=\u201dGelece\u011fe ancak \u00e7al\u0131\u015fanl\u00adar\u0131m\u0131zla ula\u015fabil\u00adece\u011fimizi biliyoruz.\u201d font_con\u00adtainer=\u201dtag:h2|font_size:44|text_align:left|color:%23ffffff\u201d use_them\u00ade_fonts=\u201dyes\u201d el_class=\u201dabout-subtitle wow fadeIn delay\u20131 vc_hidden-xs\u201d][vc_custo\u00adm_heading text=\u201dGelece\u011fe ancak \u00e7al\u0131\u015fanl\u00adar\u0131m\u0131zla ula\u015fabil\u00adece\u011fimizi biliyoruz.\u201d font_con\u00adtainer=\u201dtag:h2|font_size:25|text_align:center|color:%23ffffff\u201d use_them\u00ade_fonts=\u201dyes\u201d el_class=\u201dabout-subtitle wow fadeIn delay\u20131 vc_hidden-lg vc_hidden-md vc_hidden-sm\u201d][\/vc_column][\/vc_row][vc_row css=\u201d.vc_custo\u00adm_166747\u00ad7749605{margin-top: 30px !important;}\u201d][vc_column width=\u201d1\/6\u2033][\/vc_column][vc_column width=\u201d2\/3\u2033][vc_custo\u00adm_heading text=\u201dG\u00fcncel ilan bulunmam\u00adaktad\u0131r.\u201d font_con\u00adtainer=\u201dtag:h3|text_align:center|color:%23c83e30\u2033 use_them\u00ade_fonts=\u201dyes\u201d][\/vc_column][vc_column width=\u201d1\/6\u2033][\/vc_column][\/vc_row][vc_row disable_\u00adelement=\u201dyes\u201d css=\u201d.vc_custo\u00adm_173938\u00ad8565910{margin-top: 30px !important;}\u201d][vc_column [&hellip;]<\/p>\n","protected":false},"author":3,"featured_media":0,"parent":72092,"menu_order":0,"comment_status":"closed","ping_status":"closed","template":"page-full-width.php","meta":{"footnotes":""},"class_list":["post-75899","page","type-page","status-publish","hentry"],"_links":{"self":[{"href":"https:\/\/www.mikropor.com\/tr\/wp-json\/wp\/v2\/pages\/75899","targetHints":{"allow":["GET"]}}],"collection":[{"href":"https:\/\/www.mikropor.com\/tr\/wp-json\/wp\/v2\/pages"}],"about":[{"href":"https:\/\/www.mikropor.com\/tr\/wp-json\/wp\/v2\/types\/page"}],"author":[{"embeddable":true,"href":"https:\/\/www.mikropor.com\/tr\/wp-json\/wp\/v2\/users\/3"}],"replies":[{"embeddable":true,"href":"https:\/\/www.mikropor.com\/tr\/wp-json\/wp\/v2\/comments?post=75899"}],"version-history":[{"count":27,"href":"https:\/\/www.mikropor.com\/tr\/wp-json\/wp\/v2\/pages\/75899\/revisions"}],"predecessor-version":[{"id":78790,"href":"https:\/\/www.mikropor.com\/tr\/wp-json\/wp\/v2\/pages\/75899\/revisions\/78790"}],"up":[{"embeddable":true,"href":"https:\/\/www.mikropor.com\/tr\/wp-json\/wp\/v2\/pages\/72092"}],"wp:attachment":[{"href":"https:\/\/www.mikropor.com\/tr\/wp-json\/wp\/v2\/media?parent=75899"}],"curies":[{"name":"wp","href":"https:\/\/api.w.org\/{rel}","templated":true}]}}