{"id":75972,"date":"2022-11-03T17:09:23","date_gmt":"2022-11-03T14:09:23","guid":{"rendered":"https:\/\/www.mikropor.com\/?page_id=75972"},"modified":"2022-11-25T01:13:53","modified_gmt":"2022-11-24T22:13:53","slug":"kalite-kontrol-muhendisi-is-ilani","status":"publish","type":"page","link":"https:\/\/www.mikropor.com\/tr\/kariyer\/acik-pozisyonlar\/kalite-kontrol-muhendisi-is-ilani\/","title":{"rendered":"KAL\u0130TE KONTROL M\u00dcHEND\u0130S\u0130 \u0130\u015e \u0130LANI"},"content":{"rendered":"<section class=\"wpb-content-wrapper\"><p>[vc_row css=\u201d.vc_custo\u00adm_166747\u00ad7749605{margin-top: 30px !important;}\u201d][vc_column width=\u201d1\/4\u2033][vc_custo\u00adm_heading text=\u201dKAL\u0130TE KONTROL M\u00dcHEND\u0130S\u0130\u201d font_con\u00adtainer=\u201dtag:h3|text_align:left|color:%23c83e30\u2033 use_them\u00ade_fonts=\u201dyes\u201d][vc_colum\u00adn_text]<\/p>\n<h6>\u0130lan Tarihi: 21 Kas\u0131m 2022<\/h6>\n<p>[\/vc_colum\u00adn_text][\/vc_column][vc_column width=\u201d3\/4\u2033][vc_colum\u00adn_text]<strong>GENEL N\u0130TEL\u0130KLER VE \u0130\u015e TANIMI<\/strong><u><\/u><u><\/u><\/p>\n<p><span lang=\"EN-US\">End\u00fcstri\u00adyel filtrasyon \u00fcretiminde T\u00fcrkiye\u2019nin en b\u00fcy\u00fck ve d\u00fcnyan\u0131n say\u0131l\u0131 \u015firketle\u00adrinden olan M\u0130KROPOR, A<span class=\"il\">r-<\/span>G<span class=\"il\">e\u00a0<\/span>\u00e7al\u0131\u015fmal\u00adar\u0131, y\u00fcksek performans \u00fcr\u00fcnleri, kalite ve s\u0131n\u0131rs\u0131z m\u00fc\u015fteri memnuniy\u00adeti anlay\u0131\u015f\u0131 ile T\u00fcrkiye ihracat\u0131\u00adnda ilk 500\u2019de yer almakta ve\u00a0140 \u00fclkeye ihracat yapmakta\u00add\u0131r. \u0130nsan, \u00e7evre, teknoloji oda\u011f\u0131nda, s\u00fcrekli ilerlemeyi ilke edinerek gelece\u011fe y\u00f6n veren firmam\u0131z i\u00e7in \u2018\u201d<u>Giri\u015f Kalite Kontrol Uzman\u0131\/Uzman Yrd.\u201d<\/u>\u00a0olarak de\u011fer katacak tak\u0131m arkada\u015fl\u00adar\u0131\u00a0<span class=\"il\">ar<\/span>\u0131yoruz.<\/span><u><\/u><u><\/u><\/p>\n<p><u><\/u>\u00a0<u><\/u><\/p>\n<ul>\n<li class=\"m_3501603705896091536xxxxmsonormal\"><span lang=\"EN-US\">\u00dcniversitelerin Makine\u00a0<span class=\"il\">m\u00fchendisli\u011fi<\/span>, Metalurji ve malzeme\u00a0<span class=\"il\">m\u00fchendisli\u011fi<\/span> b\u00f6l\u00fcmlerinden mezun,<\/span><\/li>\n<li class=\"m_3501603705896091536xxxxmsonormal\">Kalite, proses kontrol ve istatistiksel analiz s\u00fcre\u00e7lerinde en az 3 y\u0131l tecr\u00fcbeli,<\/li>\n<li class=\"m_3501603705896091536xxxxmsonormal\">\u0130leri seviyede Ms Office , SAP kullanabilen,<\/li>\n<li class=\"m_3501603705896091536xxxxmsonormal\">Problem \u00e7\u00f6zme yetkinli\u011fine sahip,<\/li>\n<li class=\"m_3501603705896091536xxxxmsonormal\">\u0130leri seviyede \u0130ngilizce bilen,<\/li>\n<li class=\"m_3501603705896091536xxxxmsonormal\">Tak\u0131m \u00e7al\u0131\u015fmas\u0131na yatk\u0131n, ileti\u015fim ve liderlik becerileri kuvvetli,<\/li>\n<li class=\"m_3501603705896091536xxxxmsonormal\">Erkek adaylar i\u00e7in askerlik hizmetini tamamlam\u0131\u015f,<\/li>\n<li class=\"m_3501603705896091536xxxxmsonormal\">Tercihen B s\u0131n\u0131f\u0131 ara\u00e7 ehliyeti olan ve aktif ara\u00e7 kullanabilen,<\/li>\n<\/ul>\n<p class=\"m_3501603705896091536xxxxmsonormal\">\u00a0<\/p>\n<p class=\"m_3501603705896091536xxxxmsonormal\"><strong><span lang=\"EN-US\">\u0130\u015e TANIMI<\/span><\/strong><u><\/u><u><\/u><\/p>\n<p class=\"m_3501603705896091536xxxxmsonormal\"><span lang=\"EN-US\">\u00dcretim hatt\u0131nda kullan\u0131l\u00adacak, mamul, yar\u0131 mamul ve hammadde\u00adlerin ilgili prosed\u00fcr ve talimatl\u00adara g\u00f6re Girdi kontroll\u00aderinin yap\u0131lmas\u00ad\u0131n\u0131; tedarik\u00e7\u00adilerde proses ve \u00fcr\u00fcn kalite kontrol\u00fc ile ilgili faaliyet\u00adlerini ilgili prosed\u00fcr, talimat ve dok\u00fcmanl\u00adara uygun olarak yap\u0131lmas\u00ad\u0131n\u0131 sa\u011flamak.<\/span><u><\/u><u><\/u><\/p>\n<p class=\"m_3501603705896091536xxxxmsonormal\"><span lang=\"EN-US\">Giri\u015f Kalite kontrol ekibi y\u00f6netmek; personel\u00adlere gerekli e\u011fitimleri vermek.<\/span><u><\/u><u><\/u><\/p>\n<p class=\"m_3501603705896091536xxxxmsonormal\"><span lang=\"EN-US\">Yurti\u00e7i ve yurtd\u0131\u015f\u0131 tedarik\u00e7i denetiml\u00aderini planlamak ve ger\u00e7ekle\u00ad\u015ftirmek<\/span><u><\/u><u><\/u><\/p>\n<p class=\"m_3501603705896091536xxxxmsonormal\"><span lang=\"EN-US\">\u00dcr\u00fcn, donan\u0131m, proses, hammadde, yard\u0131mc\u0131 madde, ambalaj malzemel\u00aderinin standart\u00adlar\u0131n\u0131n ve \u00fcretime uygunlu\u011f\u00adunun kontrol\u00fc i\u00e7in gerekli olan laboratu\u00advar faaliyet\u00adlerini y\u00f6netmek<\/span><u><\/u><u><\/u><\/p>\n<p class=\"m_3501603705896091536xxxxmsonormal\"><span lang=\"EN-US\">Numune \u00e7al\u0131\u015fmal\u00adar\u0131n\u0131n t\u00fcm periyotl\u00adar\u0131n\u0131 (par\u00e7aya uygun kal\u0131p-mastar tasar\u0131m\u0131, \u015fartnameye uygun malzeme tedari\u011fi ve \u00fcretim periyodu, FMEA-PPAP dosyas\u0131 haz\u0131rlama ve \u00fcr\u00fcn takdim) ilgili b\u00f6l\u00fcmlerle i\u015f birli\u011fi i\u00e7inde y\u00fcr\u00fctmek ve denetlemek<\/span><u><\/u><u><\/u><\/p>\n<p class=\"m_3501603705896091536xxxxmsonormal\"><span lang=\"EN-US\">Hatal\u0131 faaliyet\u00adlere dair \u00f6nleyici tedbirle\u00adrin al\u0131nmas\u0131n\u0131 sa\u011flamak; konu hakk\u0131nda ilgili yard\u0131mc\u0131 sanayi ve birimleri bilgilen\u00addirmek ; D\u00d6F, NCR a\u00e7\u0131larak s\u00fcreci takip etmek.<\/span><u><\/u><u><\/u><\/p>\n<p class=\"m_3501603705896091536xxxxmsonormal\"><span lang=\"EN-US\">\u0130lk \u00f6rnek s\u00fcrecini takip etmek ve \u0130lk Numune Kabul formlar\u0131n\u0131 haz\u0131rlay\u0131p sonucu ilgili birimlere iletmek.<\/span><u><\/u><u><\/u><\/p>\n<p class=\"m_3501603705896091536xxxxmsonormal\"><span lang=\"EN-US\">Giri\u015f Kalite Kontrol ile ilgili raporlam\u00adalar yapmak ve ilgili birimleri bilgilen\u00addirmek.<\/span><\/p>\n<p>[\/vc_colum\u00adn_text][vc_raw_h\u00adtml]JTNDYSUy\u00adMGhyZWYl\u00adM0QlMjJo\u00addHRwcyUz\u00adQSUyRiUy\u00adRnd3dy5t\u00adaWtyb3Bv\u00adci5jb20l\u00adMkZ0ciUy\u00adRmlzLWJh\u00adc3Z1cnUt\u00adZm9ybXUl\u00adMkYlM0Zp\u00adc0lsYW5p\u00adJTNES2Fs\u00adaXRlJTI1\u00adMjBLb250\u00adcm9sJTI1\u00adMjBNJTI1\u00adQzMlMjVC\u00adQ2hlbmRp\u00adc2klMjIl\u00adMjByZWwl\u00adM0QlMjJu\u00adb29wZW5l\u00adciUyMiUy\u00adMGNsYXNz\u00adJTNEJTIy\u00adY2Nmdy1w\u00adcmltYXJ5\u00adLWJ1dHRv\u00adbiUyMiUz\u00adRSUwQUJh\u00adJUM1JTlG\u00addnVyJTBB\u00adJTNDJTJG\u00adYSUzRQ==[\/vc_raw_h\u00adtml][\/vc_column][\/vc_row]<\/p>\n<\/section>","protected":false},"excerpt":{"rendered":"<p>[vc_row css=\u201d.vc_custo\u00adm_166747\u00ad7749605{margin-top: 30px !important;}\u201d][vc_column width=\u201d1\/4\u2033][vc_custo\u00adm_heading text=\u201dKAL\u0130TE KONTROL M\u00dcHEND\u0130S\u0130\u201d font_con\u00adtainer=\u201dtag:h3|text_align:left|color:%23c83e30\u2033 use_them\u00ade_fonts=\u201dyes\u201d][vc_colum\u00adn_text] \u0130lan Tarihi: 21 Kas\u0131m 2022 [\/vc_colum\u00adn_text][\/vc_column][vc_column width=\u201d3\/4\u2033][vc_colum\u00adn_text]GENEL N\u0130TEL\u0130KLER VE \u0130\u015e TANIMI End\u00fcstri\u00adyel filtrasyon \u00fcretiminde T\u00fcrkiye\u2019nin en b\u00fcy\u00fck ve d\u00fcnyan\u0131n say\u0131l\u0131 \u015firketle\u00adrinden olan M\u0130KROPOR, Ar-Ge\u00a0\u00e7al\u0131\u015fmal\u00adar\u0131, y\u00fcksek performans \u00fcr\u00fcnleri, kalite ve s\u0131n\u0131rs\u0131z m\u00fc\u015fteri memnuniy\u00adeti anlay\u0131\u015f\u0131 ile T\u00fcrkiye ihracat\u0131\u00adnda ilk 500\u2019de yer almakta ve\u00a0140 \u00fclkeye ihracat yapmakta\u00add\u0131r. \u0130nsan, [&hellip;]<\/p>\n","protected":false},"author":3,"featured_media":0,"parent":75899,"menu_order":0,"comment_status":"closed","ping_status":"closed","template":"page-full-width.php","meta":{"footnotes":""},"class_list":["post-75972","page","type-page","status-publish","hentry"],"_links":{"self":[{"href":"https:\/\/www.mikropor.com\/tr\/wp-json\/wp\/v2\/pages\/75972","targetHints":{"allow":["GET"]}}],"collection":[{"href":"https:\/\/www.mikropor.com\/tr\/wp-json\/wp\/v2\/pages"}],"about":[{"href":"https:\/\/www.mikropor.com\/tr\/wp-json\/wp\/v2\/types\/page"}],"author":[{"embeddable":true,"href":"https:\/\/www.mikropor.com\/tr\/wp-json\/wp\/v2\/users\/3"}],"replies":[{"embeddable":true,"href":"https:\/\/www.mikropor.com\/tr\/wp-json\/wp\/v2\/comments?post=75972"}],"version-history":[{"count":0,"href":"https:\/\/www.mikropor.com\/tr\/wp-json\/wp\/v2\/pages\/75972\/revisions"}],"up":[{"embeddable":true,"href":"https:\/\/www.mikropor.com\/tr\/wp-json\/wp\/v2\/pages\/75899"}],"wp:attachment":[{"href":"https:\/\/www.mikropor.com\/tr\/wp-json\/wp\/v2\/media?parent=75972"}],"curies":[{"name":"wp","href":"https:\/\/api.w.org\/{rel}","templated":true}]}}