{"id":75977,"date":"2022-11-03T17:18:58","date_gmt":"2022-11-03T14:18:58","guid":{"rendered":"https:\/\/www.mikropor.com\/?page_id=75977"},"modified":"2022-11-03T17:21:52","modified_gmt":"2022-11-03T14:21:52","slug":"is-basvuru-formu","status":"publish","type":"page","link":"https:\/\/www.mikropor.com\/tr\/is-basvuru-formu\/","title":{"rendered":"\u0130\u015f Ba\u015fvuru Formu"},"content":{"rendered":"<section class=\"wpb-content-wrapper\"><p>[vc_row css=\u201d.vc_custo\u00adm_149857\u00ad0726419{padding-top: 35px !important;}\u201d][vc_column el_class=\u201dwow fadeIn delay\u20131\u2033][vc_separ\u00adator][vc_raw_h\u00adtml]JTIwJTND\u00adaWZyYW1l\u00adJTIwaWQl\u00adM0QlMjJK\u00adb3RGb3Jt\u00adSUZyYW1l\u00adLTIyMzA2\u00adNDMwMDk5\u00adODk2MiUy\u00adMiUyMHRp\u00addGxlJTNE\u00adJTIyVjMl\u00adMjBCYSVD\u00adNSU5RnZ1\u00adcnUlMjBG\u00adb3JtdSUy\u00adMiUyMG9u\u00adbG9hZCUz\u00adRCUyMndp\u00adbmRvdy5w\u00adYXJlbnQu\u00adc2Nyb2xs\u00adVG8lMjgw\u00adJTJDMCUy\u00adOSUyMiUy\u00adMGFsbG93\u00addHJhbnNw\u00adYXJlbmN5\u00adJTNEJTIy\u00addHJ1ZSUy\u00adMiUyMGFs\u00adbG93ZnVs\u00adbHNjcmVl\u00adbiUzRCUy\u00adMnRydWUl\u00adMjIlMjBh\u00adbGxvdyUz\u00adRCUyMmdl\u00adb2xvY2F0\u00adaW9uJTNC\u00adJTIwbWlj\u00adcm9waG9u\u00adZSUzQiUy\u00adMGNhbWVy\u00adYSUyMiUy\u00adMHNyYyUz\u00adRCUyMmh0\u00addHBzJTNB\u00adJTJGJTJG\u00adZm9ybS5q\u00adb3Rmb3Jt\u00adLmNvbSUy\u00adRjIyMzA2\u00adNDMwMDk5\u00adODk2MiUy\u00adMiUyMGZy\u00adYW1lYm9y\u00adZGVyJTNE\u00adJTIyMCUy\u00adMiUyMHN0\u00adeWxlJTNE\u00adJTIyJTIw\u00adbWluLXdp\u00adZHRoJTNB\u00adJTIwMTAw\u00adJTI1JTNC\u00adJTIwaGVp\u00adZ2h0JTNB\u00adNTM5cHgl\u00adM0IlMjBi\u00adb3JkZXIl\u00adM0Fub25l\u00adJTNCJTIy\u00adJTIwc2Ny\u00adb2xsaW5n\u00adJTNEJTIy\u00adbm8lMjIl\u00adMjAlM0Ul\u00adMjAlM0Ml\u00adMkZpZnJh\u00adbWUlM0Ul\u00adMjAlM0Nz\u00adY3JpcHQl\u00adMjB0eXBl\u00adJTNEJTIy\u00addGV4dCUy\u00adRmphdmFz\u00adY3JpcHQl\u00adMjIlM0Ul\u00adMjB2YXIl\u00adMjBpZnIl\u00adMjAlM0Ql\u00adMjBkb2N1\u00adbWVudC5n\u00adZXRFbGVt\u00adZW50QnlJ\u00adZCUyOCUy\u00adMkpvdEZv\u00adcm1JRnJh\u00adbWUtMjIz\u00adMDY0MzAw\u00adOTk4OTYy\u00adJTIyJTI5\u00adJTNCJTIw\u00adaWYlMjAl\u00adMjhpZnIl\u00adMjklMjAl\u00adN0IlMjB2\u00adYXIlMjBz\u00adcmMlMjAl\u00adM0QlMjBp\u00adZnIuc3Jj\u00adJTNCJTIw\u00addmFyJTIw\u00adaWZyYW1l\u00adUGFyYW1z\u00adJTIwJTNE\u00adJTIwJTVC\u00adJTVEJTNC\u00adJTIwaWYl\u00adMjAlMjh3\u00adaW5kb3cu\u00adbG9jYXRp\u00adb24uaHJl\u00adZiUyMCUy\u00adNiUyNiUy\u00adMHdpbmRv\u00addy5sb2Nh\u00addGlvbi5o\u00adcmVmLmlu\u00adZGV4T2Yl\u00adMjglMjIl\u00adM0YlMjIl\u00adMjklMjAl\u00adM0UlMjAt\u00adMSUyOSUy\u00adMCU3QiUy\u00adMGlmcmFt\u00adZVBhcmFt\u00adcyUyMCUz\u00adRCUyMGlm\u00adcmFtZVBh\u00adcmFtcy5j\u00adb25jYXQl\u00adMjh3aW5k\u00adb3cubG9j\u00adYXRpb24u\u00adaHJlZi5z\u00addWJzdHIl\u00adMjh3aW5k\u00adb3cubG9j\u00adYXRpb24u\u00adaHJlZi5p\u00adbmRleE9m\u00adJTI4JTIy\u00adJTNGJTIy\u00adJTI5JTIw\u00adJTJCJTIw\u00adMSUyOS5z\u00adcGxpdCUy\u00adOCUyNyUy\u00adNiUyNyUy\u00adOSUyOSUz\u00adQiUyMCU3\u00adRCUyMGlm\u00adJTIwJTI4\u00adc3JjJTIw\u00adJTI2JTI2\u00adJTIwc3Jj\u00adLmluZGV4\u00adT2YlMjgl\u00adMjIlM0Yl\u00adMjIlMjkl\u00adMjAlM0Ul\u00adMjAtMSUy\u00adOSUyMCU3\u00adQiUyMGlm\u00adcmFtZVBh\u00adcmFtcyUy\u00adMCUzRCUy\u00adMGlmcmFt\u00adZVBhcmFt\u00adcy5jb25j\u00adYXQlMjhz\u00adcmMuc3Vi\u00adc3RyJTI4\u00adc3JjLmlu\u00adZGV4T2Yl\u00adMjglMjIl\u00adM0YlMjIl\u00adMjklMjAl\u00adMkIlMjAx\u00adJTI5LnNw\u00adbGl0JTI4\u00adJTIyJTI2\u00adJTIyJTI5\u00adJTI5JTNC\u00adJTIwc3Jj\u00adJTIwJTNE\u00adJTIwc3Jj\u00adLnN1YnN0\u00adciUyODAl\u00adMkMlMjBz\u00adcmMuaW5k\u00adZXhPZiUy\u00adOCUyMiUz\u00adRiUyMiUy\u00adOSUyOSUy\u00adMCU3RCUy\u00adMGlmcmFt\u00adZVBhcmFt\u00adcy5wdXNo\u00adJTI4JTIy\u00adaXNJZnJh\u00adbWVFbWJl\u00adZCUzRDEl\u00adMjIlMjkl\u00adM0IlMjBp\u00adZnIuc3Jj\u00adJTIwJTNE\u00adJTIwc3Jj\u00adJTIwJTJC\u00adJTIwJTIy\u00adJTNGJTIy\u00adJTIwJTJC\u00adJTIwaWZy\u00adYW1lUGFy\u00adYW1zLmpv\u00adaW4lMjgl\u00adMjclMjYl\u00adMjclMjkl\u00adM0IlMjAl\u00adN0QlMjB3\u00adaW5kb3cu\u00adaGFuZGxl\u00adSUZyYW1l\u00adTWVzc2Fn\u00adZSUyMCUz\u00adRCUyMGZ1\u00adbmN0aW9u\u00adJTI4ZSUy\u00adOSUyMCU3\u00adQiUyMGlm\u00adJTIwJTI4\u00addHlwZW9m\u00adJTIwZS5k\u00adYXRhJTIw\u00adJTNEJTNE\u00adJTNEJTIw\u00adJTI3b2Jq\u00adZWN0JTI3\u00adJTI5JTIw\u00adJTdCJTIw\u00adcmV0dXJu\u00adJTNCJTIw\u00adJTdEJTIw\u00addmFyJTIw\u00adYXJncyUy\u00adMCUzRCUy\u00adMGUuZGF0\u00adYS5zcGxp\u00addCUyOCUy\u00adMiUzQSUy\u00adMiUyOSUz\u00adQiUyMGlm\u00adJTIwJTI4\u00adYXJncy5s\u00adZW5ndGgl\u00adMjAlM0Ul\u00adMjAyJTI5\u00adJTIwJTdC\u00adJTIwaWZy\u00adYW1lJTIw\u00adJTNEJTIw\u00adZG9jdW1l\u00adbnQuZ2V0\u00adRWxlbWVu\u00addEJ5SWQl\u00adMjglMjJK\u00adb3RGb3Jt\u00adSUZyYW1l\u00adLSUyMiUy\u00adMCUyQiUy\u00adMGFyZ3Ml\u00adNUIlMjhh\u00adcmdzLmxl\u00adbmd0aCUy\u00adMC0lMjAx\u00adJTI5JTVE\u00adJTI5JTNC\u00adJTIwJTdE\u00adJTIwZWxz\u00adZSUyMCU3\u00adQiUyMGlm\u00adcmFtZSUy\u00adMCUzRCUy\u00adMGRvY3Vt\u00adZW50Lmdl\u00addEVsZW1l\u00adbnRCeUlk\u00adJTI4JTIy\u00adSm90Rm9y\u00adbUlGcmFt\u00adZSUyMiUy\u00adOSUzQiUy\u00adMCU3RCUy\u00adMGlmJTIw\u00adJTI4JTIx\u00adaWZyYW1l\u00adJTI5JTIw\u00adJTdCJTIw\u00adcmV0dXJu\u00adJTNCJTIw\u00adJTdEJTIw\u00adc3dpdGNo\u00adJTIwJTI4\u00adYXJncyU1\u00adQjAlNUQl\u00adMjklMjAl\u00adN0IlMjBj\u00adYXNlJTIw\u00adJTIyc2Ny\u00adb2xsSW50\u00adb1ZpZXcl\u00adMjIlM0El\u00adMjBpZnJh\u00adbWUuc2Ny\u00adb2xsSW50\u00adb1ZpZXcl\u00adMjglMjkl\u00adM0IlMjBi\u00adcmVhayUz\u00adQiUyMGNh\u00adc2UlMjAl\u00adMjJzZXRI\u00adZWlnaHQl\u00adMjIlM0El\u00adMjBpZnJh\u00adbWUuc3R5\u00adbGUuaGVp\u00adZ2h0JTIw\u00adJTNEJTIw\u00adYXJncyU1\u00adQjElNUQl\u00adMjAlMkIl\u00adMjAlMjJw\u00adeCUyMiUz\u00adQiUyMGJy\u00adZWFrJTNC\u00adJTIwY2Fz\u00adZSUyMCUy\u00adMmNvbGxh\u00adcHNlRXJy\u00adb3JQYWdl\u00adJTIyJTNB\u00adJTIwaWYl\u00adMjAlMjhp\u00adZnJhbWUu\u00adY2xpZW50\u00adSGVpZ2h0\u00adJTIwJTNF\u00adJTIwd2lu\u00adZG93Lmlu\u00adbmVySGVp\u00adZ2h0JTI5\u00adJTIwJTdC\u00adJTIwaWZy\u00adYW1lLnN0\u00adeWxlLmhl\u00adaWdodCUy\u00adMCUzRCUy\u00adMHdpbmRv\u00addy5pbm5l\u00adckhlaWdo\u00addCUyMCUy\u00adQiUyMCUy\u00adMnB4JTIy\u00adJTNCJTIw\u00adJTdEJTIw\u00adYnJlYWsl\u00adM0IlMjBj\u00adYXNlJTIw\u00adJTIycmVs\u00adb2FkUGFn\u00adZSUyMiUz\u00adQSUyMHdp\u00adbmRvdy5s\u00adb2NhdGlv\u00adbi5yZWxv\u00adYWQlMjgl\u00adMjklM0Il\u00adMjBicmVh\u00adayUzQiUy\u00adMGNhc2Ul\u00adMjAlMjJs\u00adb2FkU2Ny\u00adaXB0JTIy\u00adJTNBJTIw\u00adaWYlMjgl\u00adMjAlMjF3\u00adaW5kb3cu\u00adaXNQZXJt\u00adaXR0ZWQl\u00adMjhlLm9y\u00adaWdpbiUy\u00adQyUyMCU1\u00adQiUyN2pv\u00addGZvcm0u\u00adY29tJTI3\u00adJTJDJTIw\u00adJTI3am90\u00adZm9ybS5w\u00adcm8lMjcl\u00adNUQlMjkl\u00adMjAlMjkl\u00adMjAlN0Il\u00adMjBicmVh\u00adayUzQiUy\u00adMCU3RCUy\u00adMHZhciUy\u00adMHNyYyUy\u00adMCUzRCUy\u00adMGFyZ3Ml\u00adNUIxJTVE\u00adJTNCJTIw\u00adaWYlMjAl\u00adMjhhcmdz\u00adLmxlbmd0\u00adaCUyMCUz\u00adRSUyMDMl\u00adMjklMjAl\u00adN0IlMjBz\u00adcmMlMjAl\u00adM0QlMjBh\u00adcmdzJTVC\u00adMSU1RCUy\u00adMCUyQiUy\u00adMCUyNyUz\u00adQSUyNyUy\u00adMCUyQiUy\u00adMGFyZ3Ml\u00adNUIyJTVE\u00adJTNCJTIw\u00adJTdEJTIw\u00addmFyJTIw\u00adc2NyaXB0\u00adJTIwJTNE\u00adJTIwZG9j\u00addW1lbnQu\u00adY3JlYXRl\u00adRWxlbWVu\u00addCUyOCUy\u00adN3Njcmlw\u00addCUyNyUy\u00adOSUzQiUy\u00adMHNjcmlw\u00addC5zcmMl\u00adMjAlM0Ql\u00adMjBzcmMl\u00adM0IlMjBz\u00adY3JpcHQu\u00addHlwZSUy\u00adMCUzRCUy\u00adMCUyN3Rl\u00adeHQlMkZq\u00adYXZhc2Ny\u00adaXB0JTI3\u00adJTNCJTIw\u00adZG9jdW1l\u00adbnQuYm9k\u00adeS5hcHBl\u00adbmRDaGls\u00adZCUyOHNj\u00adcmlwdCUy\u00adOSUzQiUy\u00adMGJyZWFr\u00adJTNCJTIw\u00adY2FzZSUy\u00adMCUyMmV4\u00adaXRGdWxs\u00adc2NyZWVu\u00adJTIyJTNB\u00adJTIwaWYl\u00adMjAlMjh3\u00adaW5kb3cu\u00adZG9jdW1l\u00adbnQuZXhp\u00addEZ1bGxz\u00adY3JlZW4l\u00adMjklMjB3\u00adaW5kb3cu\u00adZG9jdW1l\u00adbnQuZXhp\u00addEZ1bGxz\u00adY3JlZW4l\u00adMjglMjkl\u00adM0IlMjBl\u00adbHNlJTIw\u00adaWYlMjAl\u00adMjh3aW5k\u00adb3cuZG9j\u00addW1lbnQu\u00adbW96Q2Fu\u00adY2VsRnVs\u00adbFNjcmVl\u00adbiUyOSUy\u00adMHdpbmRv\u00addy5kb2N1\u00adbWVudC5t\u00adb3pDYW5j\u00adZWxGdWxs\u00adU2NyZWVu\u00adJTI4JTI5\u00adJTNCJTIw\u00adZWxzZSUy\u00adMGlmJTIw\u00adJTI4d2lu\u00adZG93LmRv\u00adY3VtZW50\u00adLm1vekNh\u00adbmNlbEZ1\u00adbGxzY3Jl\u00adZW4lMjkl\u00adMjB3aW5k\u00adb3cuZG9j\u00addW1lbnQu\u00adbW96Q2Fu\u00adY2VsRnVs\u00adbFNjcmVl\u00adbiUyOCUy\u00adOSUzQiUy\u00adMGVsc2Ul\u00adMjBpZiUy\u00adMCUyOHdp\u00adbmRvdy5k\u00adb2N1bWVu\u00addC53ZWJr\u00adaXRFeGl0\u00adRnVsbHNj\u00adcmVlbiUy\u00adOSUyMHdp\u00adbmRvdy5k\u00adb2N1bWVu\u00addC53ZWJr\u00adaXRFeGl0\u00adRnVsbHNj\u00adcmVlbiUy\u00adOCUyOSUz\u00adQiUyMGVs\u00adc2UlMjBp\u00adZiUyMCUy\u00adOHdpbmRv\u00addy5kb2N1\u00adbWVudC5t\u00adc0V4aXRG\u00addWxsc2Ny\u00adZWVuJTI5\u00adJTIwd2lu\u00adZG93LmRv\u00adY3VtZW50\u00adLm1zRXhp\u00addEZ1bGxz\u00adY3JlZW4l\u00adMjglMjkl\u00adM0IlMjBi\u00adcmVhayUz\u00adQiUyMCU3\u00adRCUyMHZh\u00adciUyMGlz\u00adSm90Rm9y\u00adbSUyMCUz\u00adRCUyMCUy\u00adOGUub3Jp\u00adZ2luLmlu\u00adZGV4T2Yl\u00adMjglMjJq\u00adb3Rmb3Jt\u00adJTIyJTI5\u00adJTIwJTNF\u00adJTIwLTEl\u00adMjklMjAl\u00adM0YlMjB0\u00adcnVlJTIw\u00adJTNBJTIw\u00adZmFsc2Ul\u00adM0IlMjBp\u00adZiUyOGlz\u00adSm90Rm9y\u00adbSUyMCUy\u00adNiUyNiUy\u00adMCUyMmNv\u00adbnRlbnRX\u00adaW5kb3cl\u00adMjIlMjBp\u00adbiUyMGlm\u00adcmFtZSUy\u00adMCUyNiUy\u00adNiUyMCUy\u00adMnBvc3RN\u00adZXNzYWdl\u00adJTIyJTIw\u00adaW4lMjBp\u00adZnJhbWUu\u00adY29udGVu\u00addFdpbmRv\u00addyUyOSUy\u00adMCU3QiUy\u00adMHZhciUy\u00adMHVybHMl\u00adMjAlM0Ql\u00adMjAlN0Il\u00adMjJkb2N1\u00adcmwlMjIl\u00adM0FlbmNv\u00adZGVVUklD\u00adb21wb25l\u00adbnQlMjhk\u00adb2N1bWVu\u00addC5VUkwl\u00adMjklMkMl\u00adMjJyZWZl\u00adcnJlciUy\u00adMiUzQWVu\u00adY29kZVVS\u00adSUNvbXBv\u00adbmVudCUy\u00adOGRvY3Vt\u00adZW50LnJl\u00adZmVycmVy\u00adJTI5JTdE\u00adJTNCJTIw\u00adaWZyYW1l\u00adLmNvbnRl\u00adbnRXaW5k\u00adb3cucG9z\u00addE1lc3Nh\u00adZ2UlMjhK\u00adU09OLnN0\u00adcmluZ2lm\u00adeSUyOCU3\u00adQiUyMnR5\u00adcGUlMjIl\u00adM0ElMjJ1\u00adcmxzJTIy\u00adJTJDJTIy\u00addmFsdWUl\u00adMjIlM0F1\u00adcmxzJTdE\u00adJTI5JTJD\u00adJTIwJTIy\u00adJTJBJTIy\u00adJTI5JTNC\u00adJTIwJTdE\u00adJTIwJTdE\u00adJTNCJTIw\u00add2luZG93\u00adLmlzUGVy\u00adbWl0dGVk\u00adJTIwJTNE\u00adJTIwZnVu\u00adY3Rpb24l\u00adMjhvcmln\u00adaW5Vcmwl\u00adMkMlMjB3\u00adaGl0ZWxp\u00adc3RlZF9k\u00adb21haW5z\u00adJTI5JTIw\u00adJTdCJTIw\u00addmFyJTIw\u00addXJsJTIw\u00adJTNEJTIw\u00adZG9jdW1l\u00adbnQuY3Jl\u00adYXRlRWxl\u00adbWVudCUy\u00adOCUyN2El\u00adMjclMjkl\u00adM0IlMjB1\u00adcmwuaHJl\u00adZiUyMCUz\u00adRCUyMG9y\u00adaWdpblVy\u00adbCUzQiUy\u00adMHZhciUy\u00adMGhvc3Ru\u00adYW1lJTIw\u00adJTNEJTIw\u00addXJsLmhv\u00adc3RuYW1l\u00adJTNCJTIw\u00addmFyJTIw\u00adcmVzdWx0\u00adJTIwJTNE\u00adJTIwZmFs\u00adc2UlM0Il\u00adMjBpZiUy\u00adOCUyMHR5\u00adcGVvZiUy\u00adMGhvc3Ru\u00adYW1lJTIw\u00adJTIxJTNE\u00adJTNEJTIw\u00adJTI3dW5k\u00adZWZpbmVk\u00adJTI3JTIw\u00adJTI5JTIw\u00adJTdCJTIw\u00add2hpdGVs\u00adaXN0ZWRf\u00adZG9tYWlu\u00adcy5mb3JF\u00adYWNoJTI4\u00adZnVuY3Rp\u00adb24lMjhl\u00adbGVtZW50\u00adJTI5JTIw\u00adJTdCJTIw\u00adaWYlMjgl\u00adMjBob3N0\u00adbmFtZS5z\u00adbGljZSUy\u00adOCUyOC0x\u00adJTIwJTJB\u00adJTIwZWxl\u00adbWVudC5s\u00adZW5ndGgl\u00adMjAtJTIw\u00adMSUyOSUy\u00adOSUyMCUz\u00adRCUzRCUz\u00adRCUyMCUy\u00adNy4lMjcu\u00adY29uY2F0\u00adJTI4ZWxl\u00adbWVudCUy\u00adOSUyMCU3\u00adQyU3QyUy\u00adMGhvc3Ru\u00adYW1lJTIw\u00adJTNEJTNE\u00adJTNEJTIw\u00adZWxlbWVu\u00addCUyMCUy\u00adOSUyMCU3\u00adQiUyMHJl\u00adc3VsdCUy\u00adMCUzRCUy\u00adMHRydWUl\u00adM0IlMjAl\u00adN0QlMjAl\u00adN0QlMjkl\u00adM0IlMjBy\u00adZXR1cm4l\u00adMjByZXN1\u00adbHQlM0Il\u00adMjAlN0Ql\u00adMjAlN0Ql\u00adM0IlMjBp\u00adZiUyMCUy\u00adOHdpbmRv\u00addy5hZGRF\u00addmVudExp\u00adc3RlbmVy\u00adJTI5JTIw\u00adJTdCJTIw\u00add2luZG93\u00adLmFkZEV2\u00adZW50TGlz\u00addGVuZXIl\u00adMjglMjJt\u00adZXNzYWdl\u00adJTIyJTJD\u00adJTIwaGFu\u00adZGxlSUZy\u00adYW1lTWVz\u00adc2FnZSUy\u00adQyUyMGZh\u00adbHNlJTI5\u00adJTNCJTIw\u00adJTdEJTIw\u00adZWxzZSUy\u00adMGlmJTIw\u00adJTI4d2lu\u00adZG93LmF0\u00addGFjaEV2\u00adZW50JTI5\u00adJTIwJTdC\u00adJTIwd2lu\u00adZG93LmF0\u00addGFjaEV2\u00adZW50JTI4\u00adJTIyb25t\u00adZXNzYWdl\u00adJTIyJTJD\u00adJTIwaGFu\u00adZGxlSUZy\u00adYW1lTWVz\u00adc2FnZSUy\u00adOSUzQiUy\u00adMCU3RCUy\u00adMCUzQyUy\u00adRnNjcmlw\u00addCUzRQ==[\/vc_raw_h\u00adtml][\/vc_column][\/vc_row]<\/p>\n<\/section>","protected":false},"excerpt":{"rendered":"<p>[vc_row css=\u201d.vc_custo\u00adm_149857\u00ad0726419{padding-top: 35px !important;}\u201d][vc_column el_class=\u201dwow fadeIn delay\u20131\u2033][vc_separ\u00adator][vc_raw_h\u00adtml]JTIwJTND\u00adaWZyYW1l\u00adJTIwaWQl\u00adM0QlMjJK\u00adb3RGb3Jt\u00adSUZyYW1l\u00adLTIyMzA2\u00adNDMwMDk5\u00adODk2MiUy\u00adMiUyMHRp\u00addGxlJTNE\u00adJTIyVjMl\u00adMjBCYSVD\u00adNSU5RnZ1\u00adcnUlMjBG\u00adb3JtdSUy\u00adMiUyMG9u\u00adbG9hZCUz\u00adRCUyMndp\u00adbmRvdy5w\u00adYXJlbnQu\u00adc2Nyb2xs\u00adVG8lMjgw\u00adJTJDMCUy\u00adOSUyMiUy\u00adMGFsbG93\u00addHJhbnNw\u00adYXJlbmN5\u00adJTNEJTIy\u00addHJ1ZSUy\u00adMiUyMGFs\u00adbG93ZnVs\u00adbHNjcmVl\u00adbiUzRCUy\u00adMnRydWUl\u00adMjIlMjBh\u00adbGxvdyUz\u00adRCUyMmdl\u00adb2xvY2F0\u00adaW9uJTNC\u00adJTIwbWlj\u00adcm9waG9u\u00adZSUzQiUy\u00adMGNhbWVy\u00adYSUyMiUy\u00adMHNyYyUz\u00adRCUyMmh0\u00addHBzJTNB\u00adJTJGJTJG\u00adZm9ybS5q\u00adb3Rmb3Jt\u00adLmNvbSUy\u00adRjIyMzA2\u00adNDMwMDk5\u00adODk2MiUy\u00adMiUyMGZy\u00adYW1lYm9y\u00adZGVyJTNE\u00adJTIyMCUy\u00adMiUyMHN0\u00adeWxlJTNE\u00adJTIyJTIw\u00adbWluLXdp\u00adZHRoJTNB\u00adJTIwMTAw\u00adJTI1JTNC\u00adJTIwaGVp\u00adZ2h0JTNB\u00adNTM5cHgl\u00adM0IlMjBi\u00adb3JkZXIl\u00adM0Fub25l\u00adJTNCJTIy\u00adJTIwc2Ny\u00adb2xsaW5n\u00adJTNEJTIy\u00adbm8lMjIl\u00adMjAlM0Ul\u00adMjAlM0Ml\u00adMkZpZnJh\u00adbWUlM0Ul\u00adMjAlM0Nz\u00adY3JpcHQl\u00adMjB0eXBl\u00adJTNEJTIy\u00addGV4dCUy\u00adRmphdmFz\u00adY3JpcHQl\u00adMjIlM0Ul\u00adMjB2YXIl\u00adMjBpZnIl\u00adMjAlM0Ql\u00adMjBkb2N1\u00adbWVudC5n\u00adZXRFbGVt\u00adZW50QnlJ\u00adZCUyOCUy\u00adMkpvdEZv\u00adcm1JRnJh\u00adbWUtMjIz\u00adMDY0MzAw\u00adOTk4OTYy\u00adJTIyJTI5\u00adJTNCJTIw\u00adaWYlMjAl\u00adMjhpZnIl\u00adMjklMjAl\u00adN0IlMjB2\u00adYXIlMjBz\u00adcmMlMjAl\u00adM0QlMjBp\u00adZnIuc3Jj\u00adJTNCJTIw\u00addmFyJTIw\u00adaWZyYW1l\u00adUGFyYW1z\u00adJTIwJTNE\u00adJTIwJTVC\u00adJTVEJTNC\u00adJTIwaWYl\u00adMjAlMjh3\u00adaW5kb3cu\u00adbG9jYXRp\u00adb24uaHJl\u00adZiUyMCUy\u00adNiUyNiUy\u00adMHdpbmRv\u00addy5sb2Nh\u00addGlvbi5o\u00adcmVmLmlu\u00adZGV4T2Yl\u00adMjglMjIl\u00adM0YlMjIl\u00adMjklMjAl\u00adM0UlMjAt\u00adMSUyOSUy\u00adMCU3QiUy\u00adMGlmcmFt\u00adZVBhcmFt\u00adcyUyMCUz\u00adRCUyMGlm\u00adcmFtZVBh\u00adcmFtcy5j\u00adb25jYXQl\u00adMjh3aW5k\u00adb3cubG9j\u00adYXRpb24u\u00adaHJlZi5z\u00addWJzdHIl\u00adMjh3aW5k\u00adb3cubG9j\u00adYXRpb24u\u00adaHJlZi5p\u00adbmRleE9m\u00adJTI4JTIy\u00adJTNGJTIy\u00adJTI5JTIw\u00adJTJCJTIw\u00adMSUyOS5z\u00adcGxpdCUy\u00adOCUyNyUy\u00adNiUyNyUy\u00adOSUyOSUz\u00adQiUyMCU3\u00adRCUyMGlm\u00adJTIwJTI4\u00adc3JjJTIw\u00adJTI2JTI2\u00adJTIwc3Jj\u00adLmluZGV4\u00adT2YlMjgl\u00adMjIlM0Yl\u00adMjIlMjkl\u00adMjAlM0Ul\u00adMjAtMSUy\u00adOSUyMCU3\u00adQiUyMGlm\u00adcmFtZVBh\u00adcmFtcyUy\u00adMCUzRCUy\u00adMGlmcmFt\u00adZVBhcmFt\u00adcy5jb25j\u00adYXQlMjhz\u00adcmMuc3Vi\u00adc3RyJTI4\u00adc3JjLmlu\u00adZGV4T2Yl\u00adMjglMjIl\u00adM0YlMjIl\u00adMjklMjAl\u00adMkIlMjAx\u00adJTI5LnNw\u00adbGl0JTI4\u00adJTIyJTI2\u00adJTIyJTI5\u00adJTI5JTNC\u00adJTIwc3Jj\u00adJTIwJTNE\u00adJTIwc3Jj\u00adLnN1YnN0\u00adciUyODAl\u00adMkMlMjBz\u00adcmMuaW5k\u00adZXhPZiUy\u00adOCUyMiUz\u00adRiUyMiUy\u00adOSUyOSUy\u00adMCU3RCUy\u00adMGlmcmFt\u00adZVBhcmFt\u00adcy5wdXNo\u00adJTI4JTIy\u00adaXNJZnJh\u00adbWVFbWJl\u00adZCUzRDEl\u00adMjIlMjkl\u00adM0IlMjBp\u00adZnIuc3Jj\u00adJTIwJTNE\u00adJTIwc3Jj\u00adJTIwJTJC\u00adJTIwJTIy\u00adJTNGJTIy\u00adJTIwJTJC\u00adJTIwaWZy\u00adYW1lUGFy\u00adYW1zLmpv\u00adaW4lMjgl\u00adMjclMjYl\u00adMjclMjkl\u00adM0IlMjAl\u00adN0QlMjB3\u00adaW5kb3cu\u00adaGFuZGxl\u00adSUZyYW1l\u00adTWVzc2Fn\u00adZSUyMCUz\u00adRCUyMGZ1\u00adbmN0aW9u\u00adJTI4ZSUy\u00adOSUyMCU3\u00adQiUyMGlm\u00adJTIwJTI4\u00addHlwZW9m\u00adJTIwZS5k\u00adYXRhJTIw\u00adJTNEJTNE\u00adJTNEJTIw\u00adJTI3b2Jq\u00adZWN0JTI3\u00adJTI5JTIw\u00adJTdCJTIw\u00adcmV0dXJu\u00adJTNCJTIw\u00adJTdEJTIw\u00addmFyJTIw\u00adYXJncyUy\u00adMCUzRCUy\u00adMGUuZGF0\u00adYS5zcGxp\u00addCUyOCUy\u00adMiUzQSUy\u00adMiUyOSUz\u00adQiUyMGlm\u00adJTIwJTI4\u00adYXJncy5s\u00adZW5ndGgl\u00adMjAlM0Ul\u00adMjAyJTI5\u00adJTIwJTdC\u00adJTIwaWZy\u00adYW1lJTIw\u00adJTNEJTIw\u00adZG9jdW1l\u00adbnQuZ2V0\u00adRWxlbWVu\u00addEJ5SWQl\u00adMjglMjJK\u00adb3RGb3Jt\u00adSUZyYW1l\u00adLSUyMiUy\u00adMCUyQiUy\u00adMGFyZ3Ml\u00adNUIlMjhh\u00adcmdzLmxl\u00adbmd0aCUy\u00adMC0lMjAx\u00adJTI5JTVE\u00adJTI5JTNC\u00adJTIwJTdE\u00adJTIwZWxz\u00adZSUyMCU3\u00adQiUyMGlm\u00adcmFtZSUy\u00adMCUzRCUy\u00adMGRvY3Vt\u00adZW50Lmdl\u00addEVsZW1l\u00adbnRCeUlk\u00adJTI4JTIy\u00adSm90Rm9y\u00adbUlGcmFt\u00adZSUyMiUy\u00adOSUzQiUy\u00adMCU3RCUy\u00adMGlmJTIw\u00adJTI4JTIx\u00adaWZyYW1l\u00adJTI5JTIw\u00adJTdCJTIw\u00adcmV0dXJu\u00adJTNCJTIw\u00adJTdEJTIw\u00adc3dpdGNo\u00adJTIwJTI4\u00adYXJncyU1\u00adQjAlNUQl\u00adMjklMjAl\u00adN0IlMjBj\u00adYXNlJTIw\u00adJTIyc2Ny\u00adb2xsSW50\u00adb1ZpZXcl\u00adMjIlM0El\u00adMjBpZnJh\u00adbWUuc2Ny\u00adb2xsSW50\u00adb1ZpZXcl\u00adMjglMjkl\u00adM0IlMjBi\u00adcmVhayUz\u00adQiUyMGNh\u00adc2UlMjAl\u00adMjJzZXRI\u00adZWlnaHQl\u00adMjIlM0El\u00adMjBpZnJh\u00adbWUuc3R5\u00adbGUuaGVp\u00adZ2h0JTIw\u00adJTNEJTIw\u00adYXJncyU1\u00adQjElNUQl\u00adMjAlMkIl\u00adMjAlMjJw\u00adeCUyMiUz\u00adQiUyMGJy\u00adZWFrJTNC\u00adJTIwY2Fz\u00adZSUyMCUy\u00adMmNvbGxh\u00adcHNlRXJy\u00adb3JQYWdl\u00adJTIyJTNB\u00adJTIwaWYl\u00adMjAlMjhp\u00adZnJhbWUu\u00adY2xpZW50\u00adSGVpZ2h0\u00adJTIwJTNF\u00adJTIwd2lu\u00adZG93Lmlu\u00adbmVySGVp\u00adZ2h0JTI5\u00adJTIwJTdC\u00adJTIwaWZy\u00adYW1lLnN0\u00adeWxlLmhl\u00adaWdodCUy\u00adMCUzRCUy\u00adMHdpbmRv\u00addy5pbm5l\u00adckhlaWdo\u00addCUyMCUy\u00adQiUyMCUy\u00adMnB4JTIy\u00adJTNCJTIw\u00adJTdEJTIw\u00adYnJlYWsl\u00adM0IlMjBj\u00adYXNlJTIw\u00adJTIycmVs\u00adb2FkUGFn\u00adZSUyMiUz\u00adQSUyMHdp\u00adbmRvdy5s\u00adb2NhdGlv\u00adbi5yZWxv\u00adYWQlMjgl\u00adMjklM0Il\u00adMjBicmVh\u00adayUzQiUy\u00adMGNhc2Ul\u00adMjAlMjJs\u00adb2FkU2Ny\u00adaXB0JTIy\u00adJTNBJTIw\u00adaWYlMjgl\u00adMjAlMjF3\u00adaW5kb3cu\u00adaXNQZXJt\u00adaXR0ZWQl\u00adMjhlLm9y\u00adaWdpbiUy\u00adQyUyMCU1\u00adQiUyN2pv\u00addGZvcm0u\u00adY29tJTI3\u00adJTJDJTIw\u00adJTI3am90\u00adZm9ybS5w\u00adcm8lMjcl\u00adNUQlMjkl\u00adMjAlMjkl\u00adMjAlN0Il\u00adMjBicmVh\u00adayUzQiUy\u00adMCU3RCUy\u00adMHZhciUy\u00adMHNyYyUy\u00adMCUzRCUy\u00adMGFyZ3Ml\u00adNUIxJTVE\u00adJTNCJTIw\u00adaWYlMjAl\u00adMjhhcmdz\u00adLmxlbmd0\u00adaCUyMCUz\u00adRSUyMDMl\u00adMjklMjAl\u00adN0IlMjBz\u00adcmMlMjAl\u00adM0QlMjBh\u00adcmdzJTVC\u00adMSU1RCUy\u00adMCUyQiUy\u00adMCUyNyUz\u00adQSUyNyUy\u00adMCUyQiUy\u00adMGFyZ3Ml\u00adNUIyJTVE\u00adJTNCJTIw\u00adJTdEJTIw\u00addmFyJTIw\u00adc2NyaXB0\u00adJTIwJTNE\u00adJTIwZG9j\u00addW1lbnQu\u00adY3JlYXRl\u00adRWxlbWVu\u00addCUyOCUy\u00adN3Njcmlw\u00addCUyNyUy\u00adOSUzQiUy\u00adMHNjcmlw\u00addC5zcmMl\u00adMjAlM0Ql\u00adMjBzcmMl\u00adM0IlMjBz\u00adY3JpcHQu\u00addHlwZSUy\u00adMCUzRCUy\u00adMCUyN3Rl\u00adeHQlMkZq\u00adYXZhc2Ny\u00adaXB0JTI3\u00adJTNCJTIw\u00adZG9jdW1l\u00adbnQuYm9k\u00adeS5hcHBl\u00adbmRDaGls\u00adZCUyOHNj\u00adcmlwdCUy\u00adOSUzQiUy\u00adMGJyZWFr\u00adJTNCJTIw\u00adY2FzZSUy\u00adMCUyMmV4\u00adaXRGdWxs\u00adc2NyZWVu\u00adJTIyJTNB\u00adJTIwaWYl\u00adMjAlMjh3\u00adaW5kb3cu\u00adZG9jdW1l\u00adbnQuZXhp\u00addEZ1bGxz\u00adY3JlZW4l\u00adMjklMjB3\u00adaW5kb3cu\u00adZG9jdW1l\u00adbnQuZXhp\u00addEZ1bGxz\u00adY3JlZW4l\u00adMjglMjkl\u00adM0IlMjBl\u00adbHNlJTIw\u00adaWYlMjAl\u00adMjh3aW5k\u00adb3cuZG9j\u00addW1lbnQu\u00adbW96Q2Fu\u00adY2VsRnVs\u00adbFNjcmVl\u00adbiUyOSUy\u00adMHdpbmRv\u00addy5kb2N1\u00adbWVudC5t\u00adb3pDYW5j\u00adZWxGdWxs\u00adU2NyZWVu\u00adJTI4JTI5\u00adJTNCJTIw\u00adZWxzZSUy\u00adMGlmJTIw\u00adJTI4d2lu\u00adZG93LmRv\u00adY3VtZW50\u00adLm1vekNh\u00adbmNlbEZ1\u00adbGxzY3Jl\u00adZW4lMjkl\u00adMjB3aW5k\u00adb3cuZG9j\u00addW1lbnQu\u00adbW96Q2Fu\u00adY2VsRnVs\u00adbFNjcmVl\u00adbiUyOCUy\u00adOSUzQiUy\u00adMGVsc2Ul\u00adMjBpZiUy\u00adMCUyOHdp\u00adbmRvdy5k\u00adb2N1bWVu\u00addC53ZWJr\u00adaXRFeGl0\u00adRnVsbHNj\u00adcmVlbiUy\u00adOSUyMHdp\u00adbmRvdy5k\u00adb2N1bWVu\u00addC53ZWJr\u00adaXRFeGl0\u00adRnVsbHNj\u00adcmVlbiUy\u00adOCUyOSUz\u00adQiUyMGVs\u00adc2UlMjBp\u00adZiUyMCUy\u00adOHdpbmRv\u00addy5kb2N1\u00adbWVudC5t\u00adc0V4aXRG\u00addWxsc2Ny\u00adZWVuJTI5\u00adJTIwd2lu\u00adZG93LmRv\u00adY3VtZW50\u00adLm1zRXhp\u00addEZ1bGxz\u00adY3JlZW4l\u00adMjglMjkl\u00adM0IlMjBi\u00adcmVhayUz\u00adQiUyMCU3\u00adRCUyMHZh\u00adciUyMGlz\u00adSm90Rm9y\u00adbSUyMCUz\u00adRCUyMCUy\u00adOGUub3Jp\u00adZ2luLmlu\u00adZGV4T2Yl\u00adMjglMjJq\u00adb3Rmb3Jt\u00adJTIyJTI5\u00adJTIwJTNF\u00adJTIwLTEl\u00adMjklMjAl\u00adM0YlMjB0\u00adcnVlJTIw\u00adJTNBJTIw\u00adZmFsc2Ul\u00adM0IlMjBp\u00adZiUyOGlz\u00adSm90Rm9y\u00adbSUyMCUy\u00adNiUyNiUy\u00adMCUyMmNv\u00adbnRlbnRX\u00adaW5kb3cl\u00adMjIlMjBp\u00adbiUyMGlm\u00adcmFtZSUy\u00adMCUyNiUy\u00adNiUyMCUy\u00adMnBvc3RN\u00adZXNzYWdl\u00adJTIyJTIw\u00adaW4lMjBp\u00adZnJhbWUu\u00adY29udGVu\u00addFdpbmRv\u00addyUyOSUy\u00adMCU3QiUy\u00adMHZhciUy\u00adMHVybHMl\u00adMjAlM0Ql\u00adMjAlN0Il\u00adMjJkb2N1\u00adcmwlMjIl\u00adM0FlbmNv\u00adZGVVUklD\u00adb21wb25l\u00adbnQlMjhk\u00adb2N1bWVu\u00addC5VUkwl\u00adMjklMkMl\u00adMjJyZWZl\u00adcnJlciUy\u00adMiUzQWVu\u00adY29kZVVS\u00adSUNvbXBv\u00adbmVudCUy\u00adOGRvY3Vt\u00adZW50LnJl\u00adZmVycmVy\u00adJTI5JTdE\u00adJTNCJTIw\u00adaWZyYW1l\u00adLmNvbnRl\u00adbnRXaW5k\u00adb3cucG9z\u00addE1lc3Nh\u00adZ2UlMjhK\u00adU09OLnN0\u00adcmluZ2lm\u00adeSUyOCU3\u00adQiUyMnR5\u00adcGUlMjIl\u00adM0ElMjJ1\u00adcmxzJTIy\u00adJTJDJTIy\u00addmFsdWUl\u00adMjIlM0F1\u00adcmxzJTdE\u00adJTI5JTJD\u00adJTIwJTIy\u00adJTJBJTIy\u00adJTI5JTNC\u00adJTIwJTdE\u00adJTIwJTdE\u00adJTNCJTIw\u00add2luZG93\u00adLmlzUGVy\u00adbWl0dGVk\u00adJTIwJTNE\u00adJTIwZnVu\u00adY3Rpb24l\u00adMjhvcmln\u00adaW5Vcmwl\u00adMkMlMjB3\u00adaGl0ZWxp\u00adc3RlZF9k\u00adb21haW5z\u00adJTI5JTIw\u00adJTdCJTIw\u00addmFyJTIw\u00addXJsJTIw\u00adJTNEJTIw\u00adZG9jdW1l\u00adbnQuY3Jl\u00adYXRlRWxl\u00adbWVudCUy\u00adOCUyN2El\u00adMjclMjkl\u00adM0IlMjB1\u00adcmwuaHJl\u00adZiUyMCUz\u00adRCUyMG9y\u00adaWdpblVy\u00adbCUzQiUy\u00adMHZhciUy\u00adMGhvc3Ru\u00adYW1lJTIw\u00adJTNEJTIw\u00addXJsLmhv\u00adc3RuYW1l\u00adJTNCJTIw\u00addmFyJTIw\u00adcmVzdWx0\u00adJTIwJTNE\u00adJTIwZmFs\u00adc2UlM0Il\u00adMjBpZiUy\u00adOCUyMHR5\u00adcGVvZiUy\u00adMGhvc3Ru\u00adYW1lJTIw\u00adJTIxJTNE\u00adJTNEJTIw\u00adJTI3dW5k\u00adZWZpbmVk\u00adJTI3JTIw\u00adJTI5JTIw\u00adJTdCJTIw\u00add2hpdGVs\u00adaXN0ZWRf\u00adZG9tYWlu\u00adcy5mb3JF\u00adYWNoJTI4\u00adZnVuY3Rp\u00adb24lMjhl\u00adbGVtZW50\u00adJTI5JTIw\u00adJTdCJTIw\u00adaWYlMjgl\u00adMjBob3N0\u00adbmFtZS5z\u00adbGljZSUy\u00adOCUyOC0x\u00adJTIwJTJB\u00adJTIwZWxl\u00adbWVudC5s\u00adZW5ndGgl\u00adMjAtJTIw\u00adMSUyOSUy\u00adOSUyMCUz\u00adRCUzRCUz\u00adRCUyMCUy\u00adNy4lMjcu\u00adY29uY2F0\u00adJTI4ZWxl\u00adbWVudCUy\u00adOSUyMCU3\u00adQyU3QyUy\u00adMGhvc3Ru\u00adYW1lJTIw\u00adJTNEJTNE\u00adJTNEJTIw\u00adZWxlbWVu\u00addCUyMCUy\u00adOSUyMCU3\u00adQiUyMHJl\u00adc3VsdCUy\u00adMCUzRCUy\u00adMHRydWUl\u00adM0IlMjAl\u00adN0QlMjAl\u00adN0QlMjkl\u00adM0IlMjBy\u00adZXR1cm4l\u00adMjByZXN1\u00adbHQlM0Il\u00adMjAlN0Ql\u00adMjAlN0Ql\u00adM0IlMjBp\u00adZiUyMCUy\u00adOHdpbmRv\u00addy5hZGRF\u00addmVudExp\u00adc3RlbmVy\u00adJTI5JTIw\u00adJTdCJTIw\u00add2luZG93\u00adLmFkZEV2\u00adZW50TGlz\u00addGVuZXIl\u00adMjglMjJt\u00adZXNzYWdl\u00adJTIyJTJD\u00adJTIwaGFu\u00adZGxlSUZy\u00adYW1lTWVz\u00adc2FnZSUy\u00adQyUyMGZh\u00adbHNlJTI5\u00adJTNCJTIw\u00adJTdEJTIw\u00adZWxzZSUy\u00adMGlmJTIw\u00adJTI4d2lu\u00adZG93LmF0\u00addGFjaEV2\u00adZW50JTI5\u00adJTIwJTdC\u00adJTIwd2lu\u00adZG93LmF0\u00addGFjaEV2\u00adZW50JTI4\u00adJTIyb25t\u00adZXNzYWdl\u00adJTIyJTJD\u00adJTIwaGFu\u00adZGxlSUZy\u00adYW1lTWVz\u00adc2FnZSUy\u00adOSUzQiUy\u00adMCU3RCUy\u00adMCUzQyUy\u00adRnNjcmlw\u00addCUzRQ==[\/vc_raw_h\u00adtml][\/vc_column][\/vc_row]<\/p>\n","protected":false},"author":3,"featured_media":0,"parent":0,"menu_order":0,"comment_status":"closed","ping_status":"closed","template":"page-full-width.php","meta":{"footnotes":""},"class_list":["post-75977","page","type-page","status-publish","hentry"],"_links":{"self":[{"href":"https:\/\/www.mikropor.com\/tr\/wp-json\/wp\/v2\/pages\/75977","targetHints":{"allow":["GET"]}}],"collection":[{"href":"https:\/\/www.mikropor.com\/tr\/wp-json\/wp\/v2\/pages"}],"about":[{"href":"https:\/\/www.mikropor.com\/tr\/wp-json\/wp\/v2\/types\/page"}],"author":[{"embeddable":true,"href":"https:\/\/www.mikropor.com\/tr\/wp-json\/wp\/v2\/users\/3"}],"replies":[{"embeddable":true,"href":"https:\/\/www.mikropor.com\/tr\/wp-json\/wp\/v2\/comments?post=75977"}],"version-history":[{"count":0,"href":"https:\/\/www.mikropor.com\/tr\/wp-json\/wp\/v2\/pages\/75977\/revisions"}],"wp:attachment":[{"href":"https:\/\/www.mikropor.com\/tr\/wp-json\/wp\/v2\/media?parent=75977"}],"curies":[{"name":"wp","href":"https:\/\/api.w.org\/{rel}","templated":true}]}}