{"id":76356,"date":"2023-04-13T17:39:43","date_gmt":"2023-04-13T14:39:43","guid":{"rendered":"https:\/\/www.mikropor.com\/?page_id=76356"},"modified":"2023-04-15T15:50:55","modified_gmt":"2023-04-15T12:50:55","slug":"fuar-katilimci-formu","status":"publish","type":"page","link":"https:\/\/www.mikropor.com\/tr\/fuar-katilimci-formu\/","title":{"rendered":"Fuar Kat\u0131l\u0131mc\u0131 Formu"},"content":{"rendered":"<section class=\"wpb-content-wrapper\"><p>[vc_row][vc_column][vc_raw_h\u00adtml]JTIwJTND\u00adaWZyYW1l\u00adJTIwaWQl\u00adM0QlMjJK\u00adb3RGb3Jt\u00adSUZyYW1l\u00adLTIzMTAy\u00adMzkxOTA3\u00adNjk1OSUy\u00adMiUyMHRp\u00addGxlJTNE\u00adJTIyRnVh\u00adciUyMEth\u00addCVDNCVC\u00adMWwlQzQl\u00adQjFtYyVD\u00adNCVCMSUy\u00adMEZvcm11\u00adJTIyJTIw\u00adb25sb2Fk\u00adJTNEJTIy\u00add2luZG93\u00adLnBhcmVu\u00addC5zY3Jv\u00adbGxUbyUy\u00adODAlMkMw\u00adJTI5JTIy\u00adJTIwYWxs\u00adb3d0cmFu\u00adc3BhcmVu\u00adY3klM0Ql\u00adMjJ0cnVl\u00adJTIyJTIw\u00adYWxsb3dm\u00addWxsc2Ny\u00adZWVuJTNE\u00adJTIydHJ1\u00adZSUyMiUy\u00adMGFsbG93\u00adJTNEJTIy\u00adZ2VvbG9j\u00adYXRpb24l\u00adM0IlMjBt\u00adaWNyb3Bo\u00adb25lJTNC\u00adJTIwY2Ft\u00adZXJhJTIy\u00adJTIwc3Jj\u00adJTNEJTIy\u00adaHR0cHMl\u00adM0ElMkYl\u00adMkZmb3Jt\u00adLmpvdGZv\u00adcm0uY29t\u00adJTJGMjMx\u00adMDIzOTE5\u00adMDc2OTU5\u00adJTIyJTIw\u00adZnJhbWVi\u00adb3JkZXIl\u00adM0QlMjIw\u00adJTIyJTIw\u00adc3R5bGUl\u00adM0QlMjJt\u00adaW4td2lk\u00addGglM0Ex\u00adMDAlMjUl\u00adM0JtYXgt\u00add2lkdGgl\u00adM0ExMDAl\u00adMjUlM0Jo\u00adZWlnaHQl\u00adM0E1Mzlw\u00adeCUzQmJv\u00adcmRlciUz\u00adQW5vbmUl\u00adM0IlMjIl\u00adMjBzY3Jv\u00adbGxpbmcl\u00adM0QlMjJu\u00adbyUyMiUy\u00adMCUzRSUy\u00adMCUzQyUy\u00adRmlmcmFt\u00adZSUzRSUy\u00adMCUzQ3Nj\u00adcmlwdCUy\u00adMHR5cGUl\u00adM0QlMjJ0\u00adZXh0JTJG\u00adamF2YXNj\u00adcmlwdCUy\u00adMiUzRSUy\u00adMHZhciUy\u00adMGlmciUy\u00adMCUzRCUy\u00adMGRvY3Vt\u00adZW50Lmdl\u00addEVsZW1l\u00adbnRCeUlk\u00adJTI4JTIy\u00adSm90Rm9y\u00adbUlGcmFt\u00adZS0yMzEw\u00adMjM5MTkw\u00adNzY5NTkl\u00adMjIlMjkl\u00adM0IlMjBp\u00adZiUyMCUy\u00adOGlmciUy\u00adOSUyMCU3\u00adQiUyMHZh\u00adciUyMHNy\u00adYyUyMCUz\u00adRCUyMGlm\u00adci5zcmMl\u00adM0IlMjB2\u00adYXIlMjBp\u00adZnJhbWVQ\u00adYXJhbXMl\u00adMjAlM0Ql\u00adMjAlNUIl\u00adNUQlM0Il\u00adMjBpZiUy\u00adMCUyOHdp\u00adbmRvdy5s\u00adb2NhdGlv\u00adbi5ocmVm\u00adJTIwJTI2\u00adJTI2JTIw\u00add2luZG93\u00adLmxvY2F0\u00adaW9uLmhy\u00adZWYuaW5k\u00adZXhPZiUy\u00adOCUyMiUz\u00adRiUyMiUy\u00adOSUyMCUz\u00adRSUyMC0x\u00adJTI5JTIw\u00adJTdCJTIw\u00adaWZyYW1l\u00adUGFyYW1z\u00adJTIwJTNE\u00adJTIwaWZy\u00adYW1lUGFy\u00adYW1zLmNv\u00adbmNhdCUy\u00adOHdpbmRv\u00addy5sb2Nh\u00addGlvbi5o\u00adcmVmLnN1\u00adYnN0ciUy\u00adOHdpbmRv\u00addy5sb2Nh\u00addGlvbi5o\u00adcmVmLmlu\u00adZGV4T2Yl\u00adMjglMjIl\u00adM0YlMjIl\u00adMjklMjAl\u00adMkIlMjAx\u00adJTI5LnNw\u00adbGl0JTI4\u00adJTI3JTI2\u00adJTI3JTI5\u00adJTI5JTNC\u00adJTIwJTdE\u00adJTIwaWYl\u00adMjAlMjhz\u00adcmMlMjAl\u00adMjYlMjYl\u00adMjBzcmMu\u00adaW5kZXhP\u00adZiUyOCUy\u00adMiUzRiUy\u00adMiUyOSUy\u00adMCUzRSUy\u00adMC0xJTI5\u00adJTIwJTdC\u00adJTIwaWZy\u00adYW1lUGFy\u00adYW1zJTIw\u00adJTNEJTIw\u00adaWZyYW1l\u00adUGFyYW1z\u00adLmNvbmNh\u00addCUyOHNy\u00adYy5zdWJz\u00addHIlMjhz\u00adcmMuaW5k\u00adZXhPZiUy\u00adOCUyMiUz\u00adRiUyMiUy\u00adOSUyMCUy\u00adQiUyMDEl\u00adMjkuc3Bs\u00adaXQlMjgl\u00adMjIlMjYl\u00adMjIlMjkl\u00adMjklM0Il\u00adMjBzcmMl\u00adMjAlM0Ql\u00adMjBzcmMu\u00adc3Vic3Ry\u00adJTI4MCUy\u00adQyUyMHNy\u00adYy5pbmRl\u00adeE9mJTI4\u00adJTIyJTNG\u00adJTIyJTI5\u00adJTI5JTIw\u00adJTdEJTIw\u00adaWZyYW1l\u00adUGFyYW1z\u00adLnB1c2gl\u00adMjglMjJp\u00adc0lmcmFt\u00adZUVtYmVk\u00adJTNEMSUy\u00adMiUyOSUz\u00adQiUyMGlm\u00adci5zcmMl\u00adMjAlM0Ql\u00adMjBzcmMl\u00adMjAlMkIl\u00adMjAlMjIl\u00adM0YlMjIl\u00adMjAlMkIl\u00adMjBpZnJh\u00adbWVQYXJh\u00adbXMuam9p\u00adbiUyOCUy\u00adNyUyNiUy\u00adNyUyOSUz\u00adQiUyMCU3\u00adRCUyMHdp\u00adbmRvdy5o\u00adYW5kbGVJ\u00adRnJhbWVN\u00adZXNzYWdl\u00adJTIwJTNE\u00adJTIwZnVu\u00adY3Rpb24l\u00adMjhlJTI5\u00adJTIwJTdC\u00adJTIwaWYl\u00adMjAlMjh0\u00adeXBlb2Yl\u00adMjBlLmRh\u00addGElMjAl\u00adM0QlM0Ql\u00adM0QlMjAl\u00adMjdvYmpl\u00adY3QlMjcl\u00adMjklMjAl\u00adN0IlMjBy\u00adZXR1cm4l\u00adM0IlMjAl\u00adN0QlMjB2\u00adYXIlMjBh\u00adcmdzJTIw\u00adJTNEJTIw\u00adZS5kYXRh\u00adLnNwbGl0\u00adJTI4JTIy\u00adJTNBJTIy\u00adJTI5JTNC\u00adJTIwaWYl\u00adMjAlMjhh\u00adcmdzLmxl\u00adbmd0aCUy\u00adMCUzRSUy\u00adMDIlMjkl\u00adMjAlN0Il\u00adMjBpZnJh\u00adbWUlMjAl\u00adM0QlMjBk\u00adb2N1bWVu\u00addC5nZXRF\u00adbGVtZW50\u00adQnlJZCUy\u00adOCUyMkpv\u00addEZvcm1J\u00adRnJhbWUt\u00adJTIyJTIw\u00adJTJCJTIw\u00adYXJncyU1\u00adQiUyOGFy\u00adZ3MubGVu\u00adZ3RoJTIw\u00adLSUyMDEl\u00adMjklNUQl\u00adMjklM0Il\u00adMjAlN0Ql\u00adMjBlbHNl\u00adJTIwJTdC\u00adJTIwaWZy\u00adYW1lJTIw\u00adJTNEJTIw\u00adZG9jdW1l\u00adbnQuZ2V0\u00adRWxlbWVu\u00addEJ5SWQl\u00adMjglMjJK\u00adb3RGb3Jt\u00adSUZyYW1l\u00adJTIyJTI5\u00adJTNCJTIw\u00adJTdEJTIw\u00adaWYlMjAl\u00adMjglMjFp\u00adZnJhbWUl\u00adMjklMjAl\u00adN0IlMjBy\u00adZXR1cm4l\u00adM0IlMjAl\u00adN0QlMjBz\u00add2l0Y2gl\u00adMjAlMjhh\u00adcmdzJTVC\u00adMCU1RCUy\u00adOSUyMCU3\u00adQiUyMGNh\u00adc2UlMjAl\u00adMjJzY3Jv\u00adbGxJbnRv\u00adVmlldyUy\u00adMiUzQSUy\u00adMGlmcmFt\u00adZS5zY3Jv\u00adbGxJbnRv\u00adVmlldyUy\u00adOCUyOSUz\u00adQiUyMGJy\u00adZWFrJTNC\u00adJTIwY2Fz\u00adZSUyMCUy\u00adMnNldEhl\u00adaWdodCUy\u00adMiUzQSUy\u00adMGlmcmFt\u00adZS5zdHls\u00adZS5oZWln\u00adaHQlMjAl\u00adM0QlMjBh\u00adcmdzJTVC\u00adMSU1RCUy\u00adMCUyQiUy\u00adMCUyMnB4\u00adJTIyJTNC\u00adJTIwaWYl\u00adMjAlMjgl\u00adMjFpc05h\u00adTiUyOGFy\u00adZ3MlNUIx\u00adJTVEJTI5\u00adJTIwJTI2\u00adJTI2JTIw\u00adcGFyc2VJ\u00adbnQlMjhp\u00adZnJhbWUu\u00adc3R5bGUu\u00adbWluSGVp\u00adZ2h0JTI5\u00adJTIwJTNF\u00adJTIwcGFy\u00adc2VJbnQl\u00adMjhhcmdz\u00adJTVCMSU1\u00adRCUyOSUy\u00adOSUyMCU3\u00adQiUyMGlm\u00adcmFtZS5z\u00addHlsZS5t\u00adaW5IZWln\u00adaHQlMjAl\u00adM0QlMjBh\u00adcmdzJTVC\u00adMSU1RCUy\u00adMCUyQiUy\u00adMCUyMnB4\u00adJTIyJTNC\u00adJTIwJTdE\u00adJTIwYnJl\u00adYWslM0Il\u00adMjBjYXNl\u00adJTIwJTIy\u00adY29sbGFw\u00adc2VFcnJv\u00adclBhZ2Ul\u00adMjIlM0El\u00adMjBpZiUy\u00adMCUyOGlm\u00adcmFtZS5j\u00adbGllbnRI\u00adZWlnaHQl\u00adMjAlM0Ul\u00adMjB3aW5k\u00adb3cuaW5u\u00adZXJIZWln\u00adaHQlMjkl\u00adMjAlN0Il\u00adMjBpZnJh\u00adbWUuc3R5\u00adbGUuaGVp\u00adZ2h0JTIw\u00adJTNEJTIw\u00add2luZG93\u00adLmlubmVy\u00adSGVpZ2h0\u00adJTIwJTJC\u00adJTIwJTIy\u00adcHglMjIl\u00adM0IlMjAl\u00adN0QlMjBi\u00adcmVhayUz\u00adQiUyMGNh\u00adc2UlMjAl\u00adMjJyZWxv\u00adYWRQYWdl\u00adJTIyJTNB\u00adJTIwd2lu\u00adZG93Lmxv\u00adY2F0aW9u\u00adLnJlbG9h\u00adZCUyOCUy\u00adOSUzQiUy\u00adMGJyZWFr\u00adJTNCJTIw\u00adY2FzZSUy\u00adMCUyMmxv\u00adYWRTY3Jp\u00adcHQlMjIl\u00adM0ElMjBp\u00adZiUyOCUy\u00adMCUyMXdp\u00adbmRvdy5p\u00adc1Blcm1p\u00addHRlZCUy\u00adOGUub3Jp\u00adZ2luJTJD\u00adJTIwJTVC\u00adJTI3am90\u00adZm9ybS5j\u00adb20lMjcl\u00adMkMlMjAl\u00adMjdqb3Rm\u00adb3JtLnBy\u00adbyUyNyU1\u00adRCUyOSUy\u00adMCUyOSUy\u00adMCU3QiUy\u00adMGJyZWFr\u00adJTNCJTIw\u00adJTdEJTIw\u00addmFyJTIw\u00adc3JjJTIw\u00adJTNEJTIw\u00adYXJncyU1\u00adQjElNUQl\u00adM0IlMjBp\u00adZiUyMCUy\u00adOGFyZ3Mu\u00adbGVuZ3Ro\u00adJTIwJTNF\u00adJTIwMyUy\u00adOSUyMCU3\u00adQiUyMHNy\u00adYyUyMCUz\u00adRCUyMGFy\u00adZ3MlNUIx\u00adJTVEJTIw\u00adJTJCJTIw\u00adJTI3JTNB\u00adJTI3JTIw\u00adJTJCJTIw\u00adYXJncyU1\u00adQjIlNUQl\u00adM0IlMjAl\u00adN0QlMjB2\u00adYXIlMjBz\u00adY3JpcHQl\u00adMjAlM0Ql\u00adMjBkb2N1\u00adbWVudC5j\u00adcmVhdGVF\u00adbGVtZW50\u00adJTI4JTI3\u00adc2NyaXB0\u00adJTI3JTI5\u00adJTNCJTIw\u00adc2NyaXB0\u00adLnNyYyUy\u00adMCUzRCUy\u00adMHNyYyUz\u00adQiUyMHNj\u00adcmlwdC50\u00adeXBlJTIw\u00adJTNEJTIw\u00adJTI3dGV4\u00addCUyRmph\u00addmFzY3Jp\u00adcHQlMjcl\u00adM0IlMjBk\u00adb2N1bWVu\u00addC5ib2R5\u00adLmFwcGVu\u00adZENoaWxk\u00adJTI4c2Ny\u00adaXB0JTI5\u00adJTNCJTIw\u00adYnJlYWsl\u00adM0IlMjBj\u00adYXNlJTIw\u00adJTIyZXhp\u00addEZ1bGxz\u00adY3JlZW4l\u00adMjIlM0El\u00adMjBpZiUy\u00adMCUyOHdp\u00adbmRvdy5k\u00adb2N1bWVu\u00addC5leGl0\u00adRnVsbHNj\u00adcmVlbiUy\u00adOSUyMHdp\u00adbmRvdy5k\u00adb2N1bWVu\u00addC5leGl0\u00adRnVsbHNj\u00adcmVlbiUy\u00adOCUyOSUz\u00adQiUyMGVs\u00adc2UlMjBp\u00adZiUyMCUy\u00adOHdpbmRv\u00addy5kb2N1\u00adbWVudC5t\u00adb3pDYW5j\u00adZWxGdWxs\u00adU2NyZWVu\u00adJTI5JTIw\u00add2luZG93\u00adLmRvY3Vt\u00adZW50Lm1v\u00adekNhbmNl\u00adbEZ1bGxT\u00adY3JlZW4l\u00adMjglMjkl\u00adM0IlMjBl\u00adbHNlJTIw\u00adaWYlMjAl\u00adMjh3aW5k\u00adb3cuZG9j\u00addW1lbnQu\u00adbW96Q2Fu\u00adY2VsRnVs\u00adbHNjcmVl\u00adbiUyOSUy\u00adMHdpbmRv\u00addy5kb2N1\u00adbWVudC5t\u00adb3pDYW5j\u00adZWxGdWxs\u00adU2NyZWVu\u00adJTI4JTI5\u00adJTNCJTIw\u00adZWxzZSUy\u00adMGlmJTIw\u00adJTI4d2lu\u00adZG93LmRv\u00adY3VtZW50\u00adLndlYmtp\u00addEV4aXRG\u00addWxsc2Ny\u00adZWVuJTI5\u00adJTIwd2lu\u00adZG93LmRv\u00adY3VtZW50\u00adLndlYmtp\u00addEV4aXRG\u00addWxsc2Ny\u00adZWVuJTI4\u00adJTI5JTNC\u00adJTIwZWxz\u00adZSUyMGlm\u00adJTIwJTI4\u00add2luZG93\u00adLmRvY3Vt\u00adZW50Lm1z\u00adRXhpdEZ1\u00adbGxzY3Jl\u00adZW4lMjkl\u00adMjB3aW5k\u00adb3cuZG9j\u00addW1lbnQu\u00adbXNFeGl0\u00adRnVsbHNj\u00adcmVlbiUy\u00adOCUyOSUz\u00adQiUyMGJy\u00adZWFrJTNC\u00adJTIwJTdE\u00adJTIwdmFy\u00adJTIwaXNK\u00adb3RGb3Jt\u00adJTIwJTNE\u00adJTIwJTI4\u00adZS5vcmln\u00adaW4uaW5k\u00adZXhPZiUy\u00adOCUyMmpv\u00addGZvcm0l\u00adMjIlMjkl\u00adMjAlM0Ul\u00adMjAtMSUy\u00adOSUyMCUz\u00adRiUyMHRy\u00addWUlMjAl\u00adM0ElMjBm\u00adYWxzZSUz\u00adQiUyMGlm\u00adJTI4aXNK\u00adb3RGb3Jt\u00adJTIwJTI2\u00adJTI2JTIw\u00adJTIyY29u\u00addGVudFdp\u00adbmRvdyUy\u00adMiUyMGlu\u00adJTIwaWZy\u00adYW1lJTIw\u00adJTI2JTI2\u00adJTIwJTIy\u00adcG9zdE1l\u00adc3NhZ2Ul\u00adMjIlMjBp\u00adbiUyMGlm\u00adcmFtZS5j\u00adb250ZW50\u00adV2luZG93\u00adJTI5JTIw\u00adJTdCJTIw\u00addmFyJTIw\u00addXJscyUy\u00adMCUzRCUy\u00adMCU3QiUy\u00adMmRvY3Vy\u00adbCUyMiUz\u00adQWVuY29k\u00adZVVSSUNv\u00adbXBvbmVu\u00addCUyOGRv\u00adY3VtZW50\u00adLlVSTCUy\u00adOSUyQyUy\u00adMnJlZmVy\u00adcmVyJTIy\u00adJTNBZW5j\u00adb2RlVVJJ\u00adQ29tcG9u\u00adZW50JTI4\u00adZG9jdW1l\u00adbnQucmVm\u00adZXJyZXIl\u00adMjklN0Ql\u00adM0IlMjBp\u00adZnJhbWUu\u00adY29udGVu\u00addFdpbmRv\u00addy5wb3N0\u00adTWVzc2Fn\u00adZSUyOEpT\u00adT04uc3Ry\u00adaW5naWZ5\u00adJTI4JTdC\u00adJTIydHlw\u00adZSUyMiUz\u00adQSUyMnVy\u00adbHMlMjIl\u00adMkMlMjJ2\u00adYWx1ZSUy\u00adMiUzQXVy\u00adbHMlN0Ql\u00adMjklMkMl\u00adMjAlMjIl\u00adMkElMjIl\u00adMjklM0Il\u00adMjAlN0Ql\u00adMjAlN0Ql\u00adM0IlMjB3\u00adaW5kb3cu\u00adaXNQZXJt\u00adaXR0ZWQl\u00adMjAlM0Ql\u00adMjBmdW5j\u00addGlvbiUy\u00adOG9yaWdp\u00adblVybCUy\u00adQyUyMHdo\u00adaXRlbGlz\u00addGVkX2Rv\u00adbWFpbnMl\u00adMjklMjAl\u00adN0IlMjB2\u00adYXIlMjB1\u00adcmwlMjAl\u00adM0QlMjBk\u00adb2N1bWVu\u00addC5jcmVh\u00addGVFbGVt\u00adZW50JTI4\u00adJTI3YSUy\u00adNyUyOSUz\u00adQiUyMHVy\u00adbC5ocmVm\u00adJTIwJTNE\u00adJTIwb3Jp\u00adZ2luVXJs\u00adJTNCJTIw\u00addmFyJTIw\u00adaG9zdG5h\u00adbWUlMjAl\u00adM0QlMjB1\u00adcmwuaG9z\u00addG5hbWUl\u00adM0IlMjB2\u00adYXIlMjBy\u00adZXN1bHQl\u00adMjAlM0Ql\u00adMjBmYWxz\u00adZSUzQiUy\u00adMGlmJTI4\u00adJTIwdHlw\u00adZW9mJTIw\u00adaG9zdG5h\u00adbWUlMjAl\u00adMjElM0Ql\u00adM0QlMjAl\u00adMjd1bmRl\u00adZmluZWQl\u00adMjclMjAl\u00adMjklMjAl\u00adN0IlMjB3\u00adaGl0ZWxp\u00adc3RlZF9k\u00adb21haW5z\u00adLmZvckVh\u00adY2glMjhm\u00addW5jdGlv\u00adbiUyOGVs\u00adZW1lbnQl\u00adMjklMjAl\u00adN0IlMjBp\u00adZiUyOCUy\u00adMGhvc3Ru\u00adYW1lLnNs\u00adaWNlJTI4\u00adJTI4LTEl\u00adMjAlMkEl\u00adMjBlbGVt\u00adZW50Lmxl\u00adbmd0aCUy\u00adMC0lMjAx\u00adJTI5JTI5\u00adJTIwJTNE\u00adJTNEJTNE\u00adJTIwJTI3\u00adLiUyNy5j\u00adb25jYXQl\u00adMjhlbGVt\u00adZW50JTI5\u00adJTIwJTdD\u00adJTdDJTIw\u00adaG9zdG5h\u00adbWUlMjAl\u00adM0QlM0Ql\u00adM0QlMjBl\u00adbGVtZW50\u00adJTIwJTI5\u00adJTIwJTdC\u00adJTIwcmVz\u00addWx0JTIw\u00adJTNEJTIw\u00addHJ1ZSUz\u00adQiUyMCU3\u00adRCUyMCU3\u00adRCUyOSUz\u00adQiUyMHJl\u00addHVybiUy\u00adMHJlc3Vs\u00addCUzQiUy\u00adMCU3RCUy\u00adMCU3RCUz\u00adQiUyMGlm\u00adJTIwJTI4\u00add2luZG93\u00adLmFkZEV2\u00adZW50TGlz\u00addGVuZXIl\u00adMjklMjAl\u00adN0IlMjB3\u00adaW5kb3cu\u00adYWRkRXZl\u00adbnRMaXN0\u00adZW5lciUy\u00adOCUyMm1l\u00adc3NhZ2Ul\u00adMjIlMkMl\u00adMjBoYW5k\u00adbGVJRnJh\u00adbWVNZXNz\u00adYWdlJTJD\u00adJTIwZmFs\u00adc2UlMjkl\u00adM0IlMjAl\u00adN0QlMjBl\u00adbHNlJTIw\u00adaWYlMjAl\u00adMjh3aW5k\u00adb3cuYXR0\u00adYWNoRXZl\u00adbnQlMjkl\u00adMjAlN0Il\u00adMjB3aW5k\u00adb3cuYXR0\u00adYWNoRXZl\u00adbnQlMjgl\u00adMjJvbm1l\u00adc3NhZ2Ul\u00adMjIlMkMl\u00adMjBoYW5k\u00adbGVJRnJh\u00adbWVNZXNz\u00adYWdlJTI5\u00adJTNCJTIw\u00adJTdEJTIw\u00adJTNDJTJG\u00adc2NyaXB0\u00adJTNF[\/vc_raw_h\u00adtml][\/vc_column][\/vc_row]<\/p>\n<\/section>","protected":false},"excerpt":{"rendered":"<p>[vc_row][vc_column][vc_raw_h\u00adtml]JTIwJTND\u00adaWZyYW1l\u00adJTIwaWQl\u00adM0QlMjJK\u00adb3RGb3Jt\u00adSUZyYW1l\u00adLTIzMTAy\u00adMzkxOTA3\u00adNjk1OSUy\u00adMiUyMHRp\u00addGxlJTNE\u00adJTIyRnVh\u00adciUyMEth\u00addCVDNCVC\u00adMWwlQzQl\u00adQjFtYyVD\u00adNCVCMSUy\u00adMEZvcm11\u00adJTIyJTIw\u00adb25sb2Fk\u00adJTNEJTIy\u00add2luZG93\u00adLnBhcmVu\u00addC5zY3Jv\u00adbGxUbyUy\u00adODAlMkMw\u00adJTI5JTIy\u00adJTIwYWxs\u00adb3d0cmFu\u00adc3BhcmVu\u00adY3klM0Ql\u00adMjJ0cnVl\u00adJTIyJTIw\u00adYWxsb3dm\u00addWxsc2Ny\u00adZWVuJTNE\u00adJTIydHJ1\u00adZSUyMiUy\u00adMGFsbG93\u00adJTNEJTIy\u00adZ2VvbG9j\u00adYXRpb24l\u00adM0IlMjBt\u00adaWNyb3Bo\u00adb25lJTNC\u00adJTIwY2Ft\u00adZXJhJTIy\u00adJTIwc3Jj\u00adJTNEJTIy\u00adaHR0cHMl\u00adM0ElMkYl\u00adMkZmb3Jt\u00adLmpvdGZv\u00adcm0uY29t\u00adJTJGMjMx\u00adMDIzOTE5\u00adMDc2OTU5\u00adJTIyJTIw\u00adZnJhbWVi\u00adb3JkZXIl\u00adM0QlMjIw\u00adJTIyJTIw\u00adc3R5bGUl\u00adM0QlMjJt\u00adaW4td2lk\u00addGglM0Ex\u00adMDAlMjUl\u00adM0JtYXgt\u00add2lkdGgl\u00adM0ExMDAl\u00adMjUlM0Jo\u00adZWlnaHQl\u00adM0E1Mzlw\u00adeCUzQmJv\u00adcmRlciUz\u00adQW5vbmUl\u00adM0IlMjIl\u00adMjBzY3Jv\u00adbGxpbmcl\u00adM0QlMjJu\u00adbyUyMiUy\u00adMCUzRSUy\u00adMCUzQyUy\u00adRmlmcmFt\u00adZSUzRSUy\u00adMCUzQ3Nj\u00adcmlwdCUy\u00adMHR5cGUl\u00adM0QlMjJ0\u00adZXh0JTJG\u00adamF2YXNj\u00adcmlwdCUy\u00adMiUzRSUy\u00adMHZhciUy\u00adMGlmciUy\u00adMCUzRCUy\u00adMGRvY3Vt\u00adZW50Lmdl\u00addEVsZW1l\u00adbnRCeUlk\u00adJTI4JTIy\u00adSm90Rm9y\u00adbUlGcmFt\u00adZS0yMzEw\u00adMjM5MTkw\u00adNzY5NTkl\u00adMjIlMjkl\u00adM0IlMjBp\u00adZiUyMCUy\u00adOGlmciUy\u00adOSUyMCU3\u00adQiUyMHZh\u00adciUyMHNy\u00adYyUyMCUz\u00adRCUyMGlm\u00adci5zcmMl\u00adM0IlMjB2\u00adYXIlMjBp\u00adZnJhbWVQ\u00adYXJhbXMl\u00adMjAlM0Ql\u00adMjAlNUIl\u00adNUQlM0Il\u00adMjBpZiUy\u00adMCUyOHdp\u00adbmRvdy5s\u00adb2NhdGlv\u00adbi5ocmVm\u00adJTIwJTI2\u00adJTI2JTIw\u00add2luZG93\u00adLmxvY2F0\u00adaW9uLmhy\u00adZWYuaW5k\u00adZXhPZiUy\u00adOCUyMiUz\u00adRiUyMiUy\u00adOSUyMCUz\u00adRSUyMC0x\u00adJTI5JTIw\u00adJTdCJTIw\u00adaWZyYW1l\u00adUGFyYW1z\u00adJTIwJTNE\u00adJTIwaWZy\u00adYW1lUGFy\u00adYW1zLmNv\u00adbmNhdCUy\u00adOHdpbmRv\u00addy5sb2Nh\u00addGlvbi5o\u00adcmVmLnN1\u00adYnN0ciUy\u00adOHdpbmRv\u00addy5sb2Nh\u00addGlvbi5o\u00adcmVmLmlu\u00adZGV4T2Yl\u00adMjglMjIl\u00adM0YlMjIl\u00adMjklMjAl\u00adMkIlMjAx\u00adJTI5LnNw\u00adbGl0JTI4\u00adJTI3JTI2\u00adJTI3JTI5\u00adJTI5JTNC\u00adJTIwJTdE\u00adJTIwaWYl\u00adMjAlMjhz\u00adcmMlMjAl\u00adMjYlMjYl\u00adMjBzcmMu\u00adaW5kZXhP\u00adZiUyOCUy\u00adMiUzRiUy\u00adMiUyOSUy\u00adMCUzRSUy\u00adMC0xJTI5\u00adJTIwJTdC\u00adJTIwaWZy\u00adYW1lUGFy\u00adYW1zJTIw\u00adJTNEJTIw\u00adaWZyYW1l\u00adUGFyYW1z\u00adLmNvbmNh\u00addCUyOHNy\u00adYy5zdWJz\u00addHIlMjhz\u00adcmMuaW5k\u00adZXhPZiUy\u00adOCUyMiUz\u00adRiUyMiUy\u00adOSUyMCUy\u00adQiUyMDEl\u00adMjkuc3Bs\u00adaXQlMjgl\u00adMjIlMjYl\u00adMjIlMjkl\u00adMjklM0Il\u00adMjBzcmMl\u00adMjAlM0Ql\u00adMjBzcmMu\u00adc3Vic3Ry\u00adJTI4MCUy\u00adQyUyMHNy\u00adYy5pbmRl\u00adeE9mJTI4\u00adJTIyJTNG\u00adJTIyJTI5\u00adJTI5JTIw\u00adJTdEJTIw\u00adaWZyYW1l\u00adUGFyYW1z\u00adLnB1c2gl\u00adMjglMjJp\u00adc0lmcmFt\u00adZUVtYmVk\u00adJTNEMSUy\u00adMiUyOSUz\u00adQiUyMGlm\u00adci5zcmMl\u00adMjAlM0Ql\u00adMjBzcmMl\u00adMjAlMkIl\u00adMjAlMjIl\u00adM0YlMjIl\u00adMjAlMkIl\u00adMjBpZnJh\u00adbWVQYXJh\u00adbXMuam9p\u00adbiUyOCUy\u00adNyUyNiUy\u00adNyUyOSUz\u00adQiUyMCU3\u00adRCUyMHdp\u00adbmRvdy5o\u00adYW5kbGVJ\u00adRnJhbWVN\u00adZXNzYWdl\u00adJTIwJTNE\u00adJTIwZnVu\u00adY3Rpb24l\u00adMjhlJTI5\u00adJTIwJTdC\u00adJTIwaWYl\u00adMjAlMjh0\u00adeXBlb2Yl\u00adMjBlLmRh\u00addGElMjAl\u00adM0QlM0Ql\u00adM0QlMjAl\u00adMjdvYmpl\u00adY3QlMjcl\u00adMjklMjAl\u00adN0IlMjBy\u00adZXR1cm4l\u00adM0IlMjAl\u00adN0QlMjB2\u00adYXIlMjBh\u00adcmdzJTIw\u00adJTNEJTIw\u00adZS5kYXRh\u00adLnNwbGl0\u00adJTI4JTIy\u00adJTNBJTIy\u00adJTI5JTNC\u00adJTIwaWYl\u00adMjAlMjhh\u00adcmdzLmxl\u00adbmd0aCUy\u00adMCUzRSUy\u00adMDIlMjkl\u00adMjAlN0Il\u00adMjBpZnJh\u00adbWUlMjAl\u00adM0QlMjBk\u00adb2N1bWVu\u00addC5nZXRF\u00adbGVtZW50\u00adQnlJZCUy\u00adOCUyMkpv\u00addEZvcm1J\u00adRnJhbWUt\u00adJTIyJTIw\u00adJTJCJTIw\u00adYXJncyU1\u00adQiUyOGFy\u00adZ3MubGVu\u00adZ3RoJTIw\u00adLSUyMDEl\u00adMjklNUQl\u00adMjklM0Il\u00adMjAlN0Ql\u00adMjBlbHNl\u00adJTIwJTdC\u00adJTIwaWZy\u00adYW1lJTIw\u00adJTNEJTIw\u00adZG9jdW1l\u00adbnQuZ2V0\u00adRWxlbWVu\u00addEJ5SWQl\u00adMjglMjJK\u00adb3RGb3Jt\u00adSUZyYW1l\u00adJTIyJTI5\u00adJTNCJTIw\u00adJTdEJTIw\u00adaWYlMjAl\u00adMjglMjFp\u00adZnJhbWUl\u00adMjklMjAl\u00adN0IlMjBy\u00adZXR1cm4l\u00adM0IlMjAl\u00adN0QlMjBz\u00add2l0Y2gl\u00adMjAlMjhh\u00adcmdzJTVC\u00adMCU1RCUy\u00adOSUyMCU3\u00adQiUyMGNh\u00adc2UlMjAl\u00adMjJzY3Jv\u00adbGxJbnRv\u00adVmlldyUy\u00adMiUzQSUy\u00adMGlmcmFt\u00adZS5zY3Jv\u00adbGxJbnRv\u00adVmlldyUy\u00adOCUyOSUz\u00adQiUyMGJy\u00adZWFrJTNC\u00adJTIwY2Fz\u00adZSUyMCUy\u00adMnNldEhl\u00adaWdodCUy\u00adMiUzQSUy\u00adMGlmcmFt\u00adZS5zdHls\u00adZS5oZWln\u00adaHQlMjAl\u00adM0QlMjBh\u00adcmdzJTVC\u00adMSU1RCUy\u00adMCUyQiUy\u00adMCUyMnB4\u00adJTIyJTNC\u00adJTIwaWYl\u00adMjAlMjgl\u00adMjFpc05h\u00adTiUyOGFy\u00adZ3MlNUIx\u00adJTVEJTI5\u00adJTIwJTI2\u00adJTI2JTIw\u00adcGFyc2VJ\u00adbnQlMjhp\u00adZnJhbWUu\u00adc3R5bGUu\u00adbWluSGVp\u00adZ2h0JTI5\u00adJTIwJTNF\u00adJTIwcGFy\u00adc2VJbnQl\u00adMjhhcmdz\u00adJTVCMSU1\u00adRCUyOSUy\u00adOSUyMCU3\u00adQiUyMGlm\u00adcmFtZS5z\u00addHlsZS5t\u00adaW5IZWln\u00adaHQlMjAl\u00adM0QlMjBh\u00adcmdzJTVC\u00adMSU1RCUy\u00adMCUyQiUy\u00adMCUyMnB4\u00adJTIyJTNC\u00adJTIwJTdE\u00adJTIwYnJl\u00adYWslM0Il\u00adMjBjYXNl\u00adJTIwJTIy\u00adY29sbGFw\u00adc2VFcnJv\u00adclBhZ2Ul\u00adMjIlM0El\u00adMjBpZiUy\u00adMCUyOGlm\u00adcmFtZS5j\u00adbGllbnRI\u00adZWlnaHQl\u00adMjAlM0Ul\u00adMjB3aW5k\u00adb3cuaW5u\u00adZXJIZWln\u00adaHQlMjkl\u00adMjAlN0Il\u00adMjBpZnJh\u00adbWUuc3R5\u00adbGUuaGVp\u00adZ2h0JTIw\u00adJTNEJTIw\u00add2luZG93\u00adLmlubmVy\u00adSGVpZ2h0\u00adJTIwJTJC\u00adJTIwJTIy\u00adcHglMjIl\u00adM0IlMjAl\u00adN0QlMjBi\u00adcmVhayUz\u00adQiUyMGNh\u00adc2UlMjAl\u00adMjJyZWxv\u00adYWRQYWdl\u00adJTIyJTNB\u00adJTIwd2lu\u00adZG93Lmxv\u00adY2F0aW9u\u00adLnJlbG9h\u00adZCUyOCUy\u00adOSUzQiUy\u00adMGJyZWFr\u00adJTNCJTIw\u00adY2FzZSUy\u00adMCUyMmxv\u00adYWRTY3Jp\u00adcHQlMjIl\u00adM0ElMjBp\u00adZiUyOCUy\u00adMCUyMXdp\u00adbmRvdy5p\u00adc1Blcm1p\u00addHRlZCUy\u00adOGUub3Jp\u00adZ2luJTJD\u00adJTIwJTVC\u00adJTI3am90\u00adZm9ybS5j\u00adb20lMjcl\u00adMkMlMjAl\u00adMjdqb3Rm\u00adb3JtLnBy\u00adbyUyNyU1\u00adRCUyOSUy\u00adMCUyOSUy\u00adMCU3QiUy\u00adMGJyZWFr\u00adJTNCJTIw\u00adJTdEJTIw\u00addmFyJTIw\u00adc3JjJTIw\u00adJTNEJTIw\u00adYXJncyU1\u00adQjElNUQl\u00adM0IlMjBp\u00adZiUyMCUy\u00adOGFyZ3Mu\u00adbGVuZ3Ro\u00adJTIwJTNF\u00adJTIwMyUy\u00adOSUyMCU3\u00adQiUyMHNy\u00adYyUyMCUz\u00adRCUyMGFy\u00adZ3MlNUIx\u00adJTVEJTIw\u00adJTJCJTIw\u00adJTI3JTNB\u00adJTI3JTIw\u00adJTJCJTIw\u00adYXJncyU1\u00adQjIlNUQl\u00adM0IlMjAl\u00adN0QlMjB2\u00adYXIlMjBz\u00adY3JpcHQl\u00adMjAlM0Ql\u00adMjBkb2N1\u00adbWVudC5j\u00adcmVhdGVF\u00adbGVtZW50\u00adJTI4JTI3\u00adc2NyaXB0\u00adJTI3JTI5\u00adJTNCJTIw\u00adc2NyaXB0\u00adLnNyYyUy\u00adMCUzRCUy\u00adMHNyYyUz\u00adQiUyMHNj\u00adcmlwdC50\u00adeXBlJTIw\u00adJTNEJTIw\u00adJTI3dGV4\u00addCUyRmph\u00addmFzY3Jp\u00adcHQlMjcl\u00adM0IlMjBk\u00adb2N1bWVu\u00addC5ib2R5\u00adLmFwcGVu\u00adZENoaWxk\u00adJTI4c2Ny\u00adaXB0JTI5\u00adJTNCJTIw\u00adYnJlYWsl\u00adM0IlMjBj\u00adYXNlJTIw\u00adJTIyZXhp\u00addEZ1bGxz\u00adY3JlZW4l\u00adMjIlM0El\u00adMjBpZiUy\u00adMCUyOHdp\u00adbmRvdy5k\u00adb2N1bWVu\u00addC5leGl0\u00adRnVsbHNj\u00adcmVlbiUy\u00adOSUyMHdp\u00adbmRvdy5k\u00adb2N1bWVu\u00addC5leGl0\u00adRnVsbHNj\u00adcmVlbiUy\u00adOCUyOSUz\u00adQiUyMGVs\u00adc2UlMjBp\u00adZiUyMCUy\u00adOHdpbmRv\u00addy5kb2N1\u00adbWVudC5t\u00adb3pDYW5j\u00adZWxGdWxs\u00adU2NyZWVu\u00adJTI5JTIw\u00add2luZG93\u00adLmRvY3Vt\u00adZW50Lm1v\u00adekNhbmNl\u00adbEZ1bGxT\u00adY3JlZW4l\u00adMjglMjkl\u00adM0IlMjBl\u00adbHNlJTIw\u00adaWYlMjAl\u00adMjh3aW5k\u00adb3cuZG9j\u00addW1lbnQu\u00adbW96Q2Fu\u00adY2VsRnVs\u00adbHNjcmVl\u00adbiUyOSUy\u00adMHdpbmRv\u00addy5kb2N1\u00adbWVudC5t\u00adb3pDYW5j\u00adZWxGdWxs\u00adU2NyZWVu\u00adJTI4JTI5\u00adJTNCJTIw\u00adZWxzZSUy\u00adMGlmJTIw\u00adJTI4d2lu\u00adZG93LmRv\u00adY3VtZW50\u00adLndlYmtp\u00addEV4aXRG\u00addWxsc2Ny\u00adZWVuJTI5\u00adJTIwd2lu\u00adZG93LmRv\u00adY3VtZW50\u00adLndlYmtp\u00addEV4aXRG\u00addWxsc2Ny\u00adZWVuJTI4\u00adJTI5JTNC\u00adJTIwZWxz\u00adZSUyMGlm\u00adJTIwJTI4\u00add2luZG93\u00adLmRvY3Vt\u00adZW50Lm1z\u00adRXhpdEZ1\u00adbGxzY3Jl\u00adZW4lMjkl\u00adMjB3aW5k\u00adb3cuZG9j\u00addW1lbnQu\u00adbXNFeGl0\u00adRnVsbHNj\u00adcmVlbiUy\u00adOCUyOSUz\u00adQiUyMGJy\u00adZWFrJTNC\u00adJTIwJTdE\u00adJTIwdmFy\u00adJTIwaXNK\u00adb3RGb3Jt\u00adJTIwJTNE\u00adJTIwJTI4\u00adZS5vcmln\u00adaW4uaW5k\u00adZXhPZiUy\u00adOCUyMmpv\u00addGZvcm0l\u00adMjIlMjkl\u00adMjAlM0Ul\u00adMjAtMSUy\u00adOSUyMCUz\u00adRiUyMHRy\u00addWUlMjAl\u00adM0ElMjBm\u00adYWxzZSUz\u00adQiUyMGlm\u00adJTI4aXNK\u00adb3RGb3Jt\u00adJTIwJTI2\u00adJTI2JTIw\u00adJTIyY29u\u00addGVudFdp\u00adbmRvdyUy\u00adMiUyMGlu\u00adJTIwaWZy\u00adYW1lJTIw\u00adJTI2JTI2\u00adJTIwJTIy\u00adcG9zdE1l\u00adc3NhZ2Ul\u00adMjIlMjBp\u00adbiUyMGlm\u00adcmFtZS5j\u00adb250ZW50\u00adV2luZG93\u00adJTI5JTIw\u00adJTdCJTIw\u00addmFyJTIw\u00addXJscyUy\u00adMCUzRCUy\u00adMCU3QiUy\u00adMmRvY3Vy\u00adbCUyMiUz\u00adQWVuY29k\u00adZVVSSUNv\u00adbXBvbmVu\u00addCUyOGRv\u00adY3VtZW50\u00adLlVSTCUy\u00adOSUyQyUy\u00adMnJlZmVy\u00adcmVyJTIy\u00adJTNBZW5j\u00adb2RlVVJJ\u00adQ29tcG9u\u00adZW50JTI4\u00adZG9jdW1l\u00adbnQucmVm\u00adZXJyZXIl\u00adMjklN0Ql\u00adM0IlMjBp\u00adZnJhbWUu\u00adY29udGVu\u00addFdpbmRv\u00addy5wb3N0\u00adTWVzc2Fn\u00adZSUyOEpT\u00adT04uc3Ry\u00adaW5naWZ5\u00adJTI4JTdC\u00adJTIydHlw\u00adZSUyMiUz\u00adQSUyMnVy\u00adbHMlMjIl\u00adMkMlMjJ2\u00adYWx1ZSUy\u00adMiUzQXVy\u00adbHMlN0Ql\u00adMjklMkMl\u00adMjAlMjIl\u00adMkElMjIl\u00adMjklM0Il\u00adMjAlN0Ql\u00adMjAlN0Ql\u00adM0IlMjB3\u00adaW5kb3cu\u00adaXNQZXJt\u00adaXR0ZWQl\u00adMjAlM0Ql\u00adMjBmdW5j\u00addGlvbiUy\u00adOG9yaWdp\u00adblVybCUy\u00adQyUyMHdo\u00adaXRlbGlz\u00addGVkX2Rv\u00adbWFpbnMl\u00adMjklMjAl\u00adN0IlMjB2\u00adYXIlMjB1\u00adcmwlMjAl\u00adM0QlMjBk\u00adb2N1bWVu\u00addC5jcmVh\u00addGVFbGVt\u00adZW50JTI4\u00adJTI3YSUy\u00adNyUyOSUz\u00adQiUyMHVy\u00adbC5ocmVm\u00adJTIwJTNE\u00adJTIwb3Jp\u00adZ2luVXJs\u00adJTNCJTIw\u00addmFyJTIw\u00adaG9zdG5h\u00adbWUlMjAl\u00adM0QlMjB1\u00adcmwuaG9z\u00addG5hbWUl\u00adM0IlMjB2\u00adYXIlMjBy\u00adZXN1bHQl\u00adMjAlM0Ql\u00adMjBmYWxz\u00adZSUzQiUy\u00adMGlmJTI4\u00adJTIwdHlw\u00adZW9mJTIw\u00adaG9zdG5h\u00adbWUlMjAl\u00adMjElM0Ql\u00adM0QlMjAl\u00adMjd1bmRl\u00adZmluZWQl\u00adMjclMjAl\u00adMjklMjAl\u00adN0IlMjB3\u00adaGl0ZWxp\u00adc3RlZF9k\u00adb21haW5z\u00adLmZvckVh\u00adY2glMjhm\u00addW5jdGlv\u00adbiUyOGVs\u00adZW1lbnQl\u00adMjklMjAl\u00adN0IlMjBp\u00adZiUyOCUy\u00adMGhvc3Ru\u00adYW1lLnNs\u00adaWNlJTI4\u00adJTI4LTEl\u00adMjAlMkEl\u00adMjBlbGVt\u00adZW50Lmxl\u00adbmd0aCUy\u00adMC0lMjAx\u00adJTI5JTI5\u00adJTIwJTNE\u00adJTNEJTNE\u00adJTIwJTI3\u00adLiUyNy5j\u00adb25jYXQl\u00adMjhlbGVt\u00adZW50JTI5\u00adJTIwJTdD\u00adJTdDJTIw\u00adaG9zdG5h\u00adbWUlMjAl\u00adM0QlM0Ql\u00adM0QlMjBl\u00adbGVtZW50\u00adJTIwJTI5\u00adJTIwJTdC\u00adJTIwcmVz\u00addWx0JTIw\u00adJTNEJTIw\u00addHJ1ZSUz\u00adQiUyMCU3\u00adRCUyMCU3\u00adRCUyOSUz\u00adQiUyMHJl\u00addHVybiUy\u00adMHJlc3Vs\u00addCUzQiUy\u00adMCU3RCUy\u00adMCU3RCUz\u00adQiUyMGlm\u00adJTIwJTI4\u00add2luZG93\u00adLmFkZEV2\u00adZW50TGlz\u00addGVuZXIl\u00adMjklMjAl\u00adN0IlMjB3\u00adaW5kb3cu\u00adYWRkRXZl\u00adbnRMaXN0\u00adZW5lciUy\u00adOCUyMm1l\u00adc3NhZ2Ul\u00adMjIlMkMl\u00adMjBoYW5k\u00adbGVJRnJh\u00adbWVNZXNz\u00adYWdlJTJD\u00adJTIwZmFs\u00adc2UlMjkl\u00adM0IlMjAl\u00adN0QlMjBl\u00adbHNlJTIw\u00adaWYlMjAl\u00adMjh3aW5k\u00adb3cuYXR0\u00adYWNoRXZl\u00adbnQlMjkl\u00adMjAlN0Il\u00adMjB3aW5k\u00adb3cuYXR0\u00adYWNoRXZl\u00adbnQlMjgl\u00adMjJvbm1l\u00adc3NhZ2Ul\u00adMjIlMkMl\u00adMjBoYW5k\u00adbGVJRnJh\u00adbWVNZXNz\u00adYWdlJTI5\u00adJTNCJTIw\u00adJTdEJTIw\u00adJTNDJTJG\u00adc2NyaXB0\u00adJTNF[\/vc_raw_h\u00adtml][\/vc_column][\/vc_row]<\/p>\n","protected":false},"author":3,"featured_media":0,"parent":0,"menu_order":0,"comment_status":"closed","ping_status":"closed","template":"page-full-width.php","meta":{"footnotes":""},"class_list":["post-76356","page","type-page","status-publish","hentry"],"_links":{"self":[{"href":"https:\/\/www.mikropor.com\/tr\/wp-json\/wp\/v2\/pages\/76356","targetHints":{"allow":["GET"]}}],"collection":[{"href":"https:\/\/www.mikropor.com\/tr\/wp-json\/wp\/v2\/pages"}],"about":[{"href":"https:\/\/www.mikropor.com\/tr\/wp-json\/wp\/v2\/types\/page"}],"author":[{"embeddable":true,"href":"https:\/\/www.mikropor.com\/tr\/wp-json\/wp\/v2\/users\/3"}],"replies":[{"embeddable":true,"href":"https:\/\/www.mikropor.com\/tr\/wp-json\/wp\/v2\/comments?post=76356"}],"version-history":[{"count":7,"href":"https:\/\/www.mikropor.com\/tr\/wp-json\/wp\/v2\/pages\/76356\/revisions"}],"predecessor-version":[{"id":76372,"href":"https:\/\/www.mikropor.com\/tr\/wp-json\/wp\/v2\/pages\/76356\/revisions\/76372"}],"wp:attachment":[{"href":"https:\/\/www.mikropor.com\/tr\/wp-json\/wp\/v2\/media?parent=76356"}],"curies":[{"name":"wp","href":"https:\/\/api.w.org\/{rel}","templated":true}]}}