{"id":76454,"date":"2023-09-18T07:26:19","date_gmt":"2023-09-18T04:26:19","guid":{"rendered":"https:\/\/www.mikropor.com\/?page_id=76454"},"modified":"2023-09-18T07:34:50","modified_gmt":"2023-09-18T04:34:50","slug":"uretim-kalite-uzmani","status":"publish","type":"page","link":"https:\/\/www.mikropor.com\/tr\/kariyer\/acik-pozisyonlar\/uretim-kalite-uzmani\/","title":{"rendered":"\u00dcretim Kalite Uzman\u0131"},"content":{"rendered":"<section class=\"wpb-content-wrapper\"><p>[vc_row css=\u201d.vc_custo\u00adm_166747\u00ad7749605{margin-top: 30px !important;}\u201d][vc_column width=\u201d1\/4\u2033][vc_custo\u00adm_heading text=\u201dStratejik Sat\u0131n Alma Uzman\u0131\u201d font_con\u00adtainer=\u201dtag:h3|text_align:left|color:%23c83e30\u2033 use_them\u00ade_fonts=\u201dyes\u201d][vc_colum\u00adn_text]\u0130lan Tarihi: 04 Eyl\u00fcl 2023[\/vc_colum\u00adn_text][\/vc_column][vc_column width=\u201d3\/4\u2033][vc_colum\u00adn_text]GENEL N\u0130TEL\u0130KLER VE \u0130\u015e TANIMI<\/p>\n<p>End\u00fcstri\u00adyel filtrasyon \u00fcretiminde T\u00fcrkiye\u2019nin en b\u00fcy\u00fck ve d\u00fcnyan\u0131n say\u0131l\u0131 \u015firketle\u00adrinden olan M\u0130KROPOR, Ar-Ge \u00e7al\u0131\u015fmal\u00adar\u0131, y\u00fcksek performans \u00fcr\u00fcnleri, kalite ve s\u0131n\u0131rs\u0131z m\u00fc\u015fteri memnuniy\u00adeti anlay\u0131\u015f\u0131 ile T\u00fcrkiye ihracat\u0131\u00adnda ilk 500\u2019de yer almakta ve 140 \u00fclkeye ihracat yapmakta\u00add\u0131r. \u0130nsan, \u00e7evre, teknoloji oda\u011f\u0131nda, s\u00fcrekli ilerlemeyi ilke edinerek gelece\u011fe y\u00f6n veren firmam\u0131z i\u00e7in \u2018\u201d\u00dcretim Kalite Kontrol Uzman\u0131\u201d olarak de\u011fer katacak tak\u0131m arkada\u015fl\u00adar\u0131 ar\u0131yoruz.<\/p>\n<p>\u00dcniversi\u00adtelerin Makine m\u00fchendis\u00adli\u011fi, Metalurji ve malzeme m\u00fchendis\u00adli\u011fi b\u00f6l\u00fcmler\u00adinden mezun,<br>\nKalite, proses kontrol ve istatist\u00adiksel analiz s\u00fcre\u00e7ler\u00adinde en az 3 y\u0131l tecr\u00fcbeli,<br>\n\u0130leri seviyede Ms Office , SAP kullanab\u00adilen,<br>\nProblem \u00e7\u00f6zme yetkinli\u00ad\u011fine sahip,<br>\n\u0130leri seviyede \u0130ngilizce bilen,<br>\nTak\u0131m \u00e7al\u0131\u015fmas\u00ad\u0131na yatk\u0131n, ileti\u015fim ve liderlik becerileri kuvvetli,<br>\nErkek adaylar i\u00e7in askerlik hizmetini tamamlam\u0131\u015f,<br>\nTercihen B s\u0131n\u0131f\u0131 ara\u00e7 ehliyeti olan ve aktif ara\u00e7 kullanab\u00adilen,<\/p>\n<p>\u0130\u015e TANIMI<\/p>\n<p>\u00dcretim hatt\u0131nda kullan\u0131l\u00adacak, mamul, yar\u0131 mamul ve hammadde\u00adlerin ilgili prosed\u00fcr ve talimatl\u00adar\u0131n\u0131 kontrol edip s\u00fcrekli g\u00fcncel tutmak,<br>\nKalite kontrol ve \u00fcretim personel\u00adine gerekli e\u011fitimleri vermek.<br>\nYurti\u00e7i ve yurtd\u0131\u015f\u0131 m\u00fc\u015fteril\u00aderine kalite \u00e7\u00f6z\u00fcmler\u00adini iletmek, m\u00fc\u015fteri memnuniy\u00adetini art\u0131rmak<br>\n\u00dcr\u00fcn, donan\u0131m, proses, hammadde, yard\u0131mc\u0131 madde, ambalaj malzemel\u00aderinin standart\u00adlar\u0131n\u0131n ve \u00fcretime uygunlu\u011f\u00adunun kontrol\u00fc i\u00e7in gerekli olan talimatl\u00adar\u0131n uyguland\u00ad\u0131\u011f\u0131n\u0131 kontrol etmek<br>\nFMEA-PPAP dosyas\u0131, Kalite endeksi, MPP-PQP, 8D s\u00fcre\u00e7ler\u00adine hakim olmak<br>\nHatal\u0131 faaliyet\u00adlere dair \u00f6nleyici tedbirle\u00adrin al\u0131nmas\u0131n\u0131 sa\u011flamak; konu hakk\u0131nda ilgili yard\u0131mc\u0131 sanayi ve birimleri bilgilen\u00addirmek ;<br>\nD\u00d6F, NCR a\u00e7\u0131larak s\u00fcreci takip etmek.<br>\n8D raporlam\u00adan\u0131n t\u00fcm s\u00fcre\u00e7ler\u00adine hakim olmak.<br>\n\u00dcretim kontrol noktalar\u00ad\u0131n\u0131 belirlemek.[\/vc_colum\u00adn_text][vc_raw_h\u00adtml]JTNDYSUy\u00adMHRhcmdl\u00addCUzRCUy\u00adMl9ibGFu\u00adayUyMiUy\u00adMGhyZWYl\u00adM0QlMjJo\u00addHRwcyUz\u00adQSUyRiUy\u00adRnd3dy5r\u00adYXJpeWVy\u00adLm5ldCUy\u00adRmlzLWls\u00adYW5pJTJG\u00adbWlrcm9w\u00adb3ItbWFr\u00adaW5hLXNh\u00adbi10aWMt\u00adYS1zLXVy\u00adZXRpbS1r\u00adYWxpdGUt\u00ada29udHJv\u00adbC11em1h\u00adbmktMzU1\u00adOTg3OSUz\u00adRmYlM0Rm\u00adMTVqJTI2\u00addXRtX3Nv\u00addXJjZSUz\u00adRGF0cy5r\u00adYXJpeWVy\u00adLm5ldCUy\u00adNnV0bV9t\u00adZWRpdW0l\u00adM0RyZWZl\u00adcnJhbCUy\u00adNnV0bV9j\u00adYW1wYWln\u00adbiUzRGls\u00adYW4lMjIl\u00adMjByZWwl\u00adM0QlMjJu\u00adb29wZW5l\u00adciUyMiUy\u00adMGNsYXNz\u00adJTNEJTIy\u00adY2Nmdy1w\u00adcmltYXJ5\u00adLWJ1dHRv\u00adbiUyMiUz\u00adRSUwQUJh\u00adJUM1JTlG\u00addnVyJTBB\u00adJTNDJTJG\u00adYSUzRQ==[\/vc_raw_h\u00adtml][\/vc_column][\/vc_row]<\/p>\n<\/section>","protected":false},"excerpt":{"rendered":"<p>[vc_row css=\u201d.vc_custo\u00adm_166747\u00ad7749605{margin-top: 30px !important;}\u201d][vc_column width=\u201d1\/4\u2033][vc_custo\u00adm_heading text=\u201dStratejik Sat\u0131n Alma Uzman\u0131\u201d font_con\u00adtainer=\u201dtag:h3|text_align:left|color:%23c83e30\u2033 use_them\u00ade_fonts=\u201dyes\u201d][vc_colum\u00adn_text]\u0130lan Tarihi: 04 Eyl\u00fcl 2023[\/vc_colum\u00adn_text][\/vc_column][vc_column width=\u201d3\/4\u2033][vc_colum\u00adn_text]GENEL N\u0130TEL\u0130KLER VE \u0130\u015e TANIMI End\u00fcstri\u00adyel filtrasyon \u00fcretiminde T\u00fcrkiye\u2019nin en b\u00fcy\u00fck ve d\u00fcnyan\u0131n say\u0131l\u0131 \u015firketle\u00adrinden olan M\u0130KROPOR, Ar-Ge \u00e7al\u0131\u015fmal\u00adar\u0131, y\u00fcksek performans \u00fcr\u00fcnleri, kalite ve s\u0131n\u0131rs\u0131z m\u00fc\u015fteri memnuniy\u00adeti anlay\u0131\u015f\u0131 ile T\u00fcrkiye ihracat\u0131\u00adnda ilk 500\u2019de yer almakta ve 140 \u00fclkeye ihracat yapmakta\u00add\u0131r. [&hellip;]<\/p>\n","protected":false},"author":3,"featured_media":0,"parent":75899,"menu_order":0,"comment_status":"closed","ping_status":"closed","template":"page-full-width.php","meta":{"footnotes":""},"class_list":["post-76454","page","type-page","status-publish","hentry"],"_links":{"self":[{"href":"https:\/\/www.mikropor.com\/tr\/wp-json\/wp\/v2\/pages\/76454","targetHints":{"allow":["GET"]}}],"collection":[{"href":"https:\/\/www.mikropor.com\/tr\/wp-json\/wp\/v2\/pages"}],"about":[{"href":"https:\/\/www.mikropor.com\/tr\/wp-json\/wp\/v2\/types\/page"}],"author":[{"embeddable":true,"href":"https:\/\/www.mikropor.com\/tr\/wp-json\/wp\/v2\/users\/3"}],"replies":[{"embeddable":true,"href":"https:\/\/www.mikropor.com\/tr\/wp-json\/wp\/v2\/comments?post=76454"}],"version-history":[{"count":5,"href":"https:\/\/www.mikropor.com\/tr\/wp-json\/wp\/v2\/pages\/76454\/revisions"}],"predecessor-version":[{"id":76463,"href":"https:\/\/www.mikropor.com\/tr\/wp-json\/wp\/v2\/pages\/76454\/revisions\/76463"}],"up":[{"embeddable":true,"href":"https:\/\/www.mikropor.com\/tr\/wp-json\/wp\/v2\/pages\/75899"}],"wp:attachment":[{"href":"https:\/\/www.mikropor.com\/tr\/wp-json\/wp\/v2\/media?parent=76454"}],"curies":[{"name":"wp","href":"https:\/\/api.w.org\/{rel}","templated":true}]}}