{"id":76843,"date":"2024-02-22T00:44:29","date_gmt":"2024-02-21T21:44:29","guid":{"rendered":"https:\/\/www.mikropor.com\/?page_id=76843"},"modified":"2024-07-01T00:07:06","modified_gmt":"2024-06-30T21:07:06","slug":"bilgi-islem-uzman-uzman-yardimcisi","status":"publish","type":"page","link":"https:\/\/www.mikropor.com\/tr\/kariyer\/acik-pozisyonlar\/bilgi-islem-uzman-uzman-yardimcisi\/","title":{"rendered":"Bilgi \u0130\u015flem Uzman \/ Uzman Yard\u0131mc\u0131s\u0131"},"content":{"rendered":"<section class=\"wpb-content-wrapper\"><p>[vc_row css=\u201d.vc_custo\u00adm_166747\u00ad7749605{margin-top: 30px !important;}\u201d][vc_column width=\u201d1\/4\u2033][vc_custo\u00adm_heading text=\u201dBilgi \u0130\u015flem Uzman \/ Uzman Yard\u0131mc\u0131s\u0131\u201d font_con\u00adtainer=\u201dtag:h3|text_align:left|color:%23c83e30\u2033 use_them\u00ade_fonts=\u201dyes\u201d][vc_colum\u00adn_text]<strong>\u0130\u015f Al\u0131m\u0131 Kapal\u0131d\u0131r<\/strong>[\/vc_colum\u00adn_text][\/vc_column][vc_column width=\u201d3\/4\u2033][vc_colum\u00adn_text]<strong>GENEL N\u0130TEL\u0130KLER VE \u0130\u015e TANIMI<\/strong><\/p>\n<ul type=\"disc\">\n<li>\u00dcniversitelerin ilgili b\u00f6l\u00fcmlerinden mezun,<\/li>\n<li>Donan\u0131m ve teknik destek konusunda en az 5\u00a0y\u0131l tecr\u00fcbeli,<\/li>\n<li>Bilgisayar kullan\u0131c\u0131 deste\u011fi, alt yap\u0131 \u00e7al\u0131\u015fmalar\u0131 uygulamalar\u0131nda bulunmu\u015f,<\/li>\n<li>MS Exchange, MS Active Directory, Windows 2008, 2008 R2,2012 server hakk\u0131nda bilgi sahibi,<\/li>\n<li>Yap\u0131sal ve sanal serverlerin fiziksel ve yaz\u0131l\u0131msal sorunlar\u0131n\u0131 \u00e7\u00f6zebilecek,<\/li>\n<li>T\u00fcm Windows desktop i\u015fletim sistemlerine hakim,<\/li>\n<li>Firewall; Router; Managable Switch konular\u0131nda bilgi sahibi,<\/li>\n<li>Dns, Dhcp, Tcp \/ IP vs. network protokolleri hakk\u0131nda bilgi sahibi,<\/li>\n<li>Sql server ve\u00a0 database y\u00f6netimi hakk\u0131nda bilgi sahibi,<\/li>\n<li>Sonu\u00e7 ve \u00e7\u00f6z\u00fcm odakl\u0131, i\u015f takibi ve sonu\u00e7land\u0131r\u0131lmas\u0131 konusunda ba\u015far\u0131l\u0131,<\/li>\n<li>Dinamik, disiplinli ve dikkatli \u00e7al\u0131\u015fabilen; gizlilik ilkesini benimsemi\u015f,<\/li>\n<li>\u0130leti\u015fim becerileri geli\u015fmi\u015f, tak\u0131m \u00e7al\u0131\u015fmas\u0131na yatk\u0131n,<\/li>\n<li>Erkek adaylar i\u00e7in askerlik hizmetini tamamlam\u0131\u015f<\/li>\n<\/ul>\n<p><strong>\u0130\u015f Tan\u0131m\u0131<\/strong><\/p>\n<ul type=\"disc\">\n<li>\u00a0Kullan\u0131c\u0131lara donan\u0131m (Bilgisayar, server ve \u00e7evre birimleri) ve yaz\u0131l\u0131mlar\u0131n (Windows, Office vs.)\u00a0 kurulumu, bak\u0131m\u0131 ve\u00a0destek verilmesi.<br>\n\u2022\u00a0Altyap\u0131 problemlerini gidermek ve bak\u0131m-onar\u0131m i\u015flerini y\u00fcr\u00fctmek, gerekti\u011finde kurulum ve yerinde destek sa\u011flamak.<br>\n\u2022\u00a0Veritabanlar\u0131, dosya sistemleri, dizin sistemleri, g\u00fcvenlik sistemleri, e-posta sistemleri ve sunucular\u0131n kurulum, bak\u0131m ve idamesini yapmak.<br>\n\u2022\u00a0Network cihazlar\u0131n\u0131n kablolama, kurulum ve ayarlar\u0131n\u0131 yapmak.<br>\n\u2022\u00a0T\u00fcm Bilgi \u0130\u015flem sisteminin, yaz\u0131l\u0131m, donan\u0131m i\u015fletim hizmetlerinin, garanti belgeleri, bak\u0131m s\u00f6zle\u015fmeleri ve lisanslar\u0131n envanterini tutmak.<br>\n\u2022\u00a0Ba\u011fl\u0131 bulundu\u011fu Bilgi \u0130\u015flem M\u00fcd\u00fcr\u00fc ile koordineli \u015fekilde \u00e7al\u0131\u015fmak ve gereken raporlar\u0131 haz\u0131rlamak.<\/li>\n<\/ul>\n<p>[\/vc_colum\u00adn_text][\/vc_column][\/vc_row]<\/p>\n<\/section>","protected":false},"excerpt":{"rendered":"<p>[vc_row css=\u201d.vc_custo\u00adm_166747\u00ad7749605{margin-top: 30px !important;}\u201d][vc_column width=\u201d1\/4\u2033][vc_custo\u00adm_heading text=\u201dBilgi \u0130\u015flem Uzman \/ Uzman Yard\u0131mc\u0131s\u0131\u201d font_con\u00adtainer=\u201dtag:h3|text_align:left|color:%23c83e30\u2033 use_them\u00ade_fonts=\u201dyes\u201d][vc_colum\u00adn_text]\u0130\u015f Al\u0131m\u0131 Kapal\u0131d\u0131r[\/vc_colum\u00adn_text][\/vc_column][vc_column width=\u201d3\/4\u2033][vc_colum\u00adn_text]GENEL N\u0130TEL\u0130KLER VE \u0130\u015e TANIMI \u00dcniversitelerin ilgili b\u00f6l\u00fcmlerinden mezun, Donan\u0131m ve teknik destek konusunda en az 5\u00a0y\u0131l tecr\u00fcbeli, Bilgisayar kullan\u0131c\u0131 deste\u011fi, alt yap\u0131 \u00e7al\u0131\u015fmalar\u0131 uygulamalar\u0131nda bulunmu\u015f, MS Exchange, MS Active Directory, Windows 2008, 2008 R2,2012 server hakk\u0131nda bilgi sahibi, Yap\u0131sal [&hellip;]<\/p>\n","protected":false},"author":3,"featured_media":0,"parent":75899,"menu_order":0,"comment_status":"closed","ping_status":"closed","template":"page-full-width.php","meta":{"footnotes":""},"class_list":["post-76843","page","type-page","status-publish","hentry"],"_links":{"self":[{"href":"https:\/\/www.mikropor.com\/tr\/wp-json\/wp\/v2\/pages\/76843","targetHints":{"allow":["GET"]}}],"collection":[{"href":"https:\/\/www.mikropor.com\/tr\/wp-json\/wp\/v2\/pages"}],"about":[{"href":"https:\/\/www.mikropor.com\/tr\/wp-json\/wp\/v2\/types\/page"}],"author":[{"embeddable":true,"href":"https:\/\/www.mikropor.com\/tr\/wp-json\/wp\/v2\/users\/3"}],"replies":[{"embeddable":true,"href":"https:\/\/www.mikropor.com\/tr\/wp-json\/wp\/v2\/comments?post=76843"}],"version-history":[{"count":5,"href":"https:\/\/www.mikropor.com\/tr\/wp-json\/wp\/v2\/pages\/76843\/revisions"}],"predecessor-version":[{"id":77175,"href":"https:\/\/www.mikropor.com\/tr\/wp-json\/wp\/v2\/pages\/76843\/revisions\/77175"}],"up":[{"embeddable":true,"href":"https:\/\/www.mikropor.com\/tr\/wp-json\/wp\/v2\/pages\/75899"}],"wp:attachment":[{"href":"https:\/\/www.mikropor.com\/tr\/wp-json\/wp\/v2\/media?parent=76843"}],"curies":[{"name":"wp","href":"https:\/\/api.w.org\/{rel}","templated":true}]}}