{"id":80916,"date":"2025-06-13T17:20:20","date_gmt":"2025-06-13T14:20:20","guid":{"rendered":"https:\/\/www.mikropor.com\/?page_id=80916"},"modified":"2025-09-08T11:02:28","modified_gmt":"2025-09-08T08:02:28","slug":"yuksek-sicaklik-filtreleri-2","status":"publish","type":"page","link":"https:\/\/www.mikropor.com\/tr\/atmosferik-hava-filtrasyonu\/yuksek-sicaklik-filtreleri-2\/","title":{"rendered":"Y\u00fcksek S\u0131cakl\u0131k Filtreleri"},"content":{"rendered":"<section class=\"wpb-content-wrapper\"><p>[vc_row][vc_column]    <nav class=\"mikropor-breadcrumb\" aria-label=\"Breadcrumb\">\n        <ol class=\"breadcrumb-list\">\n                            <li class=\"breadcrumb-item \">\n                                            <a href=\"https:\/\/www.mikropor.com\/tr\/\">\n                            Anasayfa                        <\/a>\n                                        \n                                    <\/li>\n                    <\/ol>\n    <\/nav>\n    [\/vc_column][\/vc_row][vc_row css=\u201d.vc_custo\u00adm_175387\u00ad1445625{margin-bottom: 35px !important;padding-top: 20px !important;padding-right: 20px !important;padding-bottom: 20px !important;padding-left: 20px !important;background-color: #ffffff !important;}\u201d el_class=\u201dborder-e5e5e5\u2033][vc_column width=\u201d1\/2\u2033][vc_custo\u00adm_heading text=\u201dY\u00fcksek S\u0131cakl\u0131k Filtreleri\u201d font_con\u00adtainer=\u201dtag:h3|text_align:left\u201d google_f\u00adonts=\u201dfont_fam\u00adily:Open%20Sans%3A300%2C300ita\u00adlic%2Cregular%2Citalic%2C600%2C600ita\u00adlic%2C700%2C700ita\u00adlic%2C800%2C800ita\u00adlic|font_style:600%20bold%20regular%3A600%3Anormal\u201d][vc_colum\u00adn_text]Mikropor y\u00fcksek s\u0131cakl\u0131k hava filtreleri, 350\u00b0C\u2019ye kadar dayan\u0131kl\u0131 olup a\u015f\u0131r\u0131 \u0131s\u0131 ko\u015fullar\u00ad\u0131nda g\u00fcvenli ve etkili filtrasyon sa\u011flar. F\u0131r\u0131nlar, boya kabinleri ve steriliz\u00adasyon sistemleri gibi y\u00fcksek s\u0131cakl\u0131k i\u00e7eren uygulama\u00adlar i\u00e7in \u00f6zel olarak tasarlan\u00adm\u0131\u015ft\u0131r.[\/vc_colum\u00adn_text][\/vc_column][vc_column width=\u201d1\/2\u2033][vc_singl\u00ade_image image=\u201d84442\u2033 img_size=\u201dfull\u201d][\/vc_column][\/vc_row][vc_row full_width=\u201dstretch_\u00adrow\u201d equal_he\u00adight=\u201dyes\u201d][vc_column width=\u201d1\/3\u2033]    <\/p><div class=\"product-card-col wpb_column vc_column_container\">\n        <div class=\"vc_column-inner\">\n            <div class=\"wpb_wrapper\">\n                                    <div class=\"wpb_single_image wpb_content_element vc_align_left\">\n                        <figure class=\"wpb_wrapper vc_figure\">\n                                                            <a href=\"https:\/\/www.mikropor.com\/tr\/atmosferik-hava-filtrasyonu\/yuksek-sicaklik-filtreleri-2\/mskpht-serisi\/\" target=\"_self\" class=\"vc_single_image-wrapper vc_box_border_grey\">\n                            \n                            <img loading=\"lazy\" decoding=\"async\" src=\"https:\/\/www.mikropor.com\/wp-content\/uploads\/2025\/07\/30-MSKPHT-SERIES.png\" class=\"vc_single_image-img attachment-full\" alt=\"\">\n\n                                                            <\/a>\n                                                    <\/figure>\n                    <\/div>\n                \n                                    <div class=\"wpb_text_column wpb_content_element \">\n                        <div class=\"wpb_wrapper\">\n                            <div class=\"card-header-custom\">\n                                                                    <a href=\"https:\/\/www.mikropor.com\/tr\/atmosferik-hava-filtrasyonu\/yuksek-sicaklik-filtreleri-2\/mskpht-serisi\/\" target=\"_self\" class=\"product-title\">MSKPHT Serisi<\/a>\n                                \n                                                                    <a class=\"product-button\" href=\"https:\/\/www.mikropor.com\/tr\/atmosferik-hava-filtrasyonu\/yuksek-sicaklik-filtreleri-2\/mskpht-serisi\/\" target=\"_self\">\n                                        <span class=\"arrow\">\u279c<\/span>\n                                    <\/a>\n                                                            <\/div>\n                        <\/div>\n                    <\/div>\n                \n                            <\/div>\n        <\/div>\n    <\/div>\n    [\/vc_column][vc_column width=\u201d1\/3\u2033]    <div class=\"product-card-col wpb_column vc_column_container\">\n        <div class=\"vc_column-inner\">\n            <div class=\"wpb_wrapper\">\n                                    <div class=\"wpb_single_image wpb_content_element vc_align_left\">\n                        <figure class=\"wpb_wrapper vc_figure\">\n                                                            <a href=\"https:\/\/www.mikropor.com\/tr\/atmosferik-hava-filtrasyonu\/yuksek-sicaklik-filtreleri-2\/mv4ht-serisi\/\" target=\"_self\" class=\"vc_single_image-wrapper vc_box_border_grey\">\n                            \n                            <img loading=\"lazy\" decoding=\"async\" src=\"https:\/\/www.mikropor.com\/wp-content\/uploads\/2025\/07\/31-MV4HT-SERIES.png\" class=\"vc_single_image-img attachment-full\" alt=\"\">\n\n                                                            <\/a>\n                                                    <\/figure>\n                    <\/div>\n                \n                                    <div class=\"wpb_text_column wpb_content_element \">\n                        <div class=\"wpb_wrapper\">\n                            <div class=\"card-header-custom\">\n                                                                    <a href=\"https:\/\/www.mikropor.com\/tr\/atmosferik-hava-filtrasyonu\/yuksek-sicaklik-filtreleri-2\/mv4ht-serisi\/\" target=\"_self\" class=\"product-title\">MV4HT Serisi<\/a>\n                                \n                                                                    <a class=\"product-button\" href=\"https:\/\/www.mikropor.com\/tr\/atmosferik-hava-filtrasyonu\/yuksek-sicaklik-filtreleri-2\/mv4ht-serisi\/\" target=\"_self\">\n                                        <span class=\"arrow\">\u279c<\/span>\n                                    <\/a>\n                                                            <\/div>\n                        <\/div>\n                    <\/div>\n                \n                            <\/div>\n        <\/div>\n    <\/div>\n    [\/vc_column][vc_column width=\u201d1\/3\u2033]    <div class=\"product-card-col wpb_column vc_column_container\">\n        <div class=\"vc_column-inner\">\n            <div class=\"wpb_wrapper\">\n                                    <div class=\"wpb_single_image wpb_content_element vc_align_left\">\n                        <figure class=\"wpb_wrapper vc_figure\">\n                                                            <a href=\"https:\/\/www.mikropor.com\/tr\/atmosferik-hava-filtrasyonu\/yuksek-sicaklik-filtreleri-2\/mvhht-serisi\/\" target=\"_self\" class=\"vc_single_image-wrapper vc_box_border_grey\">\n                            \n                            <img loading=\"lazy\" decoding=\"async\" src=\"https:\/\/www.mikropor.com\/wp-content\/uploads\/2025\/07\/32-MVHHT-SERIES.png\" class=\"vc_single_image-img attachment-full\" alt=\"\">\n\n                                                            <\/a>\n                                                    <\/figure>\n                    <\/div>\n                \n                                    <div class=\"wpb_text_column wpb_content_element \">\n                        <div class=\"wpb_wrapper\">\n                            <div class=\"card-header-custom\">\n                                                                    <a href=\"https:\/\/www.mikropor.com\/tr\/atmosferik-hava-filtrasyonu\/yuksek-sicaklik-filtreleri-2\/mvhht-serisi\/\" target=\"_self\" class=\"product-title\">MVHHT Serisi<\/a>\n                                \n                                                                    <a class=\"product-button\" href=\"https:\/\/www.mikropor.com\/tr\/atmosferik-hava-filtrasyonu\/yuksek-sicaklik-filtreleri-2\/mvhht-serisi\/\" target=\"_self\">\n                                        <span class=\"arrow\">\u279c<\/span>\n                                    <\/a>\n                                                            <\/div>\n                        <\/div>\n                    <\/div>\n                \n                            <\/div>\n        <\/div>\n    <\/div>\n    [\/vc_column][\/vc_row][vc_row full_width=\u201dstretch_row\u201d equal_height=\u201dyes\u201d][vc_column width=\u201d1\/3\u2033]    <div class=\"product-card-col wpb_column vc_column_container\">\n        <div class=\"vc_column-inner\">\n            <div class=\"wpb_wrapper\">\n                                    <div class=\"wpb_single_image wpb_content_element vc_align_left\">\n                        <figure class=\"wpb_wrapper vc_figure\">\n                                                            <a href=\"https:\/\/www.mikropor.com\/tr\/atmosferik-hava-filtrasyonu\/yuksek-sicaklik-filtreleri-2\/mpht-serisi-30-78-mm\/\" target=\"_self\" class=\"vc_single_image-wrapper vc_box_border_grey\">\n                            \n                            <img loading=\"lazy\" decoding=\"async\" src=\"https:\/\/www.mikropor.com\/wp-content\/uploads\/2025\/07\/33-MPHT-SERIES-30-78-mm.png\" class=\"vc_single_image-img attachment-full\" alt=\"\">\n\n                                                            <\/a>\n                                                    <\/figure>\n                    <\/div>\n                \n                                    <div class=\"wpb_text_column wpb_content_element \">\n                        <div class=\"wpb_wrapper\">\n                            <div class=\"card-header-custom\">\n                                                                    <a href=\"https:\/\/www.mikropor.com\/tr\/atmosferik-hava-filtrasyonu\/yuksek-sicaklik-filtreleri-2\/mpht-serisi-30-78-mm\/\" target=\"_self\" class=\"product-title\">MPHT Serisi 30-78 mm<\/a>\n                                \n                                                                    <a class=\"product-button\" href=\"https:\/\/www.mikropor.com\/tr\/atmosferik-hava-filtrasyonu\/yuksek-sicaklik-filtreleri-2\/mpht-serisi-30-78-mm\/\" target=\"_self\">\n                                        <span class=\"arrow\">\u279c<\/span>\n                                    <\/a>\n                                                            <\/div>\n                        <\/div>\n                    <\/div>\n                \n                            <\/div>\n        <\/div>\n    <\/div>\n    [\/vc_column][vc_column width=\u201d1\/3\u2033]    <div class=\"product-card-col wpb_column vc_column_container\">\n        <div class=\"vc_column-inner\">\n            <div class=\"wpb_wrapper\">\n                                    <div class=\"wpb_single_image wpb_content_element vc_align_left\">\n                        <figure class=\"wpb_wrapper vc_figure\">\n                                                            <a href=\"https:\/\/www.mikropor.com\/tr\/atmosferik-hava-filtrasyonu\/yuksek-sicaklik-filtreleri-2\/masht-serisi\/\" target=\"_self\" class=\"vc_single_image-wrapper vc_box_border_grey\">\n                            \n                            <img loading=\"lazy\" decoding=\"async\" src=\"https:\/\/www.mikropor.com\/wp-content\/uploads\/2025\/07\/34-MASHT-SERIES.png\" class=\"vc_single_image-img attachment-full\" alt=\"\">\n\n                                                            <\/a>\n                                                    <\/figure>\n                    <\/div>\n                \n                                    <div class=\"wpb_text_column wpb_content_element \">\n                        <div class=\"wpb_wrapper\">\n                            <div class=\"card-header-custom\">\n                                                                    <a href=\"https:\/\/www.mikropor.com\/tr\/atmosferik-hava-filtrasyonu\/yuksek-sicaklik-filtreleri-2\/masht-serisi\/\" target=\"_self\" class=\"product-title\">MASHT Serisi<\/a>\n                                \n                                                                    <a class=\"product-button\" href=\"https:\/\/www.mikropor.com\/tr\/atmosferik-hava-filtrasyonu\/yuksek-sicaklik-filtreleri-2\/masht-serisi\/\" target=\"_self\">\n                                        <span class=\"arrow\">\u279c<\/span>\n                                    <\/a>\n                                                            <\/div>\n                        <\/div>\n                    <\/div>\n                \n                            <\/div>\n        <\/div>\n    <\/div>\n    [\/vc_column][vc_column width=\u201d1\/3\u2033][\/vc_column][\/vc_row][vc_row][vc_column][vc_raw_html]JTNDc3R5bGUlM0UuY29udGVudC1jb250YWluZXIlMjAlN0JwYWRkaW5nLXRvcCUzQSUyMDEwN3B4JTNCJTNDJTJGc3R5bGUlM0U=[\/vc_raw_html][\/vc_column][\/vc_row]\n<\/section>","protected":false},"excerpt":{"rendered":"<p>[vc_row][vc_column][\/vc_column][\/vc_row][vc_row css=\u201d.vc_custo\u00adm_175387\u00ad1445625{margin-bottom: 35px !important;padding-top: 20px !important;padding-right: 20px !important;padding-bottom: 20px !important;padding-left: 20px !important;background-color: #ffffff !important;}\u201d el_class=\u201dborder-e5e5e5\u2033][vc_column width=\u201d1\/2\u2033][vc_custo\u00adm_heading text=\u201dY\u00fcksek S\u0131cakl\u0131k Filtreleri\u201d font_con\u00adtainer=\u201dtag:h3|text_align:left\u201d google_f\u00adonts=\u201dfont_fam\u00adily:Open%20Sans%3A300%2C300ita\u00adlic%2Cregular%2Citalic%2C600%2C600ita\u00adlic%2C700%2C700ita\u00adlic%2C800%2C800ita\u00adlic|font_style:600%20bold%20regular%3A600%3Anormal\u201d][vc_colum\u00adn_text]Mikropor y\u00fcksek s\u0131cakl\u0131k hava filtreleri, 350\u00b0C\u2019ye kadar dayan\u0131kl\u0131 olup a\u015f\u0131r\u0131 \u0131s\u0131 ko\u015fullar\u00ad\u0131nda g\u00fcvenli ve etkili filtrasyon sa\u011flar. F\u0131r\u0131nlar, boya kabinleri ve steriliz\u00adasyon sistemleri gibi y\u00fcksek s\u0131cakl\u0131k i\u00e7eren uygulama\u00adlar i\u00e7in \u00f6zel olarak tasarlan\u00adm\u0131\u015ft\u0131r.[\/vc_colum\u00adn_text][\/vc_column][vc_column width=\u201d1\/2\u2033][vc_singl\u00ade_image image=\u201d84442\u2033 img_size=\u201dfull\u201d][\/vc_column][\/vc_row][vc_row [&hellip;]<\/p>\n","protected":false},"author":3,"featured_media":0,"parent":72438,"menu_order":0,"comment_status":"closed","ping_status":"closed","template":"","meta":{"footnotes":""},"class_list":["post-80916","page","type-page","status-publish","hentry"],"_links":{"self":[{"href":"https:\/\/www.mikropor.com\/tr\/wp-json\/wp\/v2\/pages\/80916","targetHints":{"allow":["GET"]}}],"collection":[{"href":"https:\/\/www.mikropor.com\/tr\/wp-json\/wp\/v2\/pages"}],"about":[{"href":"https:\/\/www.mikropor.com\/tr\/wp-json\/wp\/v2\/types\/page"}],"author":[{"embeddable":true,"href":"https:\/\/www.mikropor.com\/tr\/wp-json\/wp\/v2\/users\/3"}],"replies":[{"embeddable":true,"href":"https:\/\/www.mikropor.com\/tr\/wp-json\/wp\/v2\/comments?post=80916"}],"version-history":[{"count":106,"href":"https:\/\/www.mikropor.com\/tr\/wp-json\/wp\/v2\/pages\/80916\/revisions"}],"predecessor-version":[{"id":90137,"href":"https:\/\/www.mikropor.com\/tr\/wp-json\/wp\/v2\/pages\/80916\/revisions\/90137"}],"up":[{"embeddable":true,"href":"https:\/\/www.mikropor.com\/tr\/wp-json\/wp\/v2\/pages\/72438"}],"wp:attachment":[{"href":"https:\/\/www.mikropor.com\/tr\/wp-json\/wp\/v2\/media?parent=80916"}],"curies":[{"name":"wp","href":"https:\/\/api.w.org\/{rel}","templated":true}]}}