{"id":81415,"date":"2025-06-24T14:02:19","date_gmt":"2025-06-24T11:02:19","guid":{"rendered":"https:\/\/www.mikropor.com\/?page_id=81415"},"modified":"2025-12-10T13:49:29","modified_gmt":"2025-12-10T10:49:29","slug":"kalite-2","status":"publish","type":"page","link":"https:\/\/www.mikropor.com\/tr\/kalite-2\/","title":{"rendered":"Kalite #2"},"content":{"rendered":"<section class=\"wpb-content-wrapper\"><p>[vc_row full_width=\u201dstretch_\u00adrow\u201d parallax=\u201dcontent-moving\u201d bg_type=\u201dimage\u201d parallax\u00ad_style=\u201dvcpb-default\u201d bg_image\u00ad_new=\u201did^72981|url^https:\/\/www.mikropor.com\/wp-content\/uploads\/2021\/04\/Kalite-2-1-scaled-e1617614\u00ad620312.jpg|caption^null|alt^null|title^Kalite-2|descript\u00adion^null\u201d bg_image\u00ad_repeat=\u201dno-repeat\u201d el_class=\u201dvc_hidden-xs hero-bg\u201d css=\u201d.vc_custo\u00adm_176536\u00ad1929996{margin-top: -93px !important;padding-top: 12% !important;padding-bottom: 12% !important;}\u201d][vc_column width=\u201d1\/2\u2033][\/vc_column][vc_column width=\u201d1\/2\u2033][vc_custo\u00adm_heading text=\u201dGelecek nesillere ya\u015fanabi\u00adlir bir d\u00fcnya b\u0131rakmak i\u00e7in \u00e7al\u0131\u015f\u0131yo\u00adruz.\u201d font_con\u00adtainer=\u201dtag:h2|font_size:52px|text_align:right|color:%23ffffff\u201d use_them\u00ade_fonts=\u201dyes\u201d el_class=\u201dabout-subtitle wow fadeIn delay\u20131\u2033][\/vc_column][\/vc_row][vc_row full_width=\u201dstretch_\u00adrow\u201d parallax=\u201dcontent-moving\u201d bg_type=\u201dimage\u201d parallax\u00ad_style=\u201dvcpb-default\u201d bg_image\u00ad_new=\u201did^72981|url^https:\/\/www.mikropor.com\/wp-content\/uploads\/2021\/04\/Kalite-2-1-scaled-e1617614\u00ad620312.jpg|caption^null|alt^null|title^Kalite-2|descript\u00adion^null\u201d bg_image\u00ad_repeat=\u201dno-repeat\u201d el_class=\u201dvc_hidden-lg vc_hidden-md vc_hidden-sm hero-bg\u201d css=\u201d.vc_custo\u00adm_176536\u00ad2007929{margin-top: -50px !important;padding-top: 12% !important;padding-bottom: 12% !important;}\u201d][vc_column width=\u201d1\/2\u2033][\/vc_column][vc_column width=\u201d1\/2\u2033][vc_custo\u00adm_heading text=\u201dGelecek nesillere ya\u015fanabi\u00adlir bir d\u00fcnya b\u0131rakmak i\u00e7in \u00e7al\u0131\u015f\u0131yo\u00adruz.\u201d font_con\u00adtainer=\u201dtag:h2|font_size:24px|text_align:right|color:%23ffffff\u201d use_them\u00ade_fonts=\u201dyes\u201d el_class=\u201dabout-subtitle wow fadeIn delay\u20131\u2033][\/vc_column][\/vc_row][vc_row][vc_column css=\u201d.vc_custo\u00adm_174962\u00ad9847709{margin-top: 15px !important;margin-bottom: 60px !important;}\u201d][vc_colum\u00adn_text]<\/p>\n<p style=\"text-align: center; margin-top: 15px;\"><span style=\"color: #000000;\"><br>\nMikropor olarak, \u00fcretimden hizmete t\u00fcm s\u00fcre\u00e7ler\u00adimizde uluslara\u00adras\u0131 kalite standart\u00adlar\u0131n\u0131 temel al\u0131yoruz. M\u00fc\u015fteri memnuniy\u00adetini ve s\u00fcrekli iyile\u015fti\u00adrmeyi esas alan yakla\u015f\u0131m\u00ad\u0131m\u0131zla, g\u00fcvenilir ve s\u00fcrd\u00fcr\u00fcl\u00adebilir \u00e7\u00f6z\u00fcmler sunuyoruz.<br>\n<\/span><\/p>\n<p>[\/vc_colum\u00adn_text][\/vc_column][\/vc_row][vc_row content_\u00adplacement=\u201dmiddle\u201d el_class=\u201dcorporate-policy-section policy-isg\u201d css=\u201d.vc_custo\u00adm_175397\u00ad1019576{margin-bottom: 30px !important;}\u201d][vc_column width=\u201d1\/3\u2033][vc_singl\u00ade_image image=\u201d81454\u2033 img_size=\u201dfull\u201d][\/vc_column][vc_column width=\u201d2\/3\u2033][vc_colum\u00adn_text]<\/p>\n<h3 style=\"text-align: left;\">\u0130\u015e SA\u011eLI\u011eI VE G\u00dcVENL\u0130\u011e\u0130 POL\u0130T\u0130KASI<\/h3>\n<ul>\n<li>\u0130\u015f kazalar\u0131n\u0131 ve meslek hastal\u0131klar\u0131n\u0131 \u00f6nlemek amac\u0131yla proaktif ve \u00f6nleyici tedbirler almak.<\/li>\n<li>\u00c7al\u0131\u015fanlar\u0131m\u0131za ve ziyaret\u00e7ilerimize sa\u011fl\u0131kl\u0131 ve g\u00fcvenli bir \u00e7al\u0131\u015fma ortam\u0131 sa\u011flamak.<\/li>\n<li>\u00c7al\u0131\u015fanlar\u0131m\u0131z\u0131n kat\u0131l\u0131m\u0131yla \u0130SG risklerini de\u011ferlendirerek kabul edilebilir seviyelere indirmek.<\/li>\n<li>Yasal ve di\u011fer gerekliliklere titizlikle uymak.<\/li>\n<li>\u00c7al\u0131\u015fanlar\u0131m\u0131z\u0131n \u0130SG fark\u0131ndal\u0131\u011f\u0131n\u0131 art\u0131rmak ve e\u011fitimlerle s\u00fcrekli geli\u015fimlerini desteklemek.<\/li>\n<li>\u00d6neri ve geri bildirim mekanizmalar\u0131yla \u0130SG performans\u0131m\u0131z\u0131 devaml\u0131 geli\u015ftirmek.<\/li>\n<li>\u0130SG hedeflerimize ula\u015fmak i\u00e7in kaynaklar\u0131m\u0131z\u0131 etkin kullanmak ve s\u00fcrekli iyile\u015ftirme s\u00fcre\u00e7lerini uygulamak.<\/li>\n<\/ul>\n<p>[\/vc_colum\u00adn_text][\/vc_column][\/vc_row][vc_row content_\u00adplacement=\u201dmiddle\u201d el_class=\u201dcorporate-policy-section policy-cevre\u201d css=\u201d.vc_custo\u00adm_175397\u00ad1026884{margin-bottom: 30px !important;}\u201d][vc_column width=\u201d2\/3\u2033][vc_colum\u00adn_text]<\/p>\n<h3>\u00c7EVRE POL\u0130T\u0130KASI<\/h3>\n<ul>\n<li>Yasal s\u00fcre\u00e7ler ve uluslararas\u0131 antla\u015fmalara titizlikle uymak.<\/li>\n<li>\u00c7evresel riskleri azaltarak \u00e7evre k\u00fclt\u00fcr\u00fcn\u00fc olu\u015fturmak ve yayg\u0131nla\u015ft\u0131rmak.<\/li>\n<li>\u00c7al\u0131\u015fanlar\u0131m\u0131z\u0131n ve t\u00fcm payda\u015flar\u0131m\u0131z\u0131n \u00e7evre bilincini art\u0131racak e\u011fitimler d\u00fczenlemek.<\/li>\n<li>Do\u011fal kaynak kullan\u0131m\u0131n\u0131n \u00e7evreye etkilerinde duyarl\u0131 olmak.<\/li>\n<li>Yenilenebilir enerji kaynaklar\u0131na \u00f6ncelik vermek.<\/li>\n<li>At\u0131klar\u0131 kayna\u011f\u0131nda ayr\u0131\u015ft\u0131rmak, geri d\u00f6n\u00fc\u015f\u00fcm\u00fc yayg\u0131nla\u015ft\u0131rmak ve at\u0131k miktar\u0131n\u0131 azaltmak.<\/li>\n<li>\u00c7evresel etkilerin izlenerek s\u00fcrekli olarak iyile\u015ftirilmesini yapmak.<\/li>\n<li>Karbon sal\u0131n\u0131m\u0131n\u0131 azaltmaya y\u00f6nelik hedefler belirlemek ve bu hedeflere y\u00f6nelik \u00e7al\u0131\u015fmalar yapmak.<\/li>\n<li>Performans g\u00f6stergeleri belirleyerek etkinli\u011fini izlemek ve d\u00fczenli olarak raporlamak.<\/li>\n<\/ul>\n<p>[\/vc_colum\u00adn_text][\/vc_column][vc_column width=\u201d1\/3\u2033][vc_singl\u00ade_image image=\u201d88398\u2033 img_size=\u201dfull\u201d][\/vc_column][\/vc_row][vc_row content_\u00adplacement=\u201dmiddle\u201d el_class=\u201dcorporate-policy-section policy-kalite\u201d css=\u201d.vc_custo\u00adm_175397\u00ad1031087{margin-bottom: 30px !important;}\u201d][vc_column width=\u201d1\/3\u2033][vc_singl\u00ade_image image=\u201d88402\u2033 img_size=\u201dfull\u201d][\/vc_column][vc_column width=\u201d2\/3\u2033][vc_colum\u00adn_text]<\/p>\n<h3>KAL\u0130TE POL\u0130T\u0130KASI<\/h3>\n<ul>\n<li>M\u00fc\u015fteri odakl\u0131 yakla\u015f\u0131m\u0131m\u0131z ile m\u00fc\u015fterilerin ihtiya\u00e7lar\u0131na duyarl\u0131 olarak beklentilerinin \u00f6tesine ge\u00e7en \u00fcr\u00fcnler \u00fcretmek, geli\u015ftirmek.<\/li>\n<li>Ar-Ge ve inovasyona verdi\u011fimiz de\u011fer ile rekabet g\u00fcc\u00fcm\u00fcz\u00fc s\u00fcrekli iyile\u015ftirmek.<\/li>\n<li>Kalite Y\u00f6netim Sistemimizin performans\u0131n\u0131 s\u00fcrekli iyile\u015ftirmek ve geli\u015ftirmek.<\/li>\n<li>T\u00fcm i\u015f s\u00fcre\u00e7lerimizdeki verimlili\u011fin uluslararas\u0131 seviyelerde s\u00fcrd\u00fcr\u00fclebilir bir rekabet unsuru olmas\u0131n\u0131 sa\u011flamak.<\/li>\n<li>Tedarik\u00e7ilerimizle i\u015fbirli\u011fimizi etik kurallar \u00e7er\u00e7evesinde kar\u015f\u0131l\u0131kl\u0131 g\u00fcven ve kazanca dayal\u0131 olarak ger\u00e7ekle\u015ftirmek.<\/li>\n<li>\u00c7al\u0131\u015fanlar\u0131m\u0131z\u0131n bilgi ve becerilerini geli\u015ftirmek.<\/li>\n<\/ul>\n<p>[\/vc_colum\u00adn_text][\/vc_column][\/vc_row][vc_row content_\u00adplacement=\u201dmiddle\u201d el_class=\u201dcorporate-policy-section policy-tibbi\u201d css=\u201d.vc_custo\u00adm_175397\u00ad1035312{margin-bottom: 30px !important;}\u201d][vc_column width=\u201d2\/3\u2033][vc_colum\u00adn_text]<\/p>\n<h3>TIBB\u0130 C\u0130HAZLAR KAL\u0130TE Y\u00d6NET\u0130M S\u0130STEM\u0130 POL\u0130T\u0130KASI<\/h3>\n<ul>\n<li>M\u00fc\u015fteri odakl\u0131 yakla\u015f\u0131m\u0131m\u0131z ile m\u00fc\u015fterilerin t\u0131bbi cihazlar ve komponentlerine olan ihtiya\u00e7 ve beklentileri do\u011frultusunda \u00fcr\u00fcnler \u00fcretmek, geli\u015ftirmek.<\/li>\n<li>Ar-Ge ve inovasyona verdi\u011fimiz de\u011fer ile rekabet g\u00fcc\u00fcm\u00fcz\u00fc s\u00fcrekli iyile\u015ftirmek.<\/li>\n<li>Kalite Y\u00f6netim Sistemimizin performans\u0131n\u0131 s\u00fcrekli iyile\u015ftirmek ve geli\u015ftirmek.<\/li>\n<li>T\u00fcm i\u015f s\u00fcre\u00e7lerimizdeki verimlili\u011fin uluslararas\u0131 seviyelerde s\u00fcrd\u00fcr\u00fclebilir bir rekabet unsuru olmas\u0131n\u0131 sa\u011flamak.<\/li>\n<li>Tedarik\u00e7ilerimizle i\u015fbirli\u011fimizi etik kurallar \u00e7er\u00e7evesinde kar\u015f\u0131l\u0131kl\u0131 g\u00fcven ve kazanca dayal\u0131 olarak ger\u00e7ekle\u015ftirmek.<\/li>\n<li>\u00c7al\u0131\u015fanlar\u0131m\u0131z\u0131n bilgi ve becerilerini geli\u015ftirmek.<\/li>\n<\/ul>\n<p>[\/vc_colum\u00adn_text][\/vc_column][vc_column width=\u201d1\/3\u2033][vc_singl\u00ade_image image=\u201d88406\u2033 img_size=\u201dfull\u201d][\/vc_column][\/vc_row][vc_row content_\u00adplacement=\u201dmiddle\u201d el_class=\u201dcorporate-policy-section policy-enerji\u201d css=\u201d.vc_custo\u00adm_175397\u00ad1043269{margin-bottom: 30px !important;}\u201d][vc_column width=\u201d1\/3\u2033][vc_singl\u00ade_image image=\u201d88410\u2033 img_size=\u201dfull\u201d][\/vc_column][vc_column width=\u201d2\/3\u2033][vc_colum\u00adn_text]<\/p>\n<h3>ENERJ\u0130 POL\u0130T\u0130KASI<\/h3>\n<ul>\n<li>Sekt\u00f6rdeki teknolojik yenilikleri takip ederek, y\u00f6netim kadromuz ve e\u011fitimli personelimizle, m\u00fc\u015fterilerimizin ihtiya\u00e7 ve beklentilerini enerji y\u00f6netim sistemi \u015fartlar\u0131na uygun olarak kar\u015f\u0131lamak,<\/li>\n<li>Enerji y\u00f6netim sistemimizi, s\u00fcrekli geli\u015ftirmek ve iyile\u015ftirmek,<\/li>\n<li>Tabi oldu\u011fumuz yasal \u015fartlar, standartlar ve uygunluk y\u00fck\u00fcml\u00fcl\u00fcklerimize, y\u00fcr\u00fcrl\u00fckteki Enerji mevzuatlar\u0131na uymak,<\/li>\n<li>Enerji, hammadde ve do\u011fal kaynaklar\u0131n verimli kullan\u0131lmas\u0131n\u0131 sa\u011flamak,<\/li>\n<li>\u00c7al\u0131\u015fmalar\u0131m\u0131zda y\u00fcksek verimlilik, d\u00fc\u015f\u00fck enerji t\u00fcketimi ilkesine ba\u011fl\u0131 kalmak,<\/li>\n<li>\u00c7al\u0131\u015fanlar\u0131m\u0131z\u0131 enerji tasarrufu konusunda bilin\u00e7lendirmek,<\/li>\n<li>Enerji t\u00fcketimini en aza indirecek faaliyetler ger\u00e7ekle\u015ftirmek.<\/li>\n<\/ul>\n<p>[\/vc_colum\u00adn_text][\/vc_column][\/vc_row][vc_row content_\u00adplacement=\u201dmiddle\u201d el_class=\u201dcorporate-policy-section policy-surdurul\u00adebilirlik\u201d css=\u201d.vc_custo\u00adm_175397\u00ad1047547{margin-bottom: 30px !important;}\u201d][vc_column width=\u201d2\/3\u2033][vc_colum\u00adn_text]<\/p>\n<h3>S\u00dcRD\u00dcR\u00dcLEB\u0130L\u0130RL\u0130K POL\u0130T\u0130KASI<\/h3>\n<h4><strong>\u00c7evresel S\u00fcrd\u00fcr\u00fclebilirlik<\/strong><\/h4>\n<ul>\n<li>Do\u011fal kaynak kullan\u0131m\u0131n\u0131n \u00e7evreye etkilerinde duyarl\u0131 olmak.<\/li>\n<li>Kaynaklar\u0131m\u0131z\u0131 etkin kullanarak, \u00fcr\u00fcn ve hizmetlerimizden kaynaklanan at\u0131k miktar\u0131n\u0131 azaltmak.<\/li>\n<li>Karbon sal\u0131n\u0131m\u0131n\u0131 ve iklim de\u011fi\u015fikli\u011fini azalt\u0131c\u0131 \u00fcretim s\u00fcre\u00e7lerini yayg\u0131nla\u015ft\u0131rmak.<\/li>\n<li>Yenilenebilir enerji kaynaklar\u0131na \u00f6ncelik vererek s\u00fcrd\u00fcr\u00fclebilir kalk\u0131nmay\u0131 desteklemek.<\/li>\n<\/ul>\n<h4><strong>Sosyal S\u00fcrd\u00fcr\u00fclebilirlik<\/strong><\/h4>\n<ul>\n<li>\u0130\u015f yerinde cinsiyet, etnik k\u00f6ken, ya\u015f, din, engellilik durumu gibi herhangi bir ayr\u0131m g\u00f6zetmeksizin e\u015fit f\u0131rsatlar sa\u011flamak.<\/li>\n<li>\u00c7al\u0131\u015fma ko\u015fullar\u0131n\u0131 s\u00fcrekli iyile\u015ftirmek, adil \u00fccret politikas\u0131 ve yan haklarla \u00e7al\u0131\u015fanlar\u0131m\u0131z\u0131n refah\u0131n\u0131 desteklemek.<\/li>\n<li>\u00c7al\u0131\u015fanlar\u0131m\u0131z\u0131n i\u015f-ya\u015fam dengesini koruyarak aile dostu politikalar geli\u015ftirmek.<\/li>\n<li>Bulundu\u011fumuz topluluklara katk\u0131 sa\u011flayarak toplumsal kalk\u0131nmay\u0131 desteklemek.<\/li>\n<\/ul>\n<h4><strong>Ekonomik S\u00fcrd\u00fcr\u00fclebilirlik<\/strong><\/h4>\n<ul>\n<li>Finansal performans\u0131m\u0131z\u0131 s\u00fcrd\u00fcr\u00fclebilir k\u0131lmak i\u00e7in risk y\u00f6netimi stratejilerini uygulamak.<\/li>\n<li>Finansal \u015feffafl\u0131\u011f\u0131 \u00f6n planda tutmak.<\/li>\n<li>Teknolojik geli\u015fmeleri, dijital d\u00f6n\u00fc\u015f\u00fcm, ye\u015fil teknoloji ve inovatif i\u015f modellerini benimseyerek s\u00fcrd\u00fcr\u00fclebilir \u00e7\u00f6z\u00fcmler \u00fcretmek.<\/li>\n<li>\u015eeffaf ileti\u015fim ve i\u015f birli\u011fiyle t\u00fcm payda\u015flar\u0131m\u0131z\u0131n s\u00fcrd\u00fcr\u00fclebilirlik hedeflerine katk\u0131da bulunmak.<\/li>\n<li>Ekonomik ili\u015fkilerimizi s\u00fcrd\u00fcr\u00fclebilirlik temelinde kurmak.<\/li>\n<\/ul>\n<p>[\/vc_colum\u00adn_text][\/vc_column][vc_column width=\u201d1\/3\u2033][vc_singl\u00ade_image image=\u201d88414\u2033 img_size=\u201dfull\u201d][\/vc_column][\/vc_row][vc_row css=\u201d.vc_custo\u00adm_175077\u00ad4028296{padding-top: 60px !important;}\u201d][vc_column][vc_custo\u00adm_heading text=\u201dBelgeler\u00adimiz ve Sertifik\u00adalar\u0131m\u0131z\u201d google_f\u00adonts=\u201dfont_fam\u00adily:Open%20Sans%3A300%2C300ita\u00adlic%2Cregular%2Citalic%2C600%2C600ita\u00adlic%2C700%2C700ita\u00adlic%2C800%2C800ita\u00adlic|font_style:600%20bold%20regular%3A600%3Anormal\u201d][vc_colum\u00adn_text]T\u00fcm sertifik\u00adalar\u0131m\u0131z ve belgeler\u00adimize a\u015fa\u011f\u0131dan ula\u015fabil\u00adirsiniz.[\/vc_colum\u00adn_text][vc_row_i\u00adnner css=\u201d.vc_custo\u00adm_175077\u00ad4802996{padding-top: 30px !important;}\u201d][vc_colum\u00adn_inner width=\u201d1\/3\u2033 css=\u201d.vc_custo\u00adm_175077\u00ad5191303{padding-right: 7px !important;padding-left: 7px !important;}\u201d][vc_colum\u00adn_text el_class=\u201dsertifika-div\u201d]<a class=\"sertifika-alt\"><img decoding=\"async\" class=\"alignnone wp-image-74241\" src=\"https:\/\/www.mikropor.com\/wp-content\/uploads\/2021\/05\/CE.png\" alt=\"\" width=\"52\" height=\"52\"> <strong>Avrupa Birli\u011fi<br>\n<span style=\"display: inline-block; font-weight: 400;\">Conformit\u00e9 Europ\u00e9enne<\/span><\/strong><\/a><\/p>\n<p><a class=\"sertifika-alt\"><img decoding=\"async\" class=\"alignnone wp-image-74241\" src=\"https:\/\/www.mikropor.com\/wp-content\/webp-express\/webp-images\/uploads\/2021\/05\/Topas-Logo-1-61x61.png.webp\" alt=\"\" width=\"52\" height=\"52\"> <strong>TOPAS<br>\n<span style=\"display: inline-block; font-weight: 400;\">Compliance Certific\u00adate<\/span><\/strong><\/a><\/p>\n<p><a class=\"sertifika-alt\"><img decoding=\"async\" class=\"alignnone wp-image-74241\" src=\"https:\/\/www.mikropor.com\/wp-content\/webp-express\/webp-images\/uploads\/2021\/06\/VDI_Siegel-61x61.png.webp\" alt=\"\" width=\"52\" height=\"52\"> <strong>VDI<br>\n<span style=\"display: inline-block; font-weight: 400;\">Hygienic Conformity<\/span><\/strong><\/a><\/p>\n<p>[\/vc_colum\u00adn_text][\/vc_colum\u00adn_inner][vc_colum\u00adn_inner width=\u201d1\/3\u2033 css=\u201d.vc_custo\u00adm_175077\u00ad5196797{padding-right: 7px !important;padding-left: 7px !important;}\u201d][vc_colum\u00adn_text el_class=\u201dsertifika-div\u201d]<a class=\"sertifika-alt\"><img loading=\"lazy\" decoding=\"async\" class=\"alignnone wp-image-74241\" src=\"https:\/\/www.mikropor.com\/wp-content\/webp-express\/webp-images\/uploads\/2021\/03\/cert_nbbi-61x61.png.webp\" alt=\"\" width=\"52\" height=\"52\"> <strong>National Board<br>\n<span style=\"display: inline-block; font-weight: 400;\">Certific\u00adation Diploma<\/span><\/strong><\/a><\/p>\n<p><a class=\"sertifika-alt\"><img loading=\"lazy\" decoding=\"async\" class=\"alignnone wp-image-74241\" src=\"https:\/\/www.mikropor.com\/wp-content\/webp-express\/webp-images\/uploads\/2021\/03\/iso-logo.png.webp\" alt=\"\" width=\"52\" height=\"52\"> <strong>ISO<br>\n<span style=\"display: inline-block; font-weight: 400;\">ISO Sertifik\u00adalar\u0131<\/span><\/strong><\/a><\/p>\n<p><a class=\"sertifika-alt\"><img loading=\"lazy\" decoding=\"async\" class=\"alignnone wp-image-74241\" src=\"https:\/\/www.mikropor.com\/wp-content\/webp-express\/webp-images\/uploads\/2021\/06\/C-UL-2-61x61.png.webp\" alt=\"\" width=\"52\" height=\"52\"> <strong>UL<br>\n<span style=\"display: inline-block; font-weight: 400;\">cUL Listed Certific\u00adation<\/span><\/strong><\/a>[\/vc_colum\u00adn_text][\/vc_colum\u00adn_inner][vc_colum\u00adn_inner width=\u201d1\/3\u2033][vc_colum\u00adn_text el_class=\u201dsertifika-div\u201d]<a class=\"sertifika-alt\"><img loading=\"lazy\" decoding=\"async\" class=\"alignnone wp-image-74241\" src=\"https:\/\/www.mikropor.com\/wp-content\/webp-express\/webp-images\/uploads\/2021\/03\/Designador-U-e1615411064549-61x65.png.webp\" alt=\"\" width=\"52\" height=\"52\"> <strong>ASME<br>\n<span style=\"display: inline-block; font-weight: 400;\">Certific\u00adation Diploma<\/span><\/strong><\/a><\/p>\n<p><a class=\"sertifika-alt\"><img loading=\"lazy\" decoding=\"async\" class=\"alignnone wp-image-74241\" src=\"https:\/\/www.mikropor.com\/wp-content\/webp-express\/webp-images\/uploads\/2021\/05\/ATEX-60x60.png.webp\" alt=\"\" width=\"52\" height=\"52\"> <strong>Atex<br>\n<span style=\"display: inline-block; font-weight: 400;\">Certific\u00adate of Conformity<\/span><\/strong><\/a><\/p>\n<p><a class=\"sertifika-alt\"><img loading=\"lazy\" decoding=\"async\" class=\"alignnone wp-image-74241\" src=\"https:\/\/www.mikropor.com\/wp-content\/webp-express\/webp-images\/uploads\/2021\/03\/cagi-compressed-air-and-gas-institute.png.webp\" alt=\"\" width=\"52\" height=\"52\"> <strong>CAGI<br>\n<span style=\"display: inline-block; font-weight: 400;\">Test Reports<\/span><\/strong><\/a><br>\n[\/vc_colum\u00adn_text][\/vc_colum\u00adn_inner][\/vc_row_i\u00adnner][\/vc_column][\/vc_row]<\/p>\n<\/section>","protected":false},"excerpt":{"rendered":"<p>[vc_row full_width=\u201dstretch_\u00adrow\u201d parallax=\u201dcontent-moving\u201d bg_type=\u201dimage\u201d parallax\u00ad_style=\u201dvcpb-default\u201d bg_image\u00ad_new=\u201did^72981|url^https:\/\/www.mikropor.com\/wp-content\/uploads\/2021\/04\/Kalite-2-1-scaled-e1617614\u00ad620312.jpg|caption^null|alt^null|title^Kalite-2|descript\u00adion^null\u201d bg_image\u00ad_repeat=\u201dno-repeat\u201d el_class=\u201dvc_hidden-xs hero-bg\u201d css=\u201d.vc_custo\u00adm_176536\u00ad1929996{margin-top: -93px !important;padding-top: 12% !important;padding-bottom: 12% !important;}\u201d][vc_column width=\u201d1\/2\u2033][\/vc_column][vc_column width=\u201d1\/2\u2033][vc_custo\u00adm_heading text=\u201dGelecek nesillere ya\u015fanabi\u00adlir bir d\u00fcnya b\u0131rakmak i\u00e7in \u00e7al\u0131\u015f\u0131yo\u00adruz.\u201d font_con\u00adtainer=\u201dtag:h2|font_size:52px|text_align:right|color:%23ffffff\u201d use_them\u00ade_fonts=\u201dyes\u201d el_class=\u201dabout-subtitle wow fadeIn delay\u20131\u2033][\/vc_column][\/vc_row][vc_row full_width=\u201dstretch_\u00adrow\u201d parallax=\u201dcontent-moving\u201d bg_type=\u201dimage\u201d parallax\u00ad_style=\u201dvcpb-default\u201d bg_image\u00ad_new=\u201did^72981|url^https:\/\/www.mikropor.com\/wp-content\/uploads\/2021\/04\/Kalite-2-1-scaled-e1617614\u00ad620312.jpg|caption^null|alt^null|title^Kalite-2|descript\u00adion^null\u201d bg_image\u00ad_repeat=\u201dno-repeat\u201d el_class=\u201dvc_hidden-lg vc_hidden-md vc_hidden-sm hero-bg\u201d css=\u201d.vc_custo\u00adm_176536\u00ad2007929{margin-top: -50px !important;padding-top: 12% !important;padding-bottom: 12% !important;}\u201d][vc_column width=\u201d1\/2\u2033][\/vc_column][vc_column width=\u201d1\/2\u2033][vc_custo\u00adm_heading text=\u201dGelecek nesillere ya\u015fanabi\u00adlir bir [&hellip;]<\/p>\n","protected":false},"author":3,"featured_media":0,"parent":0,"menu_order":0,"comment_status":"closed","ping_status":"closed","template":"page-full-width.php","meta":{"footnotes":""},"class_list":["post-81415","page","type-page","status-publish","hentry"],"_links":{"self":[{"href":"https:\/\/www.mikropor.com\/tr\/wp-json\/wp\/v2\/pages\/81415","targetHints":{"allow":["GET"]}}],"collection":[{"href":"https:\/\/www.mikropor.com\/tr\/wp-json\/wp\/v2\/pages"}],"about":[{"href":"https:\/\/www.mikropor.com\/tr\/wp-json\/wp\/v2\/types\/page"}],"author":[{"embeddable":true,"href":"https:\/\/www.mikropor.com\/tr\/wp-json\/wp\/v2\/users\/3"}],"replies":[{"embeddable":true,"href":"https:\/\/www.mikropor.com\/tr\/wp-json\/wp\/v2\/comments?post=81415"}],"version-history":[{"count":99,"href":"https:\/\/www.mikropor.com\/tr\/wp-json\/wp\/v2\/pages\/81415\/revisions"}],"predecessor-version":[{"id":91482,"href":"https:\/\/www.mikropor.com\/tr\/wp-json\/wp\/v2\/pages\/81415\/revisions\/91482"}],"wp:attachment":[{"href":"https:\/\/www.mikropor.com\/tr\/wp-json\/wp\/v2\/media?parent=81415"}],"curies":[{"name":"wp","href":"https:\/\/api.w.org\/{rel}","templated":true}]}}