{"id":81755,"date":"2025-06-25T15:55:20","date_gmt":"2025-06-25T12:55:20","guid":{"rendered":"https:\/\/www.mikropor.com\/?page_id=81755"},"modified":"2026-01-08T09:19:47","modified_gmt":"2026-01-08T06:19:47","slug":"ilac-endustrisi","status":"publish","type":"page","link":"https:\/\/www.mikropor.com\/tr\/ilac-endustrisi\/","title":{"rendered":"\u0130la\u00e7 End\u00fcstrisi"},"content":{"rendered":"<section class=\"wpb-content-wrapper\"><p>[vc_row][vc_column]    <nav class=\"mikropor-breadcrumb\" aria-label=\"Breadcrumb\">\n        <ol class=\"breadcrumb-list\">\n                            <li class=\"breadcrumb-item \">\n                                            <a href=\"https:\/\/www.mikropor.com\/tr\/\">\n                            Anasayfa                        <\/a>\n                                        \n                                            <span class=\"breadcrumb-separator\" aria-hidden=\"true\">&gt;<\/span>\n                                    <\/li>\n                            <li class=\"breadcrumb-item \">\n                                            <a href=\"https:\/\/www.mikropor.com\/tr\/atmosferik-hava-filtrasyonu-2\/\">\n                            Atmosferik Hava Filtrasy\u00adonu                        <\/a>\n                                        \n                                    <\/li>\n                    <\/ol>\n    <\/nav>\n    [\/vc_column][\/vc_row][vc_row equal_he\u00adight=\u201dyes\u201d css=\u201d.vc_custo\u00adm_175187\u00ad1457710{margin-bottom: 35px !important;padding-top: 20px !important;padding-right: 20px !important;padding-bottom: 20px !important;padding-left: 20px !important;background-color: #ffffff !important;}\u201d el_class=\u201dborder-e5e5e5\u2033][vc_column width=\u201d1\/2\u2033][vc_custo\u00adm_heading text=\u201d\u0130la\u00e7 End\u00fcstrisi\u201d font_con\u00adtainer=\u201dtag:h4|text_align:left\u201d google_f\u00adonts=\u201dfont_fam\u00adily:Open%20Sans%3A300%2C300ita\u00adlic%2Cregular%2Citalic%2C600%2C600ita\u00adlic%2C700%2C700ita\u00adlic%2C800%2C800ita\u00adlic|font_style:700%20bold%20regular%3A700%3Anormal\u201d][vc_colum\u00adn_text]Mikropor, kat\u0131 kontamin\u00adasyon kontrol\u00fc gerektiren ila\u00e7 \u00fcretim ortamlar\u0131 i\u00e7in geli\u015fmi\u015f hava filtrasyon sistemleri sunmakta\u00add\u0131r. EPA, HEPA, ULPA filtrele\u00adrimiz ve Laminer Hava Ak\u0131\u015f sistemle\u00adrimiz, ila\u00e7 \u00fcretim g\u00fcvenli\u011fi i\u00e7in gerekli partik\u00fcl\u00ads\u00fcz temiz oda ko\u015fullar\u00ad\u0131n\u0131 sa\u011flar. Bu \u00f6zelle\u015fmi\u015f filtrasyon \u00e7\u00f6z\u00fcmleri, havadaki kirletic\u00adileri elimine ederek ila\u00e7 end\u00fcstrisi standart\u00adlar\u0131na uygun steril \u00fcretim ortamlar\u0131 olu\u015fturur.[\/vc_colum\u00adn_text][\/vc_column][vc_column width=\u201d1\/2\u2033 el_class=\u201dimage-column\u201d][vc_singl\u00ade_image image=\u201d87789\u2033 img_size=\u201dfull\u201d alignment=\u201dcenter\u201d style=\u201dvc_box_r\u00adounded\u201d css=\u201d.vc_custo\u00adm_175619\u00ad2776582{margin-top: 5px !important;}\u201d el_class=\u201dwow fadeIn delay\u20131\u2033][\/vc_column][\/vc_row][vc_row full_width=\u201dstretch_\u00adrow\u201d equal_he\u00adight=\u201dyes\u201d][vc_column width=\u201d1\/3\u2033]    <\/p><div class=\"product-card-col wpb_column vc_column_container\">\n        <div class=\"vc_column-inner\">\n            <div class=\"wpb_wrapper\">\n                                    <div class=\"wpb_single_image wpb_content_element vc_align_left\">\n                        <figure class=\"wpb_wrapper vc_figure\">\n                                                            <a href=\"https:\/\/www.mikropor.com\/tr\/atmosferik-hava-filtrasyonu\/kaba-filtreler\/mskpn-serisi\/\" target=\"_self\" class=\"vc_single_image-wrapper vc_box_border_grey\">\n                            \n                            <img loading=\"lazy\" decoding=\"async\" src=\"https:\/\/www.mikropor.com\/wp-content\/uploads\/2025\/07\/7-MSKPN-SERIES.png\" class=\"vc_single_image-img attachment-full\" alt=\"\">\n\n                                                            <\/a>\n                                                    <\/figure>\n                    <\/div>\n                \n                                    <div class=\"wpb_text_column wpb_content_element \">\n                        <div class=\"wpb_wrapper\">\n                            <div class=\"card-header-custom\">\n                                                                    <a href=\"https:\/\/www.mikropor.com\/tr\/atmosferik-hava-filtrasyonu\/kaba-filtreler\/mskpn-serisi\/\" target=\"_self\" class=\"product-title\">MSKPN Serisi<\/a>\n                                \n                                                                    <a class=\"product-button\" href=\"https:\/\/www.mikropor.com\/tr\/atmosferik-hava-filtrasyonu\/kaba-filtreler\/mskpn-serisi\/\" target=\"_self\">\n                                        <span class=\"arrow\">\u279c<\/span>\n                                    <\/a>\n                                                            <\/div>\n                        <\/div>\n                    <\/div>\n                \n                            <\/div>\n        <\/div>\n    <\/div>\n    [\/vc_column][vc_column width=\u201d1\/3\u2033]    <div class=\"product-card-col wpb_column vc_column_container\">\n        <div class=\"vc_column-inner\">\n            <div class=\"wpb_wrapper\">\n                                    <div class=\"wpb_single_image wpb_content_element vc_align_left\">\n                        <figure class=\"wpb_wrapper vc_figure\">\n                                                            <a href=\"https:\/\/www.mikropor.com\/tr\/atmosferik-hava-filtrasyonu\/hassas-filtreler\/mpg-serisi\/\" target=\"_self\" class=\"vc_single_image-wrapper vc_box_border_grey\">\n                            \n                            <img loading=\"lazy\" decoding=\"async\" src=\"https:\/\/www.mikropor.com\/wp-content\/uploads\/2025\/07\/18-MPG-SERIES.png\" class=\"vc_single_image-img attachment-full\" alt=\"\">\n\n                                                            <\/a>\n                                                    <\/figure>\n                    <\/div>\n                \n                                    <div class=\"wpb_text_column wpb_content_element \">\n                        <div class=\"wpb_wrapper\">\n                            <div class=\"card-header-custom\">\n                                                                    <a href=\"https:\/\/www.mikropor.com\/tr\/atmosferik-hava-filtrasyonu\/hassas-filtreler\/mpg-serisi\/\" target=\"_self\" class=\"product-title\">MPG Serisi<\/a>\n                                \n                                                                    <a class=\"product-button\" href=\"https:\/\/www.mikropor.com\/tr\/atmosferik-hava-filtrasyonu\/hassas-filtreler\/mpg-serisi\/\" target=\"_self\">\n                                        <span class=\"arrow\">\u279c<\/span>\n                                    <\/a>\n                                                            <\/div>\n                        <\/div>\n                    <\/div>\n                \n                            <\/div>\n        <\/div>\n    <\/div>\n    [\/vc_column][vc_column width=\u201d1\/3\u2033]    <div class=\"product-card-col wpb_column vc_column_container\">\n        <div class=\"vc_column-inner\">\n            <div class=\"wpb_wrapper\">\n                                    <div class=\"wpb_single_image wpb_content_element vc_align_left\">\n                        <figure class=\"wpb_wrapper vc_figure\">\n                                                            <a href=\"https:\/\/www.mikropor.com\/tr\/atmosferik-hava-filtrasyonu\/kaba-filtreler\/mpre-serisi\/\" target=\"_self\" class=\"vc_single_image-wrapper vc_box_border_grey\">\n                            \n                            <img loading=\"lazy\" decoding=\"async\" src=\"https:\/\/www.mikropor.com\/wp-content\/uploads\/2025\/07\/13-MPRE-SERIES.png\" class=\"vc_single_image-img attachment-full\" alt=\"\">\n\n                                                            <\/a>\n                                                    <\/figure>\n                    <\/div>\n                \n                                    <div class=\"wpb_text_column wpb_content_element \">\n                        <div class=\"wpb_wrapper\">\n                            <div class=\"card-header-custom\">\n                                                                    <a href=\"https:\/\/www.mikropor.com\/tr\/atmosferik-hava-filtrasyonu\/kaba-filtreler\/mpre-serisi\/\" target=\"_self\" class=\"product-title\">MPRE Serisi<\/a>\n                                \n                                                                    <a class=\"product-button\" href=\"https:\/\/www.mikropor.com\/tr\/atmosferik-hava-filtrasyonu\/kaba-filtreler\/mpre-serisi\/\" target=\"_self\">\n                                        <span class=\"arrow\">\u279c<\/span>\n                                    <\/a>\n                                                            <\/div>\n                        <\/div>\n                    <\/div>\n                \n                            <\/div>\n        <\/div>\n    <\/div>\n    [\/vc_column][\/vc_row][vc_row full_width=\u201dstretch_row\u201d equal_height=\u201dyes\u201d][vc_column width=\u201d1\/3\u2033]    <div class=\"product-card-col wpb_column vc_column_container\">\n        <div class=\"vc_column-inner\">\n            <div class=\"wpb_wrapper\">\n                                    <div class=\"wpb_single_image wpb_content_element vc_align_left\">\n                        <figure class=\"wpb_wrapper vc_figure\">\n                                                            <a href=\"https:\/\/www.mikropor.com\/tr\/atmosferik-hava-filtrasyonu\/hassas-filtreler\/mvee-serisi\/\" target=\"_self\" class=\"vc_single_image-wrapper vc_box_border_grey\">\n                            \n                            <img loading=\"lazy\" decoding=\"async\" src=\"https:\/\/www.mikropor.com\/wp-content\/uploads\/2025\/07\/27-MVEE-SERIES.png\" class=\"vc_single_image-img attachment-full\" alt=\"\">\n\n                                                            <\/a>\n                                                    <\/figure>\n                    <\/div>\n                \n                                    <div class=\"wpb_text_column wpb_content_element \">\n                        <div class=\"wpb_wrapper\">\n                            <div class=\"card-header-custom\">\n                                                                    <a href=\"https:\/\/www.mikropor.com\/tr\/atmosferik-hava-filtrasyonu\/hassas-filtreler\/mvee-serisi\/\" target=\"_self\" class=\"product-title\">MVEE Serisi<\/a>\n                                \n                                                                    <a class=\"product-button\" href=\"https:\/\/www.mikropor.com\/tr\/atmosferik-hava-filtrasyonu\/hassas-filtreler\/mvee-serisi\/\" target=\"_self\">\n                                        <span class=\"arrow\">\u279c<\/span>\n                                    <\/a>\n                                                            <\/div>\n                        <\/div>\n                    <\/div>\n                \n                            <\/div>\n        <\/div>\n    <\/div>\n    [\/vc_column][vc_column width=\u201d1\/3\u2033]    <div class=\"product-card-col wpb_column vc_column_container\">\n        <div class=\"vc_column-inner\">\n            <div class=\"wpb_wrapper\">\n                                    <div class=\"wpb_single_image wpb_content_element vc_align_left\">\n                        <figure class=\"wpb_wrapper vc_figure\">\n                                                            <a href=\"https:\/\/www.mikropor.com\/tr\/atmosferik-hava-filtrasyonu\/yuksek-sicaklik-filtreleri-2\/mvhht-serisi\/\" target=\"_self\" class=\"vc_single_image-wrapper vc_box_border_grey\">\n                            \n                            <img loading=\"lazy\" decoding=\"async\" src=\"https:\/\/www.mikropor.com\/wp-content\/uploads\/2025\/07\/32-MVHHT-SERIES.png\" class=\"vc_single_image-img attachment-full\" alt=\"\">\n\n                                                            <\/a>\n                                                    <\/figure>\n                    <\/div>\n                \n                                    <div class=\"wpb_text_column wpb_content_element \">\n                        <div class=\"wpb_wrapper\">\n                            <div class=\"card-header-custom\">\n                                                                    <a href=\"https:\/\/www.mikropor.com\/tr\/atmosferik-hava-filtrasyonu\/yuksek-sicaklik-filtreleri-2\/mvhht-serisi\/\" target=\"_self\" class=\"product-title\">MVHHT Serisi<\/a>\n                                \n                                                                    <a class=\"product-button\" href=\"https:\/\/www.mikropor.com\/tr\/atmosferik-hava-filtrasyonu\/yuksek-sicaklik-filtreleri-2\/mvhht-serisi\/\" target=\"_self\">\n                                        <span class=\"arrow\">\u279c<\/span>\n                                    <\/a>\n                                                            <\/div>\n                        <\/div>\n                    <\/div>\n                \n                            <\/div>\n        <\/div>\n    <\/div>\n    [\/vc_column][vc_column width=\u201d1\/3\u2033]    <div class=\"product-card-col wpb_column vc_column_container\">\n        <div class=\"vc_column-inner\">\n            <div class=\"wpb_wrapper\">\n                                    <div class=\"wpb_single_image wpb_content_element vc_align_left\">\n                        <figure class=\"wpb_wrapper vc_figure\">\n                                                            <a href=\"https:\/\/www.mikropor.com\/tr\/atmosferik-hava-filtrasyonu\/epa-hepa-ve-ulpa-filtreler\/hfn-serisi-aluminyum-profil-70-mm\/\" target=\"_self\" class=\"vc_single_image-wrapper vc_box_border_grey\">\n                            \n                            <img loading=\"lazy\" decoding=\"async\" src=\"https:\/\/www.mikropor.com\/wp-content\/uploads\/2025\/07\/44-HFN-SERIES-ALUMINIUM-PROFILE-70-mm.png\" class=\"vc_single_image-img attachment-full\" alt=\"\">\n\n                                                            <\/a>\n                                                    <\/figure>\n                    <\/div>\n                \n                                    <div class=\"wpb_text_column wpb_content_element \">\n                        <div class=\"wpb_wrapper\">\n                            <div class=\"card-header-custom\">\n                                                                    <a href=\"https:\/\/www.mikropor.com\/tr\/atmosferik-hava-filtrasyonu\/epa-hepa-ve-ulpa-filtreler\/hfn-serisi-aluminyum-profil-70-mm\/\" target=\"_self\" class=\"product-title\">HFN Serisi AL\u00dcM\u0130NYUM PROF\u0130L 70 mm<\/a>\n                                \n                                                                    <a class=\"product-button\" href=\"https:\/\/www.mikropor.com\/tr\/atmosferik-hava-filtrasyonu\/epa-hepa-ve-ulpa-filtreler\/hfn-serisi-aluminyum-profil-70-mm\/\" target=\"_self\">\n                                        <span class=\"arrow\">\u279c<\/span>\n                                    <\/a>\n                                                            <\/div>\n                        <\/div>\n                    <\/div>\n                \n                            <\/div>\n        <\/div>\n    <\/div>\n    [\/vc_column][\/vc_row][vc_row full_width=\u201dstretch_row\u201d equal_height=\u201dyes\u201d][vc_column width=\u201d1\/3\u2033]    <div class=\"product-card-col wpb_column vc_column_container\">\n        <div class=\"vc_column-inner\">\n            <div class=\"wpb_wrapper\">\n                                    <div class=\"wpb_single_image wpb_content_element vc_align_left\">\n                        <figure class=\"wpb_wrapper vc_figure\">\n                                                            <a href=\"https:\/\/www.mikropor.com\/tr\/atmosferik-hava-filtrasyonu\/epa-hepa-ve-ulpa-filtreler\/hfn-serisi-jel-conta-80-mm\/\" target=\"_self\" class=\"vc_single_image-wrapper vc_box_border_grey\">\n                            \n                            <img loading=\"lazy\" decoding=\"async\" src=\"https:\/\/www.mikropor.com\/wp-content\/uploads\/2025\/07\/48-HFN-SERIES-GEL-SEAL-80-mm.png\" class=\"vc_single_image-img attachment-full\" alt=\"\">\n\n                                                            <\/a>\n                                                    <\/figure>\n                    <\/div>\n                \n                                    <div class=\"wpb_text_column wpb_content_element \">\n                        <div class=\"wpb_wrapper\">\n                            <div class=\"card-header-custom\">\n                                                                    <a href=\"https:\/\/www.mikropor.com\/tr\/atmosferik-hava-filtrasyonu\/epa-hepa-ve-ulpa-filtreler\/hfn-serisi-jel-conta-80-mm\/\" target=\"_self\" class=\"product-title\">HFN Serisi JEL CONTA 80 mm<\/a>\n                                \n                                                                    <a class=\"product-button\" href=\"https:\/\/www.mikropor.com\/tr\/atmosferik-hava-filtrasyonu\/epa-hepa-ve-ulpa-filtreler\/hfn-serisi-jel-conta-80-mm\/\" target=\"_self\">\n                                        <span class=\"arrow\">\u279c<\/span>\n                                    <\/a>\n                                                            <\/div>\n                        <\/div>\n                    <\/div>\n                \n                            <\/div>\n        <\/div>\n    <\/div>\n    [\/vc_column][vc_column width=\u201d1\/3\u2033]    <div class=\"product-card-col wpb_column vc_column_container\">\n        <div class=\"vc_column-inner\">\n            <div class=\"wpb_wrapper\">\n                                    <div class=\"wpb_single_image wpb_content_element vc_align_left\">\n                        <figure class=\"wpb_wrapper vc_figure\">\n                                                            <a href=\"https:\/\/www.mikropor.com\/tr\/atmosferik-hava-filtrasyonu\/epa-hepa-ve-ulpa-filtreler\/mvh-serisi-metal-kasa-maks-debi-292-mm\/\" target=\"_self\" class=\"vc_single_image-wrapper vc_box_border_grey\">\n                            \n                            <img loading=\"lazy\" decoding=\"async\" src=\"https:\/\/www.mikropor.com\/wp-content\/uploads\/2025\/07\/67-MVH-SERIES-METAL-FRAME-MAX.-FLOW-292-mm.png\" class=\"vc_single_image-img attachment-full\" alt=\"\">\n\n                                                            <\/a>\n                                                    <\/figure>\n                    <\/div>\n                \n                                    <div class=\"wpb_text_column wpb_content_element \">\n                        <div class=\"wpb_wrapper\">\n                            <div class=\"card-header-custom\">\n                                                                    <a href=\"https:\/\/www.mikropor.com\/tr\/atmosferik-hava-filtrasyonu\/epa-hepa-ve-ulpa-filtreler\/mvh-serisi-metal-kasa-maks-debi-292-mm\/\" target=\"_self\" class=\"product-title\">MVH Serisi METAL KASA MAKS. DEB\u0130 292 mm<\/a>\n                                \n                                                                    <a class=\"product-button\" href=\"https:\/\/www.mikropor.com\/tr\/atmosferik-hava-filtrasyonu\/epa-hepa-ve-ulpa-filtreler\/mvh-serisi-metal-kasa-maks-debi-292-mm\/\" target=\"_self\">\n                                        <span class=\"arrow\">\u279c<\/span>\n                                    <\/a>\n                                                            <\/div>\n                        <\/div>\n                    <\/div>\n                \n                            <\/div>\n        <\/div>\n    <\/div>\n    [\/vc_column][vc_column width=\u201d1\/3\u2033]    <div class=\"product-card-col wpb_column vc_column_container\">\n        <div class=\"vc_column-inner\">\n            <div class=\"wpb_wrapper\">\n                                    <div class=\"wpb_single_image wpb_content_element vc_align_left\">\n                        <figure class=\"wpb_wrapper vc_figure\">\n                                                            <a href=\"https:\/\/www.mikropor.com\/tr\/atmosferik-hava-filtrasyonu\/hepa-kutulari\/h-box-lsc-serisi\/\" target=\"_self\" class=\"vc_single_image-wrapper vc_box_border_grey\">\n                            \n                            <img loading=\"lazy\" decoding=\"async\" src=\"https:\/\/www.mikropor.com\/wp-content\/uploads\/2025\/07\/73-H-BOX-LSC-SERIES.png\" class=\"vc_single_image-img attachment-full\" alt=\"\">\n\n                                                            <\/a>\n                                                    <\/figure>\n                    <\/div>\n                \n                                    <div class=\"wpb_text_column wpb_content_element \">\n                        <div class=\"wpb_wrapper\">\n                            <div class=\"card-header-custom\">\n                                                                    <a href=\"https:\/\/www.mikropor.com\/tr\/atmosferik-hava-filtrasyonu\/hepa-kutulari\/h-box-lsc-serisi\/\" target=\"_self\" class=\"product-title\">H-BOX LSC Serisi<\/a>\n                                \n                                                                    <a class=\"product-button\" href=\"https:\/\/www.mikropor.com\/tr\/atmosferik-hava-filtrasyonu\/hepa-kutulari\/h-box-lsc-serisi\/\" target=\"_self\">\n                                        <span class=\"arrow\">\u279c<\/span>\n                                    <\/a>\n                                                            <\/div>\n                        <\/div>\n                    <\/div>\n                \n                            <\/div>\n        <\/div>\n    <\/div>\n    [\/vc_column][\/vc_row][vc_row][vc_column][vc_raw_html]JTNDc3R5bGUlM0UuZW50cnktY29udGVudCUyMCU3Qm1hcmdpbi10b3AlM0ElMjAzMHB4JTNCJTdEJTIwLmFkdmFuY2VkLXNpZGViYXItbWVudSUyMCU3QiUyMG1hcmdpbi10b3AlM0ElMjAzMHB4JTNCJTIwJTdEJTNDJTJGc3R5bGUlM0U=[\/vc_raw_html][\/vc_column][\/vc_row]\n<\/section>","protected":false},"excerpt":{"rendered":"<p>[vc_row][vc_column][\/vc_column][\/vc_row][vc_row equal_he\u00adight=\u201dyes\u201d css=\u201d.vc_custo\u00adm_175187\u00ad1457710{margin-bottom: 35px !important;padding-top: 20px !important;padding-right: 20px !important;padding-bottom: 20px !important;padding-left: 20px !important;background-color: #ffffff !important;}\u201d el_class=\u201dborder-e5e5e5\u2033][vc_column width=\u201d1\/2\u2033][vc_custo\u00adm_heading text=\u201d\u0130la\u00e7 End\u00fcstrisi\u201d font_con\u00adtainer=\u201dtag:h4|text_align:left\u201d google_f\u00adonts=\u201dfont_fam\u00adily:Open%20Sans%3A300%2C300ita\u00adlic%2Cregular%2Citalic%2C600%2C600ita\u00adlic%2C700%2C700ita\u00adlic%2C800%2C800ita\u00adlic|font_style:700%20bold%20regular%3A700%3Anormal\u201d][vc_colum\u00adn_text]Mikropor, kat\u0131 kontamin\u00adasyon kontrol\u00fc gerektiren ila\u00e7 \u00fcretim ortamlar\u0131 i\u00e7in geli\u015fmi\u015f hava filtrasyon sistemleri sunmakta\u00add\u0131r. EPA, HEPA, ULPA filtrele\u00adrimiz ve Laminer Hava Ak\u0131\u015f sistemle\u00adrimiz, ila\u00e7 \u00fcretim g\u00fcvenli\u011fi i\u00e7in gerekli partik\u00fcl\u00ads\u00fcz temiz oda ko\u015fullar\u00ad\u0131n\u0131 sa\u011flar. Bu \u00f6zelle\u015fmi\u015f [&hellip;]<\/p>\n","protected":false},"author":3,"featured_media":0,"parent":0,"menu_order":0,"comment_status":"closed","ping_status":"closed","template":"","meta":{"footnotes":""},"class_list":["post-81755","page","type-page","status-publish","hentry"],"_links":{"self":[{"href":"https:\/\/www.mikropor.com\/tr\/wp-json\/wp\/v2\/pages\/81755","targetHints":{"allow":["GET"]}}],"collection":[{"href":"https:\/\/www.mikropor.com\/tr\/wp-json\/wp\/v2\/pages"}],"about":[{"href":"https:\/\/www.mikropor.com\/tr\/wp-json\/wp\/v2\/types\/page"}],"author":[{"embeddable":true,"href":"https:\/\/www.mikropor.com\/tr\/wp-json\/wp\/v2\/users\/3"}],"replies":[{"embeddable":true,"href":"https:\/\/www.mikropor.com\/tr\/wp-json\/wp\/v2\/comments?post=81755"}],"version-history":[{"count":68,"href":"https:\/\/www.mikropor.com\/tr\/wp-json\/wp\/v2\/pages\/81755\/revisions"}],"predecessor-version":[{"id":87841,"href":"https:\/\/www.mikropor.com\/tr\/wp-json\/wp\/v2\/pages\/81755\/revisions\/87841"}],"wp:attachment":[{"href":"https:\/\/www.mikropor.com\/tr\/wp-json\/wp\/v2\/media?parent=81755"}],"curies":[{"name":"wp","href":"https:\/\/api.w.org\/{rel}","templated":true}]}}