{"id":82261,"date":"2025-06-27T15:06:49","date_gmt":"2025-06-27T12:06:49","guid":{"rendered":"https:\/\/www.mikropor.com\/?page_id=82261"},"modified":"2025-12-16T12:03:41","modified_gmt":"2025-12-16T09:03:41","slug":"musteri-deneyimleri-gorusler","status":"publish","type":"page","link":"https:\/\/www.mikropor.com\/tr\/musteri-deneyimleri-gorusler\/","title":{"rendered":"M\u00fc\u015fteri Deneyimleri"},"content":{"rendered":"<div data-elementor-type=\"wp-page\" data-elementor-id=\"82261\" class=\"elementor elementor-82261 elementor-82253\" data-elementor-post-type=\"page\">\n\t\t\t\t\t\t<section class=\"elementor-section elementor-top-section elementor-element elementor-element-d84c238 elementor-hidden-tablet elementor-hidden-mobile elementor-section-full_width elementor-section-height-default elementor-section-height-default\" data-id=\"d84c238\" data-element_type=\"section\">\n\t\t\t\t\t\t<div class=\"elementor-container elementor-column-gap-default\">\n\t\t\t\t\t<div class=\"elementor-column elementor-col-100 elementor-top-column elementor-element elementor-element-ad36799\" data-id=\"ad36799\" data-element_type=\"column\">\n\t\t\t<div class=\"elementor-widget-wrap elementor-element-populated\">\n\t\t\t\t\t\t<section class=\"elementor-section elementor-inner-section elementor-element elementor-element-1ee476d elementor-section-boxed elementor-section-height-default elementor-section-height-default\" data-id=\"1ee476d\" data-element_type=\"section\">\n\t\t\t\t\t\t<div class=\"elementor-container elementor-column-gap-default\">\n\t\t\t\t\t<div class=\"elementor-column elementor-col-33 elementor-inner-column elementor-element elementor-element-d15b56c\" data-id=\"d15b56c\" data-element_type=\"column\">\n\t\t\t<div class=\"elementor-widget-wrap elementor-element-populated\">\n\t\t\t\t\t\t<div class=\"elementor-element elementor-element-7e8a056 elementor-widget__width-initial elementor-widget elementor-widget-image\" data-id=\"7e8a056\" data-element_type=\"widget\" data-widget_type=\"image.default\">\n\t\t\t\t<div class=\"elementor-widget-container\">\n\t\t\t\t\t\t\t\t\t\t\t\t\t\t<a href=\"https:\/\/www.mikropor.com\/tr\/library\/\">\n\t\t\t\t\t\t\t<img fetchpriority=\"high\" decoding=\"async\" width=\"805\" height=\"294\" src=\"https:\/\/www.mikropor.com\/wp-content\/uploads\/2024\/11\/library-logo.png\" class=\"attachment-large size-large wp-image-77425\" alt=\"\" srcset=\"https:\/\/www.mikropor.com\/wp-content\/uploads\/2024\/11\/library-logo.png 831w, https:\/\/www.mikropor.com\/wp-content\/uploads\/2024\/11\/library-logo-300x109.png 300w, https:\/\/www.mikropor.com\/wp-content\/uploads\/2024\/11\/library-logo-768x280.png 768w\" sizes=\"(max-width: 805px) 100vw, 805px\">\t\t\t\t\t\t\t\t<\/a>\n\t\t\t\t\t\t\t\t\t\t\t\t\t<\/div>\n\t\t\t\t<\/div>\n\t\t\t\t<div class=\"elementor-element elementor-element-a3c9521 elementor-widget__width-initial elementor-widget elementor-widget-heading\" data-id=\"a3c9521\" data-element_type=\"widget\" data-widget_type=\"heading.default\">\n\t\t\t\t<div class=\"elementor-widget-container\">\n\t\t\t<p class=\"elementor-heading-title elementor-size-default\"> End\u00fcstri\u00adyel filtrasy\u00adonu ke\u015ffetmeye haz\u0131r m\u0131s\u0131n?\u200b<\/p>\t\t<\/div>\n\t\t\t\t<\/div>\n\t\t\t\t\t<\/div>\n\t\t<\/div>\n\t\t\t\t<div class=\"elementor-column elementor-col-33 elementor-inner-column elementor-element elementor-element-0a267ba\" data-id=\"0a267ba\" data-element_type=\"column\">\n\t\t\t<div class=\"elementor-widget-wrap elementor-element-populated\">\n\t\t\t\t\t\t<div class=\"elementor-element elementor-element-aea632a elementor-widget__width-initial elementor-widget elementor-widget-shortcode\" data-id=\"aea632a\" data-element_type=\"widget\" data-widget_type=\"shortcode.default\">\n\t\t\t\t<div class=\"elementor-widget-container\">\n\t\t\t\t\t<div class=\"elementor-shortcode\">\n<div class=\"lang_sel_list_horizontal wpml-ls-statics-shortcode_actions wpml-ls wpml-ls-legacy-list-horizontal\" id=\"lang_sel_list\">\n\t<ul><li class=\"icl-en wpml-ls-slot-shortcode_actions wpml-ls-item wpml-ls-item-en wpml-ls-first-item wpml-ls-item-legacy-list-horizontal\">\n\t\t\t\t<a href=\"https:\/\/www.mikropor.com\/en\/\" class=\"wpml-ls-link\">\n                    <span class=\"wpml-ls-display icl_lang_sel_translated\">EN<\/span><\/a>\n\t\t\t<\/li><li class=\"icl-de wpml-ls-slot-shortcode_actions wpml-ls-item wpml-ls-item-de wpml-ls-item-legacy-list-horizontal\">\n\t\t\t\t<a href=\"https:\/\/www.mikropor.com\/de\/\" class=\"wpml-ls-link\">\n                    <span class=\"wpml-ls-display icl_lang_sel_translated\">DE<\/span><\/a>\n\t\t\t<\/li><li class=\"icl-fr wpml-ls-slot-shortcode_actions wpml-ls-item wpml-ls-item-fr wpml-ls-last-item wpml-ls-item-legacy-list-horizontal\">\n\t\t\t\t<a href=\"https:\/\/www.mikropor.com\/fr\/\" class=\"wpml-ls-link\">\n                    <span class=\"wpml-ls-display icl_lang_sel_translated\">FR<\/span><\/a>\n\t\t\t<\/li><\/ul>\n<\/div>\n<\/div>\n\t\t\t\t<\/div>\n\t\t\t\t<\/div>\n\t\t\t\t\t<\/div>\n\t\t<\/div>\n\t\t\t\t<div class=\"elementor-column elementor-col-33 elementor-inner-column elementor-element elementor-element-6f0d994\" data-id=\"6f0d994\" data-element_type=\"column\">\n\t\t\t<div class=\"elementor-widget-wrap elementor-element-populated\">\n\t\t\t\t\t\t<div class=\"elementor-element elementor-element-210fc11 elementor-widget__width-auto elementor-widget elementor-widget-button\" data-id=\"210fc11\" data-element_type=\"widget\" data-widget_type=\"button.default\">\n\t\t\t\t<div class=\"elementor-widget-container\">\n\t\t\t\t\t\t\t<div class=\"elementor-button-wrapper\">\n\t\t\t\t\t<a class=\"elementor-button elementor-button-link elementor-size-sm\" href=\"https:\/\/www.mikropor.com\/tr\/\">\n\t\t\t\t\t\t<span class=\"elementor-button-content-wrapper\">\n\t\t\t\t\t\t\t\t\t<span class=\"elementor-button-text\">mikropor.com<\/span>\n\t\t\t\t\t<\/span>\n\t\t\t\t\t<\/a>\n\t\t\t\t<\/div>\n\t\t\t\t\t\t<\/div>\n\t\t\t\t<\/div>\n\t\t\t\t<div class=\"elementor-element elementor-element-124258b elementor-widget__width-auto elementor-widget elementor-widget-elementskit-header-search\" data-id=\"124258b\" data-element_type=\"widget\" data-widget_type=\"elementskit-header-search.default\">\n\t\t\t\t<div class=\"elementor-widget-container\">\n\t\t\t<div class=\"ekit-wid-con\">        <a href=\"#ekit_modal-popup-124258b\" class=\"ekit_navsearch-button ekit-modal-popup\" aria-label=\"navsearch-button\">\n            <i aria-hidden=\"true\" class=\"icon icon-search\"><\/i>        <\/a>\n        <!-- language switcher strart -->\n        <!-- xs modal -->\n        <div class=\"zoom-anim-dialog mfp-hide ekit_modal-searchPanel\" id=\"ekit_modal-popup-124258b\">\n            <div class=\"ekit-search-panel\">\n            <!-- Polylang search - thanks to Alain Melsens -->\n                <form role=\"search\" method=\"get\" class=\"ekit-search-group\" action=\"https:\/\/www.mikropor.com\/tr\/\">\n                    <input type=\"search\" class=\"ekit_search-field\" aria-label=\"search-form\" placeholder=\"\" value=\"\" name=\"s\">\n\t\t\t\t\t<button type=\"submit\" class=\"ekit_search-button\" aria-label=\"search-button\">\n                        <i aria-hidden=\"true\" class=\"icon icon-search\"><\/i>                    <\/button>\n                <\/form>\n            <\/div>\n        <\/div><!-- End xs modal -->\n        <!-- end language switcher strart -->\n        <\/div>\t\t<\/div>\n\t\t\t\t<\/div>\n\t\t\t\t\t<\/div>\n\t\t<\/div>\n\t\t\t\t\t<\/div>\n\t\t<\/section>\n\t\t\t\t\t<\/div>\n\t\t<\/div>\n\t\t\t\t\t<\/div>\n\t\t<\/section>\n\t\t<div class=\"elementor-element elementor-element-ad9643e e-con-full entry-header breadcrumb e-flex e-con e-parent\" data-id=\"ad9643e\" data-element_type=\"container\">\n\t\t\t\t<div class=\"elementor-element elementor-element-fd2d742 elementor-widget__width-inherit elementor-widget elementor-widget-heading\" data-id=\"fd2d742\" data-element_type=\"widget\" data-widget_type=\"heading.default\">\n\t\t\t\t<div class=\"elementor-widget-container\">\n\t\t\t<h2 class=\"elementor-heading-title elementor-size-default\">M\u00fc\u015fteri Deneyimleri<\/h2>\t\t<\/div>\n\t\t\t\t<\/div>\n\t\t\t\t<\/div>\n\t\t<div class=\"elementor-element elementor-element-3eeab97 e-grid e-con-boxed e-con e-parent\" data-id=\"3eeab97\" data-element_type=\"container\">\n\t\t\t\t\t<div class=\"e-con-inner\">\n\t\t<div class=\"elementor-element elementor-element-a349748 e-con-full e-flex e-con e-child\" data-id=\"a349748\" data-element_type=\"container\" data-settings=\"{&quot;background_background&quot;:&quot;classic&quot;,&quot;background_motion_fx_motion_fx_mouse&quot;:&quot;yes&quot;,&quot;background_motion_fx_mouseTrack_effect&quot;:&quot;yes&quot;,&quot;background_motion_fx_mouseTrack_speed&quot;:{&quot;unit&quot;:&quot;px&quot;,&quot;size&quot;:1,&quot;sizes&quot;:[]}}\">\n\t\t\t\t<div class=\"elementor-element elementor-element-8b37cb1 elementor-widget elementor-widget-image\" data-id=\"8b37cb1\" data-element_type=\"widget\" data-widget_type=\"image.default\">\n\t\t\t\t<div class=\"elementor-widget-container\">\n\t\t\t\t\t\t\t\t\t\t\t\t\t\t<a href=\"https:\/\/www.mikropor.com\/tr\/mikropor-azot-jeneratorleri-ile-kesintisiz-uretim\/\">\n\t\t\t\t\t\t\t<img decoding=\"async\" width=\"1384\" height=\"484\" src=\"https:\/\/www.mikropor.com\/wp-content\/uploads\/2025\/11\/shutterstock_2449237993-scaled-1.webp\" class=\"attachment-full size-full wp-image-91325\" alt=\"\" srcset=\"https:\/\/www.mikropor.com\/wp-content\/uploads\/2025\/11\/shutterstock_2449237993-scaled-1.webp 1384w, https:\/\/www.mikropor.com\/wp-content\/uploads\/2025\/11\/shutterstock_2449237993-scaled-1-300x105.webp 300w, https:\/\/www.mikropor.com\/wp-content\/uploads\/2025\/11\/shutterstock_2449237993-scaled-1-1024x358.webp 1024w, https:\/\/www.mikropor.com\/wp-content\/uploads\/2025\/11\/shutterstock_2449237993-scaled-1-768x269.webp 768w\" sizes=\"(max-width: 1384px) 100vw, 1384px\">\t\t\t\t\t\t\t\t<\/a>\n\t\t\t\t\t\t\t\t\t\t\t\t\t<\/div>\n\t\t\t\t<\/div>\n\t\t\t\t<div class=\"elementor-element elementor-element-4478ded elementor-widget elementor-widget-heading\" data-id=\"4478ded\" data-element_type=\"widget\" data-widget_type=\"heading.default\">\n\t\t\t\t<div class=\"elementor-widget-container\">\n\t\t\t<h4 class=\"elementor-heading-title elementor-size-default\"><a href=\"https:\/\/www.mikropor.com\/tr\/mikropor-azot-jeneratorleri-ile-kesintisiz-uretim\/\">Yerinde Azot \u00dcretimi ile S\u00fcrd\u00fcr\u00fclebilir Verimlilik:\nMikropor Azot Jenerat\u00f6rleri \u0130le Kesintisiz \u00dcretim <\/a><\/h4>\t\t<\/div>\n\t\t\t\t<\/div>\n\t\t\t\t<\/div>\n\t\t<div class=\"elementor-element elementor-element-39a8848 e-con-full e-flex e-con e-child\" data-id=\"39a8848\" data-element_type=\"container\" data-settings=\"{&quot;background_background&quot;:&quot;classic&quot;,&quot;background_motion_fx_motion_fx_mouse&quot;:&quot;yes&quot;}\">\n\t\t\t\t<div class=\"elementor-element elementor-element-fcb977f elementor-widget elementor-widget-image\" data-id=\"fcb977f\" data-element_type=\"widget\" data-widget_type=\"image.default\">\n\t\t\t\t<div class=\"elementor-widget-container\">\n\t\t\t\t\t\t\t\t\t\t\t\t\t\t<a href=\"https:\/\/www.mikropor.com\/tr\/experiences-client-detail\/\">\n\t\t\t\t\t\t\t<img decoding=\"async\" width=\"1384\" height=\"484\" src=\"https:\/\/www.mikropor.com\/wp-content\/uploads\/2025\/06\/musteri-deneyimleri.webp\" class=\"attachment-full size-full wp-image-82215\" alt=\"\" srcset=\"https:\/\/www.mikropor.com\/wp-content\/uploads\/2025\/06\/musteri-deneyimleri.webp 1384w, https:\/\/www.mikropor.com\/wp-content\/uploads\/2025\/06\/musteri-deneyimleri-300x105.webp 300w, https:\/\/www.mikropor.com\/wp-content\/uploads\/2025\/06\/musteri-deneyimleri-1024x358.webp 1024w, https:\/\/www.mikropor.com\/wp-content\/uploads\/2025\/06\/musteri-deneyimleri-768x269.webp 768w\" sizes=\"(max-width: 1384px) 100vw, 1384px\">\t\t\t\t\t\t\t\t<\/a>\n\t\t\t\t\t\t\t\t\t\t\t\t\t<\/div>\n\t\t\t\t<\/div>\n\t\t\t\t<div class=\"elementor-element elementor-element-46aff30 elementor-widget elementor-widget-heading\" data-id=\"46aff30\" data-element_type=\"widget\" data-widget_type=\"heading.default\">\n\t\t\t\t<div class=\"elementor-widget-container\">\n\t\t\t<h4 class=\"elementor-heading-title elementor-size-default\"><a href=\"https:\/\/www.mikropor.com\/tr\/experiences-client-detail\/\">Mikropor\u2019dan Havac\u0131l\u0131k ve Savunma Sanayiine \u00d6zel Ya\u011f Buhar\u0131 Filtrasyon Sistemi<\/a><\/h4>\t\t<\/div>\n\t\t\t\t<\/div>\n\t\t\t\t<\/div>\n\t\t\t\t\t<\/div>\n\t\t\t\t<\/div>\n\t\t\t\t<\/div>\n\t\t","protected":false},"excerpt":{"rendered":"<p>End\u00fcstri\u00adyel filtrasy\u00adonu ke\u015ffetmeye haz\u0131r m\u0131s\u0131n?\u200b mikropor.com M\u00fc\u015fteri Deneyimleri Yerinde Azot \u00dcretimi ile S\u00fcrd\u00fcr\u00fclebilir Verimlilik: Mikropor Azot Jenerat\u00f6rleri \u0130le Kesintisiz \u00dcretim Mikropor\u2019dan Havac\u0131l\u0131k ve Savunma Sanayiine \u00d6zel Ya\u011f Buhar\u0131 Filtrasyon Sistemi<\/p>\n","protected":false},"author":3,"featured_media":0,"parent":0,"menu_order":0,"comment_status":"closed","ping_status":"closed","template":"elementor_canvas","meta":{"footnotes":""},"class_list":["post-82261","page","type-page","status-publish","hentry"],"_links":{"self":[{"href":"https:\/\/www.mikropor.com\/tr\/wp-json\/wp\/v2\/pages\/82261","targetHints":{"allow":["GET"]}}],"collection":[{"href":"https:\/\/www.mikropor.com\/tr\/wp-json\/wp\/v2\/pages"}],"about":[{"href":"https:\/\/www.mikropor.com\/tr\/wp-json\/wp\/v2\/types\/page"}],"author":[{"embeddable":true,"href":"https:\/\/www.mikropor.com\/tr\/wp-json\/wp\/v2\/users\/3"}],"replies":[{"embeddable":true,"href":"https:\/\/www.mikropor.com\/tr\/wp-json\/wp\/v2\/comments?post=82261"}],"version-history":[{"count":57,"href":"https:\/\/www.mikropor.com\/tr\/wp-json\/wp\/v2\/pages\/82261\/revisions"}],"predecessor-version":[{"id":91691,"href":"https:\/\/www.mikropor.com\/tr\/wp-json\/wp\/v2\/pages\/82261\/revisions\/91691"}],"wp:attachment":[{"href":"https:\/\/www.mikropor.com\/tr\/wp-json\/wp\/v2\/media?parent=82261"}],"curies":[{"name":"wp","href":"https:\/\/api.w.org\/{rel}","templated":true}]}}