{"id":86496,"date":"2025-08-13T09:24:52","date_gmt":"2025-08-13T06:24:52","guid":{"rendered":"https:\/\/www.mikropor.com\/basincli-hava-sistemleri\/basincli-hava-kurutuculari\/mng-pro-series\/"},"modified":"2025-09-09T09:56:03","modified_gmt":"2025-09-09T06:56:03","slug":"mng-pro-serisi","status":"publish","type":"page","link":"https:\/\/www.mikropor.com\/tr\/gaz-uretim-sistemleri-2\/mng-pro-serisi\/","title":{"rendered":"MNG-PRO Serisi"},"content":{"rendered":"<section class=\"wpb-content-wrapper\"><p>[vc_row css=\u201d.vc_custo\u00adm_175022\u00ad9107128{padding-right: 60px !important;}\u201d][vc_column css=\u201d.vc_custo\u00adm_175033\u00ad0042790{background-position: center !important;background-repeat: no-repeat !important;background-size: cover !important;}\u201d]    <nav class=\"mikropor-breadcrumb\" aria-label=\"Breadcrumb\">\n        <ol class=\"breadcrumb-list\">\n                            <li class=\"breadcrumb-item \">\n                                            <a href=\"https:\/\/www.mikropor.com\/tr\/\">\n                            Anasayfa                        <\/a>\n                                        \n                                    <\/li>\n                    <\/ol>\n    <\/nav>\n    [\/vc_column][\/vc_row][vc_row equal_he\u00adight=\u201dyes\u201d css=\u201d.vc_custo\u00adm_175189\u00ad0017661{margin-bottom: 35px !important;padding-top: 20px !important;padding-right: 20px !important;padding-bottom: 20px !important;padding-left: 20px !important;background-color: #ffffff !important;}\u201d el_class=\u201dborder-e5e5e5\u2033][vc_column width=\u201d1\/2\u2033 el_class=\u201dimage-column\u201d][vc_colum\u00adn_text css=\u201d.vc_custo\u00adm_175506\u00ad6335588{padding-bottom: 15px !important;}\u201d]<\/p>\n<h3><span style=\"color: #000000; font-weight: 600;\"><strong>MNG-PRO Serisi<\/strong><\/span><\/h3>\n<p><strong>PSA Azot Jenerat\u00f6\u00adrleri<\/strong><br>\n(140 Nm\u00b3\/h \u2013 14780 Nm\u00b3\/h)[\/vc_colum\u00adn_text][vc_colum\u00adn_text css=\u201d.vc_custo\u00adm_175506\u00ad6365836{padding-bottom: 15px !important;}\u201d]Bas\u0131n\u00e7 Sal\u0131n\u0131ml\u0131 Adsorpsi\u00adyon (PSA) tipi Azot \u00dcretim Sistemi, azotu oksijenden ay\u0131rmak ve zenginle\u00ad\u015ftirmek i\u00e7in adsorban olarak CMS (Karbon Molek\u00fcler Elek) kullan\u0131r. CMS, oksijen ve su buhar\u0131 molek\u00fcll\u00aderini belirli bir bas\u0131n\u00e7 alt\u0131nda adsorbe ederken, azotun hat i\u00e7inden ge\u00e7mesine izin verir.[\/vc_colum\u00adn_text]<\/p><div class=\"button-group\"><a class=\"custom-btn\" href=\"#\" data-product=\"MNG-PRO Serisi\">Teklif Al<\/a><\/div>[\/vc_column][vc_column width=\u201d1\/2\u2033][vc_gallery interval=\u201d5\u2033 images=\u201d87388\u2033 img_size=\u201dfull\u201d][\/vc_column][\/vc_row][vc_row el_class=\u201dborder-e5e5e5\u2033 css=\u201d.vc_custom_1756356891549{margin-bottom: 30px !important;padding-top: 20px !important;padding-right: 20px !important;padding-bottom: 20px !important;padding-left: 20px !important;}\u201d][vc_column width=\u201d3\/4\u2033]<div class=\"corporate-features-table mng-pro-nitrogen-table\"><div class=\"feature-item\"><div class=\"feature-label\"><i class=\"fa-solid fa-gauge-high\"><\/i> Nominal Inlet Bas\u0131n\u00e7l\u0131 Hava Bas\u0131nc\u0131<\/div><div class=\"feature-value\">7.5 Barg<\/div><\/div><div class=\"feature-item\"><div class=\"feature-label\"><i class=\"fa-solid fa-gauge-high\"><\/i> Maks. Inlet Bas\u0131n\u00e7l\u0131 Hava Bas\u0131nc\u0131<\/div><div class=\"feature-value\">9 Barg<\/div><\/div><div class=\"feature-item\"><div class=\"feature-label\"><i class=\"fa-solid fa-arrow-trend-down\"><\/i> Nitrogen Bas\u0131n\u00e7 D\u00fc\u015f\u00fc\u015f\u00fc<\/div><div class=\"feature-value\">1.5 Barg<\/div><\/div><div class=\"feature-item\"><div class=\"feature-label\"><i class=\"fa-solid fa-gauge\"><\/i> Maks. Nitrogen \u00c7\u0131k\u0131\u015f Bas\u0131nc\u0131<\/div><div class=\"feature-value\">7.5 Barg<\/div><\/div><div class=\"feature-item\"><div class=\"feature-label\"><i class=\"fa-solid fa-temperature-half\"><\/i> Ortam S\u0131cakl\u0131\u011f\u0131<\/div><div class=\"feature-value\">25\u00b0C<\/div><\/div><div class=\"feature-item\"><div class=\"feature-label\"><i class=\"fa-solid fa-droplet\"><\/i> Inlet Hava \u00c7i\u011f Noktas\u0131<\/div><div class=\"feature-value\">3\u00b0C<\/div><\/div><div class=\"feature-item\"><div class=\"feature-label\"><i class=\"fa-solid fa-temperature-low\"><\/i> Min. Ortam S\u0131cakl\u0131\u011f\u0131<\/div><div class=\"feature-value\">5\u00b0C<\/div><\/div><div class=\"feature-item\"><div class=\"feature-label\"><i class=\"fa-solid fa-temperature-high\"><\/i> Maks. Ortam S\u0131cakl\u0131\u011f\u0131<\/div><div class=\"feature-value\">45\u00b0C<\/div><\/div><\/div>[\/vc_column][vc_column width=\u201d1\/4\u2033][vc_column_text]\n<div style=\"display: flex; align-items: end; flex-direction: column; justify-content: end;\"><img decoding=\"async\" class=\"alignnone size-full wp-image-82516 alignright\" src=\"https:\/\/www.mikropor.com\/wp-content\/webp-express\/webp-images\/uploads\/2021\/05\/CE.png.webp\" alt=\"\" width=\"75\"><br>\n<img decoding=\"async\" class=\"alignnone size-full wp-image-82516 alignright\" src=\"https:\/\/www.mikropor.com\/wp-content\/uploads\/2025\/09\/ul.webp\" alt=\"\" width=\"75\"><\/div>\n<p>[\/vc_colum\u00adn_text][\/vc_column][\/vc_row][vc_row][vc_column][vc_custo\u00adm_heading text=\u201d\u0130lgili \u00dcr\u00fcnler\u201d font_con\u00adtainer=\u201dtag:h4|text_align:left\u201d google_f\u00adonts=\u201dfont_fam\u00adily:Open%20Sans%3A300%2C300ita\u00adlic%2Cregular%2Citalic%2C600%2C600ita\u00adlic%2C700%2C700ita\u00adlic%2C800%2C800ita\u00adlic|font_style:700%20bold%20regular%3A700%3Anormal\u201d css=\u201d.vc_custo\u00adm_175506\u00ad6377690{margin-bottom: 15px !important;}\u201d][vc_colum\u00adn_text]<\/p><div class=\"swiper ilgili-urunler-swiper\"><div class=\"swiper-wrapper\">\n        <div class=\"swiper-slide\">\n            <div class=\"product-card-col\">\n\t\t\t\t<div class=\"vc_column-inner\">\n                \t<div class=\"wpb_wrapper\">\n\n                    \t<div class=\"wpb_single_image\">\n\t\t\t\t\t\t\t<a href=\"https:\/\/www.mikropor.com\/tr\/gaz-uretim-sistemleri-2\/m-mng-pro-serisi\/\">\n\t\t\t\t\t\t\t\t<img decoding=\"async\" src=\"https:\/\/www.mikropor.com\/wp-content\/uploads\/2025\/08\/cas-20-300x300.webp\" style=\"height: 228px;\" alt=\"M-MNG-PRO Serisi\">\n\t\t\t\t\t\t\t<\/a>\n\t\t\t\t\t\t <\/div>\n\t\t\t\t\t\t<div class=\"card-header-custom\" style=\"padding: 12px;\"><span class=\"product-title\">M-MNG-PRO Serisi<\/span>\n\t\t\t\t\t\t\t<a class=\"product-button\" href=\"https:\/\/www.mikropor.com\/tr\/gaz-uretim-sistemleri-2\/m-mng-pro-serisi\/\">\n\t\t\t\t\t\t\t\t<span class=\"arrow\">\u279c<\/span>\n\t\t\t\t\t\t\t<\/a>\n\t\t\t\t\t\t<\/div>\n\t\t\t\t\t<\/div>\n\t\t\t\t<\/div>\n            <\/div>\n        <\/div>\n\t\t<style>\n\t\t.ilgili-urunler-swiper .swiper-slide {\n\t\t\theight: auto;\n\t\t\tdisplay: flex;\n\t\t}\n\n\t\t\/* Kart container\u0131n\u0131 tam y\u00fckseklik yapmak i\u00e7in *\/\n\t\t.product-card-col {\n\t\t\tdisplay: flex;\n\t\t\tflex-direction: column;\n\t\t\theight: 100%;\n\t\t}\n\n\t\t\/* \u0130\u00e7eri\u011fi e\u015fit da\u011f\u0131tmak i\u00e7in *\/\n\t\t.product-card-col .vc_column-inner {\n\t\t\tdisplay: flex;\n\t\t\tflex-direction: column;\n\t\t\theight: 100%;\n\t\t}\n\n\t\t.product-card-col .wpb_wrapper {\n\t\t\tdisplay: flex;\n\t\t\tflex-direction: column;\n\t\t\theight: 100%;\n\t\t}\n\t\t<\/style>\n\t\t\n        <div class=\"swiper-slide\">\n            <div class=\"product-card-col\">\n\t\t\t\t<div class=\"vc_column-inner\">\n                \t<div class=\"wpb_wrapper\">\n\n                    \t<div class=\"wpb_single_image\">\n\t\t\t\t\t\t\t<a href=\"https:\/\/www.mikropor.com\/tr\/gaz-uretim-sistemleri-2\/mdx-serisi\/\">\n\t\t\t\t\t\t\t\t<img decoding=\"async\" src=\"https:\/\/www.mikropor.com\/wp-content\/uploads\/2025\/08\/cas-30-300x300.webp\" style=\"height: 228px;\" alt=\"MDX Serisi\">\n\t\t\t\t\t\t\t<\/a>\n\t\t\t\t\t\t <\/div>\n\t\t\t\t\t\t<div class=\"card-header-custom\" style=\"padding: 12px;\"><span class=\"product-title\">MDX Serisi<\/span>\n\t\t\t\t\t\t\t<a class=\"product-button\" href=\"https:\/\/www.mikropor.com\/tr\/gaz-uretim-sistemleri-2\/mdx-serisi\/\">\n\t\t\t\t\t\t\t\t<span class=\"arrow\">\u279c<\/span>\n\t\t\t\t\t\t\t<\/a>\n\t\t\t\t\t\t<\/div>\n\t\t\t\t\t<\/div>\n\t\t\t\t<\/div>\n            <\/div>\n        <\/div>\n\t\t<style>\n\t\t.ilgili-urunler-swiper .swiper-slide {\n\t\t\theight: auto;\n\t\t\tdisplay: flex;\n\t\t}\n\n\t\t\/* Kart container\u0131n\u0131 tam y\u00fckseklik yapmak i\u00e7in *\/\n\t\t.product-card-col {\n\t\t\tdisplay: flex;\n\t\t\tflex-direction: column;\n\t\t\theight: 100%;\n\t\t}\n\n\t\t\/* \u0130\u00e7eri\u011fi e\u015fit da\u011f\u0131tmak i\u00e7in *\/\n\t\t.product-card-col .vc_column-inner {\n\t\t\tdisplay: flex;\n\t\t\tflex-direction: column;\n\t\t\theight: 100%;\n\t\t}\n\n\t\t.product-card-col .wpb_wrapper {\n\t\t\tdisplay: flex;\n\t\t\tflex-direction: column;\n\t\t\theight: 100%;\n\t\t}\n\t\t<\/style>\n\t\t\n        <div class=\"swiper-slide\">\n            <div class=\"product-card-col\">\n\t\t\t\t<div class=\"vc_column-inner\">\n                \t<div class=\"wpb_wrapper\">\n\n                    \t<div class=\"wpb_single_image\">\n\t\t\t\t\t\t\t<a href=\"https:\/\/www.mikropor.com\/tr\/gaz-uretim-sistemleri-2\/mgd-serisi\/\">\n\t\t\t\t\t\t\t\t<img decoding=\"async\" src=\"https:\/\/www.mikropor.com\/wp-content\/uploads\/2025\/08\/cas-59-300x300.webp\" style=\"height: 228px;\" alt=\"MGD Serisi\">\n\t\t\t\t\t\t\t<\/a>\n\t\t\t\t\t\t <\/div>\n\t\t\t\t\t\t<div class=\"card-header-custom\" style=\"padding: 12px;\"><span class=\"product-title\">MGD Serisi<\/span>\n\t\t\t\t\t\t\t<a class=\"product-button\" href=\"https:\/\/www.mikropor.com\/tr\/gaz-uretim-sistemleri-2\/mgd-serisi\/\">\n\t\t\t\t\t\t\t\t<span class=\"arrow\">\u279c<\/span>\n\t\t\t\t\t\t\t<\/a>\n\t\t\t\t\t\t<\/div>\n\t\t\t\t\t<\/div>\n\t\t\t\t<\/div>\n            <\/div>\n        <\/div>\n\t\t<style>\n\t\t.ilgili-urunler-swiper .swiper-slide {\n\t\t\theight: auto;\n\t\t\tdisplay: flex;\n\t\t}\n\n\t\t\/* Kart container\u0131n\u0131 tam y\u00fckseklik yapmak i\u00e7in *\/\n\t\t.product-card-col {\n\t\t\tdisplay: flex;\n\t\t\tflex-direction: column;\n\t\t\theight: 100%;\n\t\t}\n\n\t\t\/* \u0130\u00e7eri\u011fi e\u015fit da\u011f\u0131tmak i\u00e7in *\/\n\t\t.product-card-col .vc_column-inner {\n\t\t\tdisplay: flex;\n\t\t\tflex-direction: column;\n\t\t\theight: 100%;\n\t\t}\n\n\t\t.product-card-col .wpb_wrapper {\n\t\t\tdisplay: flex;\n\t\t\tflex-direction: column;\n\t\t\theight: 100%;\n\t\t}\n\t\t<\/style>\n\t\t\n        <div class=\"swiper-slide\">\n            <div class=\"product-card-col\">\n\t\t\t\t<div class=\"vc_column-inner\">\n                \t<div class=\"wpb_wrapper\">\n\n                    \t<div class=\"wpb_single_image\">\n\t\t\t\t\t\t\t<a href=\"https:\/\/www.mikropor.com\/tr\/gaz-uretim-sistemleri-2\/mog-serisi\/\">\n\t\t\t\t\t\t\t\t<img decoding=\"async\" src=\"https:\/\/www.mikropor.com\/wp-content\/uploads\/2025\/08\/cas-41-300x300.webp\" style=\"height: 228px;\" alt=\"MOG Serisi\">\n\t\t\t\t\t\t\t<\/a>\n\t\t\t\t\t\t <\/div>\n\t\t\t\t\t\t<div class=\"card-header-custom\" style=\"padding: 12px;\"><span class=\"product-title\">MOG Serisi<\/span>\n\t\t\t\t\t\t\t<a class=\"product-button\" href=\"https:\/\/www.mikropor.com\/tr\/gaz-uretim-sistemleri-2\/mog-serisi\/\">\n\t\t\t\t\t\t\t\t<span class=\"arrow\">\u279c<\/span>\n\t\t\t\t\t\t\t<\/a>\n\t\t\t\t\t\t<\/div>\n\t\t\t\t\t<\/div>\n\t\t\t\t<\/div>\n            <\/div>\n        <\/div>\n\t\t<style>\n\t\t.ilgili-urunler-swiper .swiper-slide {\n\t\t\theight: auto;\n\t\t\tdisplay: flex;\n\t\t}\n\n\t\t\/* Kart container\u0131n\u0131 tam y\u00fckseklik yapmak i\u00e7in *\/\n\t\t.product-card-col {\n\t\t\tdisplay: flex;\n\t\t\tflex-direction: column;\n\t\t\theight: 100%;\n\t\t}\n\n\t\t\/* \u0130\u00e7eri\u011fi e\u015fit da\u011f\u0131tmak i\u00e7in *\/\n\t\t.product-card-col .vc_column-inner {\n\t\t\tdisplay: flex;\n\t\t\tflex-direction: column;\n\t\t\theight: 100%;\n\t\t}\n\n\t\t.product-card-col .wpb_wrapper {\n\t\t\tdisplay: flex;\n\t\t\tflex-direction: column;\n\t\t\theight: 100%;\n\t\t}\n\t\t<\/style>\n\t\t\n        <div class=\"swiper-slide\">\n            <div class=\"product-card-col\">\n\t\t\t\t<div class=\"vc_column-inner\">\n                \t<div class=\"wpb_wrapper\">\n\n                    \t<div class=\"wpb_single_image\">\n\t\t\t\t\t\t\t<a href=\"https:\/\/www.mikropor.com\/tr\/gaz-uretim-sistemleri-2\/mbs-serisi\/\">\n\t\t\t\t\t\t\t\t<img decoding=\"async\" src=\"https:\/\/www.mikropor.com\/wp-content\/uploads\/2025\/08\/21864902544-3-300x300.webp\" style=\"height: 228px;\" alt=\"MBS Serisi\">\n\t\t\t\t\t\t\t<\/a>\n\t\t\t\t\t\t <\/div>\n\t\t\t\t\t\t<div class=\"card-header-custom\" style=\"padding: 12px;\"><span class=\"product-title\">MBS Serisi<\/span>\n\t\t\t\t\t\t\t<a class=\"product-button\" href=\"https:\/\/www.mikropor.com\/tr\/gaz-uretim-sistemleri-2\/mbs-serisi\/\">\n\t\t\t\t\t\t\t\t<span class=\"arrow\">\u279c<\/span>\n\t\t\t\t\t\t\t<\/a>\n\t\t\t\t\t\t<\/div>\n\t\t\t\t\t<\/div>\n\t\t\t\t<\/div>\n            <\/div>\n        <\/div>\n\t\t<style>\n\t\t.ilgili-urunler-swiper .swiper-slide {\n\t\t\theight: auto;\n\t\t\tdisplay: flex;\n\t\t}\n\n\t\t\/* Kart container\u0131n\u0131 tam y\u00fckseklik yapmak i\u00e7in *\/\n\t\t.product-card-col {\n\t\t\tdisplay: flex;\n\t\t\tflex-direction: column;\n\t\t\theight: 100%;\n\t\t}\n\n\t\t\/* \u0130\u00e7eri\u011fi e\u015fit da\u011f\u0131tmak i\u00e7in *\/\n\t\t.product-card-col .vc_column-inner {\n\t\t\tdisplay: flex;\n\t\t\tflex-direction: column;\n\t\t\theight: 100%;\n\t\t}\n\n\t\t.product-card-col .wpb_wrapper {\n\t\t\tdisplay: flex;\n\t\t\tflex-direction: column;\n\t\t\theight: 100%;\n\t\t}\n\t\t<\/style>\n\t\t<\/div>\n        <div class=\"swiper-button-next\"><\/div>\n        <div class=\"swiper-button-prev\"><\/div>\n        <div class=\"swiper-pagination\"><\/div>\n    <\/div>[\/vc_column_text][\/vc_column][\/vc_row][vc_row][vc_column][vc_raw_html]JTNDc3R5bGUlM0UuZW50cnktY29udGVudCUyMCU3Qm1hcmdpbi10b3AlM0ElMjAzMHB4JTNCJTdEJTIwLmFkdmFuY2VkLXNpZGViYXItbWVudSUyMCU3QiUyMG1hcmdpbi10b3AlM0ElMjAzMHB4JTNCJTIwJTdEJTNDJTJGc3R5bGUlM0U=[\/vc_raw_html][\/vc_column][\/vc_row]\n<\/section>","protected":false},"excerpt":{"rendered":"<p>[vc_row css=\u201d.vc_custo\u00adm_175022\u00ad9107128{padding-right: 60px !important;}\u201d][vc_column css=\u201d.vc_custo\u00adm_175033\u00ad0042790{background-position: center !important;background-repeat: no-repeat !important;background-size: cover !important;}\u201d][\/vc_column][\/vc_row][vc_row equal_he\u00adight=\u201dyes\u201d css=\u201d.vc_custo\u00adm_175189\u00ad0017661{margin-bottom: 35px !important;padding-top: 20px !important;padding-right: 20px !important;padding-bottom: 20px !important;padding-left: 20px !important;background-color: #ffffff !important;}\u201d el_class=\u201dborder-e5e5e5\u2033][vc_column width=\u201d1\/2\u2033 el_class=\u201dimage-column\u201d][vc_colum\u00adn_text css=\u201d.vc_custo\u00adm_175506\u00ad6335588{padding-bottom: 15px !important;}\u201d] MNG-PRO Serisi PSA Azot Jenerat\u00f6\u00adrleri (140 Nm\u00b3\/h \u2013 14780 Nm\u00b3\/h)[\/vc_colum\u00adn_text][vc_colum\u00adn_text css=\u201d.vc_custo\u00adm_175506\u00ad6365836{padding-bottom: 15px !important;}\u201d]Bas\u0131n\u00e7 Sal\u0131n\u0131ml\u0131 Adsorpsi\u00adyon (PSA) tipi Azot \u00dcretim Sistemi, azotu oksijenden ay\u0131rmak ve [&hellip;]<\/p>\n","protected":false},"author":3,"featured_media":87388,"parent":86728,"menu_order":0,"comment_status":"closed","ping_status":"closed","template":"","meta":{"footnotes":""},"class_list":["post-86496","page","type-page","status-publish","has-post-thumbnail","hentry"],"_links":{"self":[{"href":"https:\/\/www.mikropor.com\/tr\/wp-json\/wp\/v2\/pages\/86496","targetHints":{"allow":["GET"]}}],"collection":[{"href":"https:\/\/www.mikropor.com\/tr\/wp-json\/wp\/v2\/pages"}],"about":[{"href":"https:\/\/www.mikropor.com\/tr\/wp-json\/wp\/v2\/types\/page"}],"author":[{"embeddable":true,"href":"https:\/\/www.mikropor.com\/tr\/wp-json\/wp\/v2\/users\/3"}],"replies":[{"embeddable":true,"href":"https:\/\/www.mikropor.com\/tr\/wp-json\/wp\/v2\/comments?post=86496"}],"version-history":[{"count":8,"href":"https:\/\/www.mikropor.com\/tr\/wp-json\/wp\/v2\/pages\/86496\/revisions"}],"predecessor-version":[{"id":90446,"href":"https:\/\/www.mikropor.com\/tr\/wp-json\/wp\/v2\/pages\/86496\/revisions\/90446"}],"up":[{"embeddable":true,"href":"https:\/\/www.mikropor.com\/tr\/wp-json\/wp\/v2\/pages\/86728"}],"wp:featuredmedia":[{"embeddable":true,"href":"https:\/\/www.mikropor.com\/tr\/wp-json\/wp\/v2\/media\/87388"}],"wp:attachment":[{"href":"https:\/\/www.mikropor.com\/tr\/wp-json\/wp\/v2\/media?parent=86496"}],"curies":[{"name":"wp","href":"https:\/\/api.w.org\/{rel}","templated":true}]}}