{"id":86580,"date":"2025-08-13T12:27:11","date_gmt":"2025-08-13T09:27:11","guid":{"rendered":"https:\/\/www.mikropor.com\/basincli-hava-sistemleri\/basincli-hava-kurutuculari\/mchill-series\/"},"modified":"2026-03-23T14:43:16","modified_gmt":"2026-03-23T11:43:16","slug":"mchill-serisi","status":"publish","type":"page","link":"https:\/\/www.mikropor.com\/tr\/proses-suyu-sogutucular\/mchill-serisi\/","title":{"rendered":"MCHILL Serisi"},"content":{"rendered":"<section class=\"wpb-content-wrapper\"><p>[vc_row css=\u201d.vc_custo\u00adm_175022\u00ad9107128{padding-right: 60px !important;}\u201d][vc_column css=\u201d.vc_custo\u00adm_175033\u00ad0042790{background-position: center !important;background-repeat: no-repeat !important;background-size: cover !important;}\u201d]    <nav class=\"mikropor-breadcrumb\" aria-label=\"Breadcrumb\">\n        <ol class=\"breadcrumb-list\">\n                            <li class=\"breadcrumb-item \">\n                                            <a href=\"https:\/\/www.mikropor.com\/tr\/\">\n                            Anasayfa                        <\/a>\n                                        \n                                    <\/li>\n                    <\/ol>\n    <\/nav>\n    [\/vc_column][\/vc_row][vc_row equal_he\u00adight=\u201dyes\u201d css=\u201d.vc_custo\u00adm_175189\u00ad0017661{margin-bottom: 35px !important;padding-top: 20px !important;padding-right: 20px !important;padding-bottom: 20px !important;padding-left: 20px !important;background-color: #ffffff !important;}\u201d el_class=\u201dborder-e5e5e5\u2033][vc_column width=\u201d1\/2\u2033 el_class=\u201dimage-column\u201d][vc_colum\u00adn_text css=\u201d.vc_custo\u00adm_177426\u00ad6194947{padding-bottom: 15px !important;}\u201d]<\/p>\n<h3><span style=\"color: #000000; font-weight: 600;\"><strong>MCHILL Serisi<\/strong><\/span><\/h3>\n<p><strong>Entegre Filtreli Hava Kurutucu<\/strong>[\/vc_colum\u00adn_text][vc_colum\u00adn_text css=\u201d.vc_custo\u00adm_175507\u00ad7281297{padding-bottom: 15px !important;}\u201d]Mikropor Proses Su So\u011futucu\u00adlar\u0131, so\u011fuk proses s\u0131v\u0131s\u0131n\u0131n maksimum kalite ve temizlik ile \u00e7al\u0131\u015fma ko\u015fullar\u0131 ile so\u011fuk proses s\u0131v\u0131s\u0131n\u0131n maksimum kalite ve temizli\u011f\u00adini gerektiren bir\u00e7ok uygulama\u00adn\u0131n ihtiya\u00e7l\u00adar\u0131n\u0131 kar\u015f\u0131lamak \u00fczere tasarlan\u00adm\u0131\u015ft\u0131r. Mikropor\u2019un yepyeni kompakt, sa\u011flam ve g\u00fcvenilir Su So\u011futucusu \u201c\u201dMCHILL\u201d\u201d, end\u00fcstri\u00adyel uygulama\u00adlar i\u00e7in tasarlan\u00adm\u0131\u015f ve en y\u00fcksek kalite ve g\u00fcvenlik standart\u00adlar\u0131na g\u00f6re \u00fcretilmi\u00ad\u015ftir. MCHILL sadece son derece ve kullan\u0131m\u0131 kolay olmakla kalmaz, ayn\u0131 zamanda su s\u0131cakl\u0131\u011f\u00ad\u0131n\u0131n hassas bir \u015fekilde kontrol edilmesini sa\u011flar.[\/vc_colum\u00adn_text]<\/p><div class=\"button-group\"><a class=\"custom-btn\" href=\"#\" data-product=\"MCHILL Serisi\">Teklif Al<\/a><\/div>[\/vc_column][vc_column width=\u201d1\/2\u2033][vc_gallery interval=\u201d5\u2033 images=\u201d87452\u2033 img_size=\u201dfull\u201d][\/vc_column][\/vc_row][vc_row el_class=\u201dborder-e5e5e5\u2033 css=\u201d.vc_custom_1757406813625{margin-bottom: 30px !important;padding-top: 20px !important;padding-right: 20px !important;padding-bottom: 20px !important;padding-left: 20px !important;}\u201d][vc_column width=\u201d5\/6\u2033]<div class=\"corporate-features-table mchill-table\"><div class=\"feature-item\"><div class=\"feature-label\"><i class=\"fa-solid fa-temperature-low\"><\/i> Su \u00c7\u0131k\u0131\u015f S\u0131cakl\u0131\u011f\u0131 (\u00b0C)<\/div><div class=\"feature-value\">15\u00b0C<\/div><\/div><div class=\"feature-item\"><div class=\"feature-label\"><i class=\"fa-solid fa-temperature-high\"><\/i> Su Giri\u015f S\u0131cakl\u0131\u011f\u0131 (\u00b0C)<\/div><div class=\"feature-value\">20\u00b0C<\/div><\/div><div class=\"feature-item\"><div class=\"feature-label\"><i class=\"fa-solid fa-temperature-high\"><\/i> Maks. Ortam S\u0131cakl\u0131\u011f\u0131 (\u00b0C)<\/div><div class=\"feature-value\">50\u00b0C<\/div><\/div><div class=\"feature-item\"><div class=\"feature-label\"><i class=\"fa-solid fa-temperature-low\"><\/i> Ortam S\u0131cakl\u0131\u011f\u0131 (\u00b0C)<\/div><div class=\"feature-value\">25\u00b0C<\/div><\/div><div class=\"feature-item\"><div class=\"feature-label\"><i class=\"fa-solid fa-gauge-high\"><\/i> Maks. \u00c7al\u0131\u015fma Bas\u0131nc\u0131 \/ So\u011futma Su B\u00f6l\u00fcm\u00fc (barg)<\/div><div class=\"feature-value\">6 barg<\/div><\/div><div class=\"feature-item\"><div class=\"feature-label\"><i class=\"fa-solid fa-gauge-high\"><\/i> Maks. \u00c7al\u0131\u015fma Bas\u0131nc\u0131 \/ So\u011futucu B\u00f6l\u00fcm\u00fc (barg)<\/div><div class=\"feature-value\">42 barg<\/div><\/div><\/div>[\/vc_column][vc_column width=\u201d1\/6\u2033][vc_column_text]\n<div style=\"display: flex; align-items: end; justify-content: start; flex-direction: column;\"><img decoding=\"async\" class=\"alignnone size-full wp-image-82516 alignright\" src=\"https:\/\/www.mikropor.com\/wp-content\/webp-express\/webp-images\/uploads\/2021\/05\/CE.png.webp\" alt=\"\" width=\"75\"><img decoding=\"async\" class=\"alignnone size-full wp-image-82516 alignright\" src=\"https:\/\/www.mikropor.com\/wp-content\/uploads\/2025\/09\/513a.png\" alt=\"\" width=\"75\"><img decoding=\"async\" class=\"alignnone size-full wp-image-82516 alignright\" src=\"https:\/\/www.mikropor.com\/wp-content\/uploads\/2025\/09\/ul.webp\" alt=\"\" width=\"75\"><\/div>\n<p>[\/vc_colum\u00adn_text][\/vc_column][\/vc_row][vc_row][vc_column][vc_custo\u00adm_heading text=\u201d\u0130lgili \u00dcr\u00fcnler\u201d font_con\u00adtainer=\u201dtag:h4|text_align:left\u201d google_f\u00adonts=\u201dfont_fam\u00adily:Open%20Sans%3A300%2C300ita\u00adlic%2Cregular%2Citalic%2C600%2C600ita\u00adlic%2C700%2C700ita\u00adlic%2C800%2C800ita\u00adlic|font_style:700%20bold%20regular%3A700%3Anormal\u201d css=\u201d.vc_custo\u00adm_175507\u00ad7291200{margin-bottom: 15px !important;}\u201d][vc_colum\u00adn_text]<\/p><div class=\"swiper ilgili-urunler-swiper\"><div class=\"swiper-wrapper\">\n        <div class=\"swiper-slide\">\n            <div class=\"product-card-col\">\n\t\t\t\t<div class=\"vc_column-inner\">\n                \t<div class=\"wpb_wrapper\">\n\n                    \t<div class=\"wpb_single_image\">\n\t\t\t\t\t\t\t<a href=\"https:\/\/www.mikropor.com\/tr\/proses-suyu-sogutucular\/mecochill-serisi\/\">\n\t\t\t\t\t\t\t\t<img decoding=\"async\" src=\"https:\/\/www.mikropor.com\/wp-content\/uploads\/2025\/08\/cas-24-300x300.webp\" style=\"height: 228px;\" alt=\"MecoCHILL Serisi\">\n\t\t\t\t\t\t\t<\/a>\n\t\t\t\t\t\t <\/div>\n\t\t\t\t\t\t<div class=\"card-header-custom\" style=\"padding: 12px;\"><span class=\"product-title\">MecoCHILL Serisi<\/span>\n\t\t\t\t\t\t\t<a class=\"product-button\" href=\"https:\/\/www.mikropor.com\/tr\/proses-suyu-sogutucular\/mecochill-serisi\/\">\n\t\t\t\t\t\t\t\t<span class=\"arrow\">\u279c<\/span>\n\t\t\t\t\t\t\t<\/a>\n\t\t\t\t\t\t<\/div>\n\t\t\t\t\t<\/div>\n\t\t\t\t<\/div>\n            <\/div>\n        <\/div>\n\t\t<style>\n\t\t.ilgili-urunler-swiper .swiper-slide {\n\t\t\theight: auto;\n\t\t\tdisplay: flex;\n\t\t}\n\n\t\t\/* Kart container\u0131n\u0131 tam y\u00fckseklik yapmak i\u00e7in *\/\n\t\t.product-card-col {\n\t\t\tdisplay: flex;\n\t\t\tflex-direction: column;\n\t\t\theight: 100%;\n\t\t}\n\n\t\t\/* \u0130\u00e7eri\u011fi e\u015fit da\u011f\u0131tmak i\u00e7in *\/\n\t\t.product-card-col .vc_column-inner {\n\t\t\tdisplay: flex;\n\t\t\tflex-direction: column;\n\t\t\theight: 100%;\n\t\t}\n\n\t\t.product-card-col .wpb_wrapper {\n\t\t\tdisplay: flex;\n\t\t\tflex-direction: column;\n\t\t\theight: 100%;\n\t\t}\n\t\t<\/style>\n\t\t\n        <div class=\"swiper-slide\">\n            <div class=\"product-card-col\">\n\t\t\t\t<div class=\"vc_column-inner\">\n                \t<div class=\"wpb_wrapper\">\n\n                    \t<div class=\"wpb_single_image\">\n\t\t\t\t\t\t\t<a href=\"https:\/\/www.mikropor.com\/tr\/proses-suyu-sogutucular\/mchill-xl-serisi\/\">\n\t\t\t\t\t\t\t\t<img decoding=\"async\" src=\"https:\/\/www.mikropor.com\/wp-content\/uploads\/2025\/08\/cas-26-300x300.webp\" style=\"height: 228px;\" alt=\"MCHILL-XL Serisi\">\n\t\t\t\t\t\t\t<\/a>\n\t\t\t\t\t\t <\/div>\n\t\t\t\t\t\t<div class=\"card-header-custom\" style=\"padding: 12px;\"><span class=\"product-title\">MCHILL-XL Serisi<\/span>\n\t\t\t\t\t\t\t<a class=\"product-button\" href=\"https:\/\/www.mikropor.com\/tr\/proses-suyu-sogutucular\/mchill-xl-serisi\/\">\n\t\t\t\t\t\t\t\t<span class=\"arrow\">\u279c<\/span>\n\t\t\t\t\t\t\t<\/a>\n\t\t\t\t\t\t<\/div>\n\t\t\t\t\t<\/div>\n\t\t\t\t<\/div>\n            <\/div>\n        <\/div>\n\t\t<style>\n\t\t.ilgili-urunler-swiper .swiper-slide {\n\t\t\theight: auto;\n\t\t\tdisplay: flex;\n\t\t}\n\n\t\t\/* Kart container\u0131n\u0131 tam y\u00fckseklik yapmak i\u00e7in *\/\n\t\t.product-card-col {\n\t\t\tdisplay: flex;\n\t\t\tflex-direction: column;\n\t\t\theight: 100%;\n\t\t}\n\n\t\t\/* \u0130\u00e7eri\u011fi e\u015fit da\u011f\u0131tmak i\u00e7in *\/\n\t\t.product-card-col .vc_column-inner {\n\t\t\tdisplay: flex;\n\t\t\tflex-direction: column;\n\t\t\theight: 100%;\n\t\t}\n\n\t\t.product-card-col .wpb_wrapper {\n\t\t\tdisplay: flex;\n\t\t\tflex-direction: column;\n\t\t\theight: 100%;\n\t\t}\n\t\t<\/style>\n\t\t<\/div>\n        <div class=\"swiper-button-next\"><\/div>\n        <div class=\"swiper-button-prev\"><\/div>\n        <div class=\"swiper-pagination\"><\/div>\n    <\/div>[\/vc_column_text][\/vc_column][\/vc_row][vc_row][vc_column][vc_raw_html]JTNDc3R5bGUlM0UuZW50cnktY29udGVudCUyMCU3Qm1hcmdpbi10b3AlM0ElMjAzMHB4JTNCJTdEJTIwLmFkdmFuY2VkLXNpZGViYXItbWVudSUyMCU3QiUyMG1hcmdpbi10b3AlM0ElMjAzMHB4JTNCJTIwJTdEJTNDJTJGc3R5bGUlM0U=[\/vc_raw_html][\/vc_column][\/vc_row]\n<\/section>","protected":false},"excerpt":{"rendered":"<p>[vc_row css=\u201d.vc_custo\u00adm_175022\u00ad9107128{padding-right: 60px !important;}\u201d][vc_column css=\u201d.vc_custo\u00adm_175033\u00ad0042790{background-position: center !important;background-repeat: no-repeat !important;background-size: cover !important;}\u201d][\/vc_column][\/vc_row][vc_row equal_he\u00adight=\u201dyes\u201d css=\u201d.vc_custo\u00adm_175189\u00ad0017661{margin-bottom: 35px !important;padding-top: 20px !important;padding-right: 20px !important;padding-bottom: 20px !important;padding-left: 20px !important;background-color: #ffffff !important;}\u201d el_class=\u201dborder-e5e5e5\u2033][vc_column width=\u201d1\/2\u2033 el_class=\u201dimage-column\u201d][vc_colum\u00adn_text css=\u201d.vc_custo\u00adm_177426\u00ad6194947{padding-bottom: 15px !important;}\u201d] MCHILL Serisi Entegre Filtreli Hava Kurutucu[\/vc_colum\u00adn_text][vc_colum\u00adn_text css=\u201d.vc_custo\u00adm_175507\u00ad7281297{padding-bottom: 15px !important;}\u201d]Mikropor Proses Su So\u011futucu\u00adlar\u0131, so\u011fuk proses s\u0131v\u0131s\u0131n\u0131n maksimum kalite ve temizlik ile \u00e7al\u0131\u015fma ko\u015fullar\u0131 ile so\u011fuk [&hellip;]<\/p>\n","protected":false},"author":3,"featured_media":87452,"parent":86569,"menu_order":0,"comment_status":"closed","ping_status":"closed","template":"","meta":{"footnotes":""},"class_list":["post-86580","page","type-page","status-publish","has-post-thumbnail","hentry"],"_links":{"self":[{"href":"https:\/\/www.mikropor.com\/tr\/wp-json\/wp\/v2\/pages\/86580","targetHints":{"allow":["GET"]}}],"collection":[{"href":"https:\/\/www.mikropor.com\/tr\/wp-json\/wp\/v2\/pages"}],"about":[{"href":"https:\/\/www.mikropor.com\/tr\/wp-json\/wp\/v2\/types\/page"}],"author":[{"embeddable":true,"href":"https:\/\/www.mikropor.com\/tr\/wp-json\/wp\/v2\/users\/3"}],"replies":[{"embeddable":true,"href":"https:\/\/www.mikropor.com\/tr\/wp-json\/wp\/v2\/comments?post=86580"}],"version-history":[{"count":8,"href":"https:\/\/www.mikropor.com\/tr\/wp-json\/wp\/v2\/pages\/86580\/revisions"}],"predecessor-version":[{"id":92427,"href":"https:\/\/www.mikropor.com\/tr\/wp-json\/wp\/v2\/pages\/86580\/revisions\/92427"}],"up":[{"embeddable":true,"href":"https:\/\/www.mikropor.com\/tr\/wp-json\/wp\/v2\/pages\/86569"}],"wp:featuredmedia":[{"embeddable":true,"href":"https:\/\/www.mikropor.com\/tr\/wp-json\/wp\/v2\/media\/87452"}],"wp:attachment":[{"href":"https:\/\/www.mikropor.com\/tr\/wp-json\/wp\/v2\/media?parent=86580"}],"curies":[{"name":"wp","href":"https:\/\/api.w.org\/{rel}","templated":true}]}}