{"id":86620,"date":"2025-08-13T14:03:46","date_gmt":"2025-08-13T11:03:46","guid":{"rendered":"https:\/\/www.mikropor.com\/basincli-hava-sistemleri\/basincli-hava-kurutuculari\/wedm-series\/"},"modified":"2025-08-21T11:36:23","modified_gmt":"2025-08-21T08:36:23","slug":"wedm-serisi","status":"publish","type":"page","link":"https:\/\/www.mikropor.com\/tr\/wedm-serisi\/","title":{"rendered":"WEDM Serisi"},"content":{"rendered":"<section class=\"wpb-content-wrapper\"><p>[vc_row css=\u201d.vc_custo\u00adm_175022\u00ad9107128{padding-right: 60px !important;}\u201d][vc_column css=\u201d.vc_custo\u00adm_175033\u00ad0042790{background-position: center !important;background-repeat: no-repeat !important;background-size: cover !important;}\u201d]    <nav class=\"mikropor-breadcrumb\" aria-label=\"Breadcrumb\">\n        <ol class=\"breadcrumb-list\">\n                            <li class=\"breadcrumb-item \">\n                                            <a href=\"https:\/\/www.mikropor.com\/tr\/\">\n                            Anasayfa                        <\/a>\n                                        \n                                    <\/li>\n                    <\/ol>\n    <\/nav>\n    [\/vc_column][\/vc_row][vc_row equal_he\u00adight=\u201dyes\u201d css=\u201d.vc_custo\u00adm_175189\u00ad0017661{margin-bottom: 35px !important;padding-top: 20px !important;padding-right: 20px !important;padding-bottom: 20px !important;padding-left: 20px !important;background-color: #ffffff !important;}\u201d el_class=\u201dborder-e5e5e5\u2033][vc_column width=\u201d1\/2\u2033 el_class=\u201dimage-column\u201d][vc_colum\u00adn_text css=\u201d.vc_custo\u00adm_175508\u00ad3219295{padding-bottom: 15px !important;}\u201d]<\/p>\n<h3><span style=\"color: #000000; font-weight: 600;\"><strong>WEDM Serisi<\/strong><\/span><\/h3>\n<p><strong>TEL ELEKTR\u0130K DE\u015eARJ MAK\u0130NES\u0130 F\u0130LTRELER\u0130<br>\n<\/strong>[\/vc_colum\u00adn_text][vc_colum\u00adn_text css=\u201d.vc_custo\u00adm_175508\u00ad3243408{padding-bottom: 15px !important;}\u201d]Mikropor WEDM filtreleri, \u00e7elik, al\u00fcminyum, paslanmaz \u00e7elik, bak\u0131r veya di\u011fer demirli veya demir d\u0131\u015f\u0131 metaller gibi metaller i\u00e7in kullan\u0131l\u00adabilir. Mikropor WEDM filtrele\u00adrinin kullan\u0131m \u00f6mr\u00fc, kullan\u0131lan metale g\u00f6re de\u011fi\u015febi\u00adlir. Boyutlar ve su ba\u011flant\u0131 tipleri, Makino, Sodick, AgieChar\u00admilles, Mitsubishi, Fanuc, SPM, Chmer vb. WEDM makinele\u00adrine g\u00f6re de\u011fi\u015fiklik g\u00f6sterir.[\/vc_colum\u00adn_text]<\/p><div class=\"button-group\"><a class=\"custom-btn\" href=\"#\" data-product=\"WEDM Serisi\">Teklif Al<\/a><\/div>[vc_column_text]<img decoding=\"async\" class=\"alignnone size-full wp-image-82516 alignright\" src=\"https:\/\/www.mikropor.com\/wp-content\/webp-express\/webp-images\/uploads\/2021\/05\/CE.png.webp\" alt=\"\" width=\"75\">[\/vc_column_text][vc_row_inner disable_element=\u201dyes\u201d css=\u201d.vc_custom_1751025538631{padding-top: 15px !important;}\u201d][vc_column_inner width=\u201d1\/2\u2033][vc_column_text]\n<div class=\"esnek-kutu\">\n<p><img decoding=\"async\" src=\"https:\/\/www.mikropor.com\/wp-content\/uploads\/2025\/06\/high-temperature-icon.png\" alt=\"S\u0131cakl\u0131k \u0130konu\"><\/p>\n<div class=\"esnek-kutu-yazi derece\">270\u00b0<\/div>\n<\/div>\n<p>[\/vc_colum\u00adn_text][\/vc_colum\u00adn_inner][vc_colum\u00adn_inner width=\u201d1\/2\u2033][vc_colum\u00adn_text]<\/p>\n<div class=\"esnek-kutu\">\n<p><img decoding=\"async\" src=\"https:\/\/www.mikropor.com\/wp-content\/uploads\/2025\/06\/high-temperature-icon.webp\" alt=\"Silikonsuz \u0130konu\"><\/p>\n<div class=\"esnek-kutu-yazi\">Silikonsuz<\/div>\n<\/div>\n<p>[\/vc_colum\u00adn_text][\/vc_colum\u00adn_inner][\/vc_row_i\u00adnner][\/vc_column][vc_column width=\u201d1\/2\u2033][vc_gallery interval=\u201d5\u2033 images=\u201d87483,87487\u2033 img_size=\u201dfull\u201d][\/vc_column][\/vc_row][vc_row disable_\u00adelement=\u201dyes\u201d el_class=\u201dborder-e5e5e5\u2033 css=\u201d.vc_custo\u00adm_175490\u00ad9245322{padding-top: 20px !important;padding-right: 20px !important;padding-bottom: 20px !important;padding-left: 20px !important;background-color: #ffffff !important;}\u201d][vc_column][vc_custo\u00adm_heading text=\u201dApplicat\u00adion Areas\u201d font_con\u00adtainer=\u201dtag:h4|text_align:center\u201d google_f\u00adonts=\u201dfont_fam\u00adily:Open%20Sans%3A300%2C300ita\u00adlic%2Cregular%2Citalic%2C600%2C600ita\u00adlic%2C700%2C700ita\u00adlic%2C800%2C800ita\u00adlic|font_style:700%20bold%20regular%3A700%3Anormal\u201d]<\/p><div class=\"sektorler-img-container sektorler_69e4d759749a0 \"><a href=\"#\"><div class=\"sektor-img\"><img decoding=\"async\" src=\"https:\/\/www.mikropor.com\/wp-content\/uploads\/2025\/07\/website-ikon-19.png\" alt=\"Compressed Air Systems\" style=\"width: 65px; height: 65px;\"><span>Compressed Air Systems<\/span><\/div><\/a><a href=\"#\"><div class=\"sektor-img\"><img decoding=\"async\" src=\"https:\/\/www.mikropor.com\/wp-content\/uploads\/2025\/07\/website-ikon-20.png\" alt=\"Industrial Drying Applications\" style=\"width: 65px; height: 65px;\"><span>Industrial Drying Applications<\/span><\/div><\/a><a href=\"#\"><div class=\"sektor-img\"><img decoding=\"async\" src=\"https:\/\/www.mikropor.com\/wp-content\/uploads\/2025\/07\/website-ikon-22.png\" alt=\"Oil-Water Separation\" style=\"width: 65px; height: 65px;\"><span>Oil-Water Separation<\/span><\/div><\/a><a href=\"#\"><div class=\"sektor-img\"><img decoding=\"async\" src=\"https:\/\/www.mikropor.com\/wp-content\/uploads\/2025\/07\/website-ikon-23.png\" alt=\"General Industrial Applications\" style=\"width: 65px; height: 65px;\"><span>General Industrial Applications<\/span><\/div><\/a><a href=\"#\"><div class=\"sektor-img\"><img decoding=\"async\" src=\"https:\/\/www.mikropor.com\/wp-content\/uploads\/2025\/07\/website-ikon-24.png\" alt=\"Miscellaneous Industrial Use\" style=\"width: 65px; height: 65px;\"><span>Miscellaneous Industrial Use<\/span><\/div><\/a><\/div><style>\n    .sektorler_69e4d759749a0 {\n        display: flex;\n        justify-content: space-between;\n        align-items: center;\n        flex-wrap: wrap;\n        gap: 60px;\n        padding: 10px 0;\n        max-width: 1000px;\n        margin: 0 auto 10px;\n    }\n    \n    .sektorler_69e4d759749a0 a {\n        color: #444;\n        text-decoration: none;\n    }\n    \n    .sektorler_69e4d759749a0 .sektor-img {\n        display: flex;\n        flex-direction: column;\n        align-items: center;\n        font-size: 17px;\n        color: #444;\n        text-align: center;\n        width: 60px;\n    }\n    \n    .sektorler_69e4d759749a0 .sektor-img img {\n        object-fit: contain;\n        margin-bottom: 4px;\n        opacity: 0.85;\n        transition: opacity 0.3s ease;\n    }\n    \n    .sektorler_69e4d759749a0 .sektor-img:hover img {\n        opacity: 1;\n    }\n    \n    .sektorler_69e4d759749a0 span {\n        transition: 0.3s ease;\n        color: #000000;\n        line-height: 1.4;\n\t\tfont-size: 14px;\n    }\n    \n    .sektorler_69e4d759749a0 span:hover {\n        color: #e43c2f;\n    }\n    \n    .sektorler-title {\n        text-align: center;\n        margin-bottom: 20px;\n    }\n    \n    @media (max-width: 768px) {\n        .sektorler_69e4d759749a0 {\n            justify-content: center;\n            gap: 30px;\n        }\n        \n        .sektorler_69e4d759749a0 .sektor-img {\n            width: 80px;\n        }\n    }\n    <\/style>[\/vc_column][\/vc_row][vc_row disable_element=\u201dyes\u201d][vc_column][vc_custom_heading text=\u201dRelated Products\u201d font_container=\u201dtag:h4|text_align:left\u201d google_fonts=\u201dfont_family:Open%20Sans%3A300%2C300italic%2Cregular%2Citalic%2C600%2C600italic%2C700%2C700italic%2C800%2C800italic|font_style:700%20bold%20regular%3A700%3Anormal\u201d css=\u201d.vc_custom_1755068502410{margin-bottom: 15px !important;}\u201d][vc_column_text]<p>Bu sayfan\u0131n \u00fcst sayfas\u0131 yok.<\/p>[\/vc_column_text][\/vc_column][\/vc_row][vc_row][vc_column][vc_raw_html]JTNDc3R5bGUlM0UuZW50cnktY29udGVudCUyMCU3Qm1hcmdpbi10b3AlM0ElMjAzMHB4JTNCJTdEJTIwLmFkdmFuY2VkLXNpZGViYXItbWVudSUyMCU3QiUyMG1hcmdpbi10b3AlM0ElMjAzMHB4JTNCJTIwJTdEJTNDJTJGc3R5bGUlM0U=[\/vc_raw_html][\/vc_column][\/vc_row]\n<\/section>","protected":false},"excerpt":{"rendered":"<p>[vc_row css=\u201d.vc_custo\u00adm_175022\u00ad9107128{padding-right: 60px !important;}\u201d][vc_column css=\u201d.vc_custo\u00adm_175033\u00ad0042790{background-position: center !important;background-repeat: no-repeat !important;background-size: cover !important;}\u201d][\/vc_column][\/vc_row][vc_row equal_he\u00adight=\u201dyes\u201d css=\u201d.vc_custo\u00adm_175189\u00ad0017661{margin-bottom: 35px !important;padding-top: 20px !important;padding-right: 20px !important;padding-bottom: 20px !important;padding-left: 20px !important;background-color: #ffffff !important;}\u201d el_class=\u201dborder-e5e5e5\u2033][vc_column width=\u201d1\/2\u2033 el_class=\u201dimage-column\u201d][vc_colum\u00adn_text css=\u201d.vc_custo\u00adm_175508\u00ad3219295{padding-bottom: 15px !important;}\u201d] WEDM Serisi TEL ELEKTR\u0130K DE\u015eARJ MAK\u0130NES\u0130 F\u0130LTRELER\u0130 [\/vc_colum\u00adn_text][vc_colum\u00adn_text css=\u201d.vc_custo\u00adm_175508\u00ad3243408{padding-bottom: 15px !important;}\u201d]Mikropor WEDM filtreleri, \u00e7elik, al\u00fcminyum, paslanmaz \u00e7elik, bak\u0131r veya di\u011fer demirli veya demir d\u0131\u015f\u0131 [&hellip;]<\/p>\n","protected":false},"author":3,"featured_media":87487,"parent":0,"menu_order":0,"comment_status":"closed","ping_status":"closed","template":"","meta":{"footnotes":""},"class_list":["post-86620","page","type-page","status-publish","has-post-thumbnail","hentry"],"_links":{"self":[{"href":"https:\/\/www.mikropor.com\/tr\/wp-json\/wp\/v2\/pages\/86620","targetHints":{"allow":["GET"]}}],"collection":[{"href":"https:\/\/www.mikropor.com\/tr\/wp-json\/wp\/v2\/pages"}],"about":[{"href":"https:\/\/www.mikropor.com\/tr\/wp-json\/wp\/v2\/types\/page"}],"author":[{"embeddable":true,"href":"https:\/\/www.mikropor.com\/tr\/wp-json\/wp\/v2\/users\/3"}],"replies":[{"embeddable":true,"href":"https:\/\/www.mikropor.com\/tr\/wp-json\/wp\/v2\/comments?post=86620"}],"version-history":[{"count":4,"href":"https:\/\/www.mikropor.com\/tr\/wp-json\/wp\/v2\/pages\/86620\/revisions"}],"predecessor-version":[{"id":87490,"href":"https:\/\/www.mikropor.com\/tr\/wp-json\/wp\/v2\/pages\/86620\/revisions\/87490"}],"wp:featuredmedia":[{"embeddable":true,"href":"https:\/\/www.mikropor.com\/tr\/wp-json\/wp\/v2\/media\/87487"}],"wp:attachment":[{"href":"https:\/\/www.mikropor.com\/tr\/wp-json\/wp\/v2\/media?parent=86620"}],"curies":[{"name":"wp","href":"https:\/\/api.w.org\/{rel}","templated":true}]}}