{"id":86728,"date":"2025-08-13T09:16:23","date_gmt":"2025-08-13T06:16:23","guid":{"rendered":"https:\/\/www.mikropor.com\/basincli-hava-sistemleri\/gas-generation-systems-2\/"},"modified":"2026-03-23T14:39:21","modified_gmt":"2026-03-23T11:39:21","slug":"gaz-uretim-sistemleri-2","status":"publish","type":"page","link":"https:\/\/www.mikropor.com\/tr\/gaz-uretim-sistemleri-2\/","title":{"rendered":"Gaz \u00dcretim Sistemleri"},"content":{"rendered":"<section class=\"wpb-content-wrapper\"><p>[vc_row][vc_column]    <nav class=\"mikropor-breadcrumb\" aria-label=\"Breadcrumb\">\n        <ol class=\"breadcrumb-list\">\n                            <li class=\"breadcrumb-item \">\n                                            <a href=\"https:\/\/www.mikropor.com\/tr\/\">\n                            Anasayfa                        <\/a>\n                                        \n                                    <\/li>\n                    <\/ol>\n    <\/nav>\n    [\/vc_column][\/vc_row][vc_row equal_he\u00adight=\u201dyes\u201d css=\u201d.vc_custo\u00adm_175291\u00ad6190654{margin-bottom: 35px !important;padding-top: 20px !important;padding-right: 20px !important;padding-bottom: 20px !important;padding-left: 20px !important;background-color: #ffffff !important;}\u201d el_class=\u201dborder-e5e5e5\u2033][vc_column width=\u201d1\/2\u2033][vc_custo\u00adm_heading text=\u201dGaz \u00dcretim Sistemleri\u201d font_con\u00adtainer=\u201dtag:h4|text_align:left|color:%230a0a0a\u201d google_f\u00adonts=\u201dfont_fam\u00adily:Open%20Sans%3A300%2C300ita\u00adlic%2Cregular%2Citalic%2C600%2C600ita\u00adlic%2C700%2C700ita\u00adlic%2C800%2C800ita\u00adlic|font_style:700%20bold%20regular%3A700%3Anormal\u201d][vc_colum\u00adn_text]Mikropor\u2019un yerinde azot ve oksijen gaz\u0131 \u00fcretim sistemleri, end\u00fcstri\u00adyel uygulama\u00adlar i\u00e7in y\u00fcksek safl\u0131kta, uygun maliyetli \u00e7\u00f6z\u00fcmler sunar. PSA tabanl\u0131 gaz jenerat\u00f6\u00adrlerimiz, \u015fi\u015felenmi\u015f gazlara olan ba\u011f\u0131ml\u0131l\u00ad\u0131\u011f\u0131 azalt\u0131r, i\u015fletme maliyetl\u00aderini d\u00fc\u015f\u00fcr\u00fcr ve g\u0131da i\u015fleme, metal imalat\u0131 ve sa\u011fl\u0131k gibi sekt\u00f6rler i\u00e7in kesintisiz gaz tedariki sa\u011flar.[\/vc_colum\u00adn_text][\/vc_column][vc_column width=\u201d1\/2\u2033 el_class=\u201dimage-column\u201d][vc_singl\u00ade_image image=\u201d90935\u2033 img_size=\u201dfull\u201d add_capt\u00adion=\u201dyes\u201d alignment=\u201dcenter\u201d style=\u201dvc_box_r\u00adounded\u201d css=\u201d.vc_custo\u00adm_175948\u00ad1675457{margin-top: 5px !important;}\u201d el_class=\u201dwow fadeIn delay\u20131\u2033][\/vc_column][\/vc_row][vc_row gap=\u201d20\u2033 equal_he\u00adight=\u201dyes\u201d][vc_column width=\u201d1\/3\u2033]    <\/p><div class=\"product-card-col wpb_column vc_column_container\">\n        <div class=\"vc_column-inner\">\n            <div class=\"wpb_wrapper\">\n                                    <div class=\"wpb_single_image wpb_content_element vc_align_left\">\n                        <figure class=\"wpb_wrapper vc_figure\">\n                                                            <a href=\"https:\/\/www.mikropor.com\/tr\/gaz-uretim-sistemleri-2\/mng-pro-serisi\/\" target=\"_self\" class=\"vc_single_image-wrapper vc_box_border_grey\">\n                            \n                            <img loading=\"lazy\" decoding=\"async\" src=\"https:\/\/www.mikropor.com\/wp-content\/uploads\/2025\/08\/cas-28.webp\" class=\"vc_single_image-img attachment-full\" alt=\"\">\n\n                                                            <\/a>\n                                                    <\/figure>\n                    <\/div>\n                \n                                    <div class=\"wpb_text_column wpb_content_element baslik-btn\">\n                        <div class=\"wpb_wrapper\">\n                            <div class=\"card-header-custom\">\n                                                                    <a href=\"https:\/\/www.mikropor.com\/tr\/gaz-uretim-sistemleri-2\/mng-pro-serisi\/\" target=\"_self\" class=\"product-title\">MNG-PRO Serisi<\/a>\n                                \n                                                                    <a class=\"product-button\" href=\"https:\/\/www.mikropor.com\/tr\/gaz-uretim-sistemleri-2\/mng-pro-serisi\/\" target=\"_self\">\n                                        <span class=\"arrow\">\u279c<\/span>\n                                    <\/a>\n                                                            <\/div>\n                        <\/div>\n                    <\/div>\n                \n                                    <div class=\"wpb_text_column wpb_content_element\">\n                        <div class=\"wpb_wrapper\">\n                            <p>PSA Azot Jenerat\u00f6\u00adrleri (140 Nm\u00b3\/h - 14780 Nm\u00b3\/h)<\/p>\n                        <\/div>\n                    <\/div>\n                            <\/div>\n        <\/div>\n    <\/div>\n    [\/vc_column][vc_column width=\u201d1\/3\u2033]    <div class=\"product-card-col wpb_column vc_column_container\">\n        <div class=\"vc_column-inner\">\n            <div class=\"wpb_wrapper\">\n                                    <div class=\"wpb_single_image wpb_content_element vc_align_left\">\n                        <figure class=\"wpb_wrapper vc_figure\">\n                                                            <a href=\"https:\/\/www.mikropor.com\/tr\/gaz-uretim-sistemleri-2\/m-mng-pro-serisi\/\" target=\"_self\" class=\"vc_single_image-wrapper vc_box_border_grey\">\n                            \n                            <img loading=\"lazy\" decoding=\"async\" src=\"https:\/\/www.mikropor.com\/wp-content\/uploads\/2025\/08\/cas-20.webp\" class=\"vc_single_image-img attachment-full\" alt=\"\">\n\n                                                            <\/a>\n                                                    <\/figure>\n                    <\/div>\n                \n                                    <div class=\"wpb_text_column wpb_content_element baslik-btn\">\n                        <div class=\"wpb_wrapper\">\n                            <div class=\"card-header-custom\">\n                                                                    <a href=\"https:\/\/www.mikropor.com\/tr\/gaz-uretim-sistemleri-2\/m-mng-pro-serisi\/\" target=\"_self\" class=\"product-title\">M-MNG-PRO Serisi<\/a>\n                                \n                                                                    <a class=\"product-button\" href=\"https:\/\/www.mikropor.com\/tr\/gaz-uretim-sistemleri-2\/m-mng-pro-serisi\/\" target=\"_self\">\n                                        <span class=\"arrow\">\u279c<\/span>\n                                    <\/a>\n                                                            <\/div>\n                        <\/div>\n                    <\/div>\n                \n                                    <div class=\"wpb_text_column wpb_content_element\">\n                        <div class=\"wpb_wrapper\">\n                            <p>PSA Mod\u00fcler Azot Jenerat\u00f6\u00adrleri (20 Nm\u00b3\/h - 1650 Nm\u00b3\/h)<\/p>\n                        <\/div>\n                    <\/div>\n                            <\/div>\n        <\/div>\n    <\/div>\n    [\/vc_column][vc_column width=\u201d1\/3\u2033]    <div class=\"product-card-col wpb_column vc_column_container\">\n        <div class=\"vc_column-inner\">\n            <div class=\"wpb_wrapper\">\n                                    <div class=\"wpb_single_image wpb_content_element vc_align_left\">\n                        <figure class=\"wpb_wrapper vc_figure\">\n                                                            <a href=\"https:\/\/www.mikropor.com\/tr\/gaz-uretim-sistemleri-2\/mdx-serisi\/\" target=\"_self\" class=\"vc_single_image-wrapper vc_box_border_grey\">\n                            \n                            <img loading=\"lazy\" decoding=\"async\" src=\"https:\/\/www.mikropor.com\/wp-content\/uploads\/2025\/08\/cas-30.webp\" class=\"vc_single_image-img attachment-full\" alt=\"\">\n\n                                                            <\/a>\n                                                    <\/figure>\n                    <\/div>\n                \n                                    <div class=\"wpb_text_column wpb_content_element baslik-btn\">\n                        <div class=\"wpb_wrapper\">\n                            <div class=\"card-header-custom\">\n                                                                    <a href=\"https:\/\/www.mikropor.com\/tr\/gaz-uretim-sistemleri-2\/mdx-serisi\/\" target=\"_self\" class=\"product-title\">MDX Serisi<\/a>\n                                \n                                                                    <a class=\"product-button\" href=\"https:\/\/www.mikropor.com\/tr\/gaz-uretim-sistemleri-2\/mdx-serisi\/\" target=\"_self\">\n                                        <span class=\"arrow\">\u279c<\/span>\n                                    <\/a>\n                                                            <\/div>\n                        <\/div>\n                    <\/div>\n                \n                                    <div class=\"wpb_text_column wpb_content_element\">\n                        <div class=\"wpb_wrapper\">\n                            <p>Azot Safla\u015ft\u0131\u00adrma Sistemleri (10 Nm\u00b3\/h - 1820 Nm\u00b3\/h)<\/p>\n                        <\/div>\n                    <\/div>\n                            <\/div>\n        <\/div>\n    <\/div>\n    [\/vc_column][\/vc_row][vc_row gap=\u201d20\u2033 equal_height=\u201dyes\u201d][vc_column width=\u201d1\/3\u2033]    <div class=\"product-card-col wpb_column vc_column_container\">\n        <div class=\"vc_column-inner\">\n            <div class=\"wpb_wrapper\">\n                                    <div class=\"wpb_single_image wpb_content_element vc_align_left\">\n                        <figure class=\"wpb_wrapper vc_figure\">\n                                                            <a href=\"https:\/\/www.mikropor.com\/tr\/gaz-uretim-sistemleri-2\/mgd-serisi\/\" target=\"_self\" class=\"vc_single_image-wrapper vc_box_border_grey\">\n                            \n                            <img loading=\"lazy\" decoding=\"async\" src=\"https:\/\/www.mikropor.com\/wp-content\/uploads\/2025\/08\/cas-59.webp\" class=\"vc_single_image-img attachment-full\" alt=\"\">\n\n                                                            <\/a>\n                                                    <\/figure>\n                    <\/div>\n                \n                                    <div class=\"wpb_text_column wpb_content_element baslik-btn\">\n                        <div class=\"wpb_wrapper\">\n                            <div class=\"card-header-custom\">\n                                                                    <a href=\"https:\/\/www.mikropor.com\/tr\/gaz-uretim-sistemleri-2\/mgd-serisi\/\" target=\"_self\" class=\"product-title\">MGD Serisi<\/a>\n                                \n                                                                    <a class=\"product-button\" href=\"https:\/\/www.mikropor.com\/tr\/gaz-uretim-sistemleri-2\/mgd-serisi\/\" target=\"_self\">\n                                        <span class=\"arrow\">\u279c<\/span>\n                                    <\/a>\n                                                            <\/div>\n                        <\/div>\n                    <\/div>\n                \n                                    <div class=\"wpb_text_column wpb_content_element\">\n                        <div class=\"wpb_wrapper\">\n                            <p>Gaz Kurutma Sistemi (5 Nm\u00b3\/h - 1250 Nm\u00b3\/h)<\/p>\n                        <\/div>\n                    <\/div>\n                            <\/div>\n        <\/div>\n    <\/div>\n    [\/vc_column][vc_column width=\u201d1\/3\u2033]    <div class=\"product-card-col wpb_column vc_column_container\">\n        <div class=\"vc_column-inner\">\n            <div class=\"wpb_wrapper\">\n                                    <div class=\"wpb_single_image wpb_content_element vc_align_left\">\n                        <figure class=\"wpb_wrapper vc_figure\">\n                                                            <a href=\"https:\/\/www.mikropor.com\/tr\/gaz-uretim-sistemleri-2\/mog-serisi\/\" target=\"_self\" class=\"vc_single_image-wrapper vc_box_border_grey\">\n                            \n                            <img loading=\"lazy\" decoding=\"async\" src=\"https:\/\/www.mikropor.com\/wp-content\/uploads\/2025\/08\/cas-41.webp\" class=\"vc_single_image-img attachment-full\" alt=\"\">\n\n                                                            <\/a>\n                                                    <\/figure>\n                    <\/div>\n                \n                                    <div class=\"wpb_text_column wpb_content_element baslik-btn\">\n                        <div class=\"wpb_wrapper\">\n                            <div class=\"card-header-custom\">\n                                                                    <a href=\"https:\/\/www.mikropor.com\/tr\/gaz-uretim-sistemleri-2\/mog-serisi\/\" target=\"_self\" class=\"product-title\">MOG Serisi<\/a>\n                                \n                                                                    <a class=\"product-button\" href=\"https:\/\/www.mikropor.com\/tr\/gaz-uretim-sistemleri-2\/mog-serisi\/\" target=\"_self\">\n                                        <span class=\"arrow\">\u279c<\/span>\n                                    <\/a>\n                                                            <\/div>\n                        <\/div>\n                    <\/div>\n                \n                                    <div class=\"wpb_text_column wpb_content_element\">\n                        <div class=\"wpb_wrapper\">\n                            <p>PSA Oksijen Jenerat\u00f6r\u00fc (25 m\u00b3\/h - 21600 m\u00b3\/h)<\/p>\n                        <\/div>\n                    <\/div>\n                            <\/div>\n        <\/div>\n    <\/div>\n    [\/vc_column][vc_column width=\u201d1\/3\u2033]    <div class=\"product-card-col wpb_column vc_column_container\">\n        <div class=\"vc_column-inner\">\n            <div class=\"wpb_wrapper\">\n                                    <div class=\"wpb_single_image wpb_content_element vc_align_left\">\n                        <figure class=\"wpb_wrapper vc_figure\">\n                                                            <a href=\"https:\/\/www.mikropor.com\/tr\/gaz-uretim-sistemleri-2\/mbs-serisi\/\" target=\"_self\" class=\"vc_single_image-wrapper vc_box_border_grey\">\n                            \n                            <img loading=\"lazy\" decoding=\"async\" src=\"https:\/\/www.mikropor.com\/wp-content\/uploads\/2025\/08\/21864902544-3.webp\" class=\"vc_single_image-img attachment-full\" alt=\"\">\n\n                                                            <\/a>\n                                                    <\/figure>\n                    <\/div>\n                \n                                    <div class=\"wpb_text_column wpb_content_element baslik-btn\">\n                        <div class=\"wpb_wrapper\">\n                            <div class=\"card-header-custom\">\n                                                                    <a href=\"https:\/\/www.mikropor.com\/tr\/gaz-uretim-sistemleri-2\/mbs-serisi\/\" target=\"_self\" class=\"product-title\">MBS Serisi<\/a>\n                                \n                                                                    <a class=\"product-button\" href=\"https:\/\/www.mikropor.com\/tr\/gaz-uretim-sistemleri-2\/mbs-serisi\/\" target=\"_self\">\n                                        <span class=\"arrow\">\u279c<\/span>\n                                    <\/a>\n                                                            <\/div>\n                        <\/div>\n                    <\/div>\n                \n                                    <div class=\"wpb_text_column wpb_content_element\">\n                        <div class=\"wpb_wrapper\">\n                            <p>Solunabi\u00adlir Hava Sistemi (10 m\u00b3\/h - 2200 m\u00b3\/h)<\/p>\n                        <\/div>\n                    <\/div>\n                            <\/div>\n        <\/div>\n    <\/div>\n    [\/vc_column][\/vc_row][vc_row][vc_column][vc_raw_html]JTNDc3R5bGUlM0UuZW50cnktY29udGVudCUyMCU3Qm1hcmdpbi10b3AlM0ElMjAzMHB4JTNCJTdEJTIwLmFkdmFuY2VkLXNpZGViYXItbWVudSUyMCU3QiUyMG1hcmdpbi10b3AlM0ElMjAzMHB4JTNCJTIwJTdEJTNDJTJGc3R5bGUlM0U=[\/vc_raw_html][\/vc_column][\/vc_row]\n<\/section>","protected":false},"excerpt":{"rendered":"<p>[vc_row][vc_column][\/vc_column][\/vc_row][vc_row equal_he\u00adight=\u201dyes\u201d css=\u201d.vc_custo\u00adm_175291\u00ad6190654{margin-bottom: 35px !important;padding-top: 20px !important;padding-right: 20px !important;padding-bottom: 20px !important;padding-left: 20px !important;background-color: #ffffff !important;}\u201d el_class=\u201dborder-e5e5e5\u2033][vc_column width=\u201d1\/2\u2033][vc_custo\u00adm_heading text=\u201dGaz \u00dcretim Sistemleri\u201d font_con\u00adtainer=\u201dtag:h4|text_align:left|color:%230a0a0a\u201d google_f\u00adonts=\u201dfont_fam\u00adily:Open%20Sans%3A300%2C300ita\u00adlic%2Cregular%2Citalic%2C600%2C600ita\u00adlic%2C700%2C700ita\u00adlic%2C800%2C800ita\u00adlic|font_style:700%20bold%20regular%3A700%3Anormal\u201d][vc_colum\u00adn_text]Mikropor\u2019un yerinde azot ve oksijen gaz\u0131 \u00fcretim sistemleri, end\u00fcstri\u00adyel uygulama\u00adlar i\u00e7in y\u00fcksek safl\u0131kta, uygun maliyetli \u00e7\u00f6z\u00fcmler sunar. PSA tabanl\u0131 gaz jenerat\u00f6\u00adrlerimiz, \u015fi\u015felenmi\u015f gazlara olan ba\u011f\u0131ml\u0131l\u00ad\u0131\u011f\u0131 azalt\u0131r, i\u015fletme maliyetl\u00aderini d\u00fc\u015f\u00fcr\u00fcr ve g\u0131da i\u015fleme, metal imalat\u0131 [&hellip;]<\/p>\n","protected":false},"author":3,"featured_media":0,"parent":0,"menu_order":0,"comment_status":"closed","ping_status":"closed","template":"","meta":{"footnotes":""},"class_list":["post-86728","page","type-page","status-publish","hentry"],"_links":{"self":[{"href":"https:\/\/www.mikropor.com\/tr\/wp-json\/wp\/v2\/pages\/86728","targetHints":{"allow":["GET"]}}],"collection":[{"href":"https:\/\/www.mikropor.com\/tr\/wp-json\/wp\/v2\/pages"}],"about":[{"href":"https:\/\/www.mikropor.com\/tr\/wp-json\/wp\/v2\/types\/page"}],"author":[{"embeddable":true,"href":"https:\/\/www.mikropor.com\/tr\/wp-json\/wp\/v2\/users\/3"}],"replies":[{"embeddable":true,"href":"https:\/\/www.mikropor.com\/tr\/wp-json\/wp\/v2\/comments?post=86728"}],"version-history":[{"count":12,"href":"https:\/\/www.mikropor.com\/tr\/wp-json\/wp\/v2\/pages\/86728\/revisions"}],"predecessor-version":[{"id":92421,"href":"https:\/\/www.mikropor.com\/tr\/wp-json\/wp\/v2\/pages\/86728\/revisions\/92421"}],"wp:attachment":[{"href":"https:\/\/www.mikropor.com\/tr\/wp-json\/wp\/v2\/media?parent=86728"}],"curies":[{"name":"wp","href":"https:\/\/api.w.org\/{rel}","templated":true}]}}