{"id":86876,"date":"2025-08-18T09:48:50","date_gmt":"2025-08-18T06:48:50","guid":{"rendered":"https:\/\/www.mikropor.com\/?page_id=86876"},"modified":"2025-09-09T11:27:03","modified_gmt":"2025-09-09T08:27:03","slug":"yag-su-ayirici-uniteleri","status":"publish","type":"page","link":"https:\/\/www.mikropor.com\/tr\/yag-su-ayirici-uniteleri\/","title":{"rendered":"Ya\u011f-Su Ay\u0131r\u0131c\u0131 \u00dcniteleri"},"content":{"rendered":"<section class=\"wpb-content-wrapper\"><p>[vc_row css=\u201d.vc_custo\u00adm_175022\u00ad9107128{padding-right: 60px !important;}\u201d][vc_column css=\u201d.vc_custo\u00adm_175033\u00ad0042790{background-position: center !important;background-repeat: no-repeat !important;background-size: cover !important;}\u201d]    <nav class=\"mikropor-breadcrumb\" aria-label=\"Breadcrumb\">\n        <ol class=\"breadcrumb-list\">\n                            <li class=\"breadcrumb-item \">\n                                            <a href=\"https:\/\/www.mikropor.com\/tr\/\">\n                            Anasayfa                        <\/a>\n                                        \n                                    <\/li>\n                    <\/ol>\n    <\/nav>\n    [\/vc_column][\/vc_row][vc_row equal_he\u00adight=\u201dyes\u201d css=\u201d.vc_custo\u00adm_175189\u00ad0017661{margin-bottom: 35px !important;padding-top: 20px !important;padding-right: 20px !important;padding-bottom: 20px !important;padding-left: 20px !important;background-color: #ffffff !important;}\u201d el_class=\u201dborder-e5e5e5\u2033][vc_column width=\u201d1\/2\u2033 el_class=\u201dimage-column\u201d][vc_colum\u00adn_text css=\u201d.vc_custo\u00adm_175549\u00ad9699414{padding-bottom: 15px !important;}\u201d]<\/p>\n<h3><span style=\"color: #000000; font-weight: 600;\"><strong>MWOS Serisi<\/strong><\/span><\/h3>\n<p><strong>Ya\u011f \u2013 Su Ay\u0131r\u0131c\u0131 \u00dcniteler<\/strong><br>\n(11 Nm\u00b3\/h \u2013 250 Nm\u00b3\/h)<br>\n[\/vc_colum\u00adn_text][vc_colum\u00adn_text css=\u201d.vc_custo\u00adm_175549\u00ad9727774{padding-bottom: 15px !important;}\u201d]Mikropor MWOS Serisi Ya\u011f-Su Ay\u0131r\u0131c\u0131 \u00dcniteleri, ISO 14000 standart\u00adlar\u0131na g\u00f6re drenajdaki ya\u011f i\u00e7eri\u011fini ISO 14000 standart\u00adlar\u0131na g\u00f6re g\u00fcvenilir ve uygun maliyetli bir \u015fekilde ay\u0131rman\u0131z\u0131 sa\u011flar. Yakla\u015f\u0131k 3000 ila 500 ppm aral\u0131\u011f\u0131n\u00addaki ya\u011f i\u00e7eri\u011fi 10 ppm\u2019ye d\u00fc\u015f\u00fcr\u00fcle\u00adbilir. Ayr\u0131ca, kullan\u0131c\u0131 dostu kurulum ve bak\u0131m prosed\u00fcr\u00fc ile makinenin ar\u0131za s\u00fcresini en aza indirir.[\/vc_colum\u00adn_text]<\/p><div class=\"button-group\"><a class=\"custom-btn\" href=\"#\" data-product=\"Ya\u011f-Su Ay\u0131r\u0131c\u0131 \u00dcniteleri\">Teklif Al<\/a><\/div>[\/vc_column][vc_column width=\u201d1\/2\u2033][vc_gallery interval=\u201d5\u2033 images=\u201d87444\u2033 img_size=\u201dfull\u201d][\/vc_column][\/vc_row][vc_row el_class=\u201dborder-e5e5e5\u2033 css=\u201d.vc_custom_1757405698224{margin-bottom: 30px !important;padding-top: 20px !important;padding-right: 20px !important;padding-bottom: 20px !important;padding-left: 20px !important;}\u201d][vc_column width=\u201d5\/6\u2033]<div class=\"corporate-features-table\"><div class=\"feature-item\"><div class=\"feature-label\"><i class=\"fa-solid fa-wind\"><\/i> Hava Giri\u015f S\u0131cakl\u0131\u011f\u0131<\/div><div class=\"feature-value\">25\u00b0C<\/div><div class=\"feature-value\">-<\/div><\/div><div class=\"feature-item\"><div class=\"feature-label\"><i class=\"fa-solid fa-droplet\"><\/i> Ba\u011f\u0131l Hava Nemi<\/div><div class=\"feature-value\">60%<\/div><div class=\"feature-value\">-<\/div><\/div><div class=\"feature-item\"><div class=\"feature-label\"><i class=\"fa-solid fa-cog\"><\/i> Mineral Ya\u011f Kompres\u00f6r Kapasitesi (m\u00b3\/dk)<\/div><div class=\"feature-value\">2<\/div><div class=\"feature-value\">-<\/div><\/div><div class=\"feature-item\"><div class=\"feature-label\"><i class=\"fa-solid fa-cog\"><\/i> Sentetik Ya\u011f Kompres\u00f6r Kapasitesi (m\u00b3\/dk)<\/div><div class=\"feature-value\">2<\/div><div class=\"feature-value\">-<\/div><\/div><div class=\"feature-item\"><div class=\"feature-label\"><i class=\"fa-solid fa-oil-can\"><\/i> \u00c7\u0131k\u0131\u015fta Ya\u011f Konsantrasyonu<\/div><div class=\"feature-value\">\u226410ppm<\/div><div class=\"feature-value\">-<\/div><\/div><\/div>[\/vc_column][vc_column width=\u201d1\/6\u2033][vc_column_text]<img decoding=\"async\" class=\"alignnone size-full wp-image-82516 alignright\" src=\"https:\/\/www.mikropor.com\/wp-content\/webp-express\/webp-images\/uploads\/2021\/05\/CE.png.webp\" alt=\"\" width=\"75\">[\/vc_column_text][\/vc_column][\/vc_row][vc_row][vc_column][vc_raw_html]JTNDc3R5bGUlM0UuZW50cnktY29udGVudCUyMCU3Qm1hcmdpbi10b3AlM0ElMjAzMHB4JTNCJTdEJTIwLmFkdmFuY2VkLXNpZGViYXItbWVudSUyMCU3QiUyMG1hcmdpbi10b3AlM0ElMjAzMHB4JTNCJTIwJTdEJTNDJTJGc3R5bGUlM0U=[\/vc_raw_html][\/vc_column][\/vc_row]\n<\/section>","protected":false},"excerpt":{"rendered":"<p>[vc_row css=\u201d.vc_custo\u00adm_175022\u00ad9107128{padding-right: 60px !important;}\u201d][vc_column css=\u201d.vc_custo\u00adm_175033\u00ad0042790{background-position: center !important;background-repeat: no-repeat !important;background-size: cover !important;}\u201d][\/vc_column][\/vc_row][vc_row equal_he\u00adight=\u201dyes\u201d css=\u201d.vc_custo\u00adm_175189\u00ad0017661{margin-bottom: 35px !important;padding-top: 20px !important;padding-right: 20px !important;padding-bottom: 20px !important;padding-left: 20px !important;background-color: #ffffff !important;}\u201d el_class=\u201dborder-e5e5e5\u2033][vc_column width=\u201d1\/2\u2033 el_class=\u201dimage-column\u201d][vc_colum\u00adn_text css=\u201d.vc_custo\u00adm_175549\u00ad9699414{padding-bottom: 15px !important;}\u201d] MWOS Serisi Ya\u011f \u2013 Su Ay\u0131r\u0131c\u0131 \u00dcniteler (11 Nm\u00b3\/h \u2013 250 Nm\u00b3\/h) [\/vc_colum\u00adn_text][vc_colum\u00adn_text css=\u201d.vc_custo\u00adm_175549\u00ad9727774{padding-bottom: 15px !important;}\u201d]Mikropor MWOS Serisi Ya\u011f-Su Ay\u0131r\u0131c\u0131 \u00dcniteleri, ISO 14000 standart\u00adlar\u0131na [&hellip;]<\/p>\n","protected":false},"author":3,"featured_media":87444,"parent":0,"menu_order":0,"comment_status":"closed","ping_status":"closed","template":"","meta":{"footnotes":""},"class_list":["post-86876","page","type-page","status-publish","has-post-thumbnail","hentry"],"_links":{"self":[{"href":"https:\/\/www.mikropor.com\/tr\/wp-json\/wp\/v2\/pages\/86876","targetHints":{"allow":["GET"]}}],"collection":[{"href":"https:\/\/www.mikropor.com\/tr\/wp-json\/wp\/v2\/pages"}],"about":[{"href":"https:\/\/www.mikropor.com\/tr\/wp-json\/wp\/v2\/types\/page"}],"author":[{"embeddable":true,"href":"https:\/\/www.mikropor.com\/tr\/wp-json\/wp\/v2\/users\/3"}],"replies":[{"embeddable":true,"href":"https:\/\/www.mikropor.com\/tr\/wp-json\/wp\/v2\/comments?post=86876"}],"version-history":[{"count":6,"href":"https:\/\/www.mikropor.com\/tr\/wp-json\/wp\/v2\/pages\/86876\/revisions"}],"predecessor-version":[{"id":90508,"href":"https:\/\/www.mikropor.com\/tr\/wp-json\/wp\/v2\/pages\/86876\/revisions\/90508"}],"wp:featuredmedia":[{"embeddable":true,"href":"https:\/\/www.mikropor.com\/tr\/wp-json\/wp\/v2\/media\/87444"}],"wp:attachment":[{"href":"https:\/\/www.mikropor.com\/tr\/wp-json\/wp\/v2\/media?parent=86876"}],"curies":[{"name":"wp","href":"https:\/\/api.w.org\/{rel}","templated":true}]}}