{"id":87637,"date":"2025-08-18T06:17:42","date_gmt":"2025-08-18T03:17:42","guid":{"rendered":"https:\/\/www.mikropor.com\/compressed-air-systems-2\/"},"modified":"2026-03-23T14:00:27","modified_gmt":"2026-03-23T11:00:27","slug":"basincli-hava-sistemleri-2","status":"publish","type":"page","link":"https:\/\/www.mikropor.com\/tr\/basincli-hava-sistemleri-2\/","title":{"rendered":"Bas\u0131n\u00e7l\u0131 Hava Sistemleri"},"content":{"rendered":"<section class=\"wpb-content-wrapper\"><p>[vc_row][vc_column]    <nav class=\"mikropor-breadcrumb\" aria-label=\"Breadcrumb\">\n        <ol class=\"breadcrumb-list\">\n                            <li class=\"breadcrumb-item \">\n                                            <a href=\"https:\/\/www.mikropor.com\/tr\/\">\n                            Anasayfa                        <\/a>\n                                        \n                                    <\/li>\n                    <\/ol>\n    <\/nav>\n    [\/vc_column][\/vc_row][vc_row css=\u201d.vc_custo\u00adm_175170\u00ad5551096{margin-bottom: 30px !important;padding-top: 20px !important;padding-right: 20px !important;padding-bottom: 20px !important;padding-left: 20px !important;background-color: #ffffff !important;}\u201d el_class=\u201dborder-e5e5e5\u2033][vc_column width=\u201d1\/2\u2033][vc_custo\u00adm_heading text=\u201dBas\u0131n\u00e7l\u0131 Hava Sistemleri\u201d font_con\u00adtainer=\u201dtag:h3|text_align:left\u201d google_f\u00adonts=\u201dfont_fam\u00adily:Open%20Sans%3A300%2C300ita\u00adlic%2Cregular%2Citalic%2C600%2C600ita\u00adlic%2C700%2C700ita\u00adlic%2C800%2C800ita\u00adlic|font_style:600%20bold%20regular%3A600%3Anormal\u201d][vc_colum\u00adn_text]<\/p>\n<p data-start=\"633\" data-end=\"1107\">Bas\u0131n\u00e7l\u0131 Hava Sistemleri, geni\u015f bir end\u00fcstri\u00adyel uygulama yelpazes\u00adini \u00e7al\u0131\u015ft\u0131r\u00admak i\u00e7in vazge\u00e7il\u00admezdir. Y\u00fcksek kaliteli hava, proses g\u00fcvenili\u00adrli\u011fini sa\u011flamak, ekipman a\u015f\u0131nmas\u0131n\u0131 azaltmak ve genel verimlil\u00adi\u011fi art\u0131rmak i\u00e7in kritik \u00f6neme sahiptir. Mikropor\u2019un geli\u015fmi\u015f Bas\u0131n\u00e7l\u0131 Hava \u00c7\u00f6z\u00fcmleri, temiz, kuru ve ya\u011fs\u0131z hava sa\u011flayarak sistemle\u00adrinizi korur ve \u00fcretkenl\u00adi\u011fi art\u0131r\u0131r. Enerji verimli teknoloj\u00adilerimizle operasyo\u00adnel maliyetl\u00aderi azalt\u0131rken s\u00fcrd\u00fcr\u00fcl\u00adebilirli\u011fi destekli\u00adyoruz.<\/p>\n<p>[\/vc_colum\u00adn_text][\/vc_column][vc_column width=\u201d1\/2\u2033][vc_singl\u00ade_image image=\u201d89300\u2033 img_size=\u201dfull\u201d][\/vc_column][\/vc_row][vc_row full_width=\u201dstretch_\u00adrow\u201d gap=\u201d20\u2033 equal_he\u00adight=\u201dyes\u201d][vc_column width=\u201d1\/3\u2033]    <\/p><div class=\"product-card-col wpb_column vc_column_container\">\n        <div class=\"vc_column-inner\">\n            <div class=\"wpb_wrapper\">\n                                    <div class=\"wpb_single_image wpb_content_element vc_align_left\">\n                        <figure class=\"wpb_wrapper vc_figure\">\n                                                            <a href=\"https:\/\/www.mikropor.com\/tr\/basincli-hava-sistemleri-2\/filtreleme-ve-ayirma\/\" target=\"_self\" class=\"vc_single_image-wrapper vc_box_border_grey\">\n                            \n                            <img loading=\"lazy\" decoding=\"async\" src=\"https:\/\/www.mikropor.com\/wp-content\/uploads\/2025\/09\/casbanner-02-scaled.png\" class=\"vc_single_image-img attachment-full\" alt=\"\">\n\n                                                            <\/a>\n                                                    <\/figure>\n                    <\/div>\n                \n                                    <div class=\"wpb_text_column wpb_content_element \">\n                        <div class=\"wpb_wrapper\">\n                            <div class=\"card-header-custom\">\n                                                                    <a href=\"https:\/\/www.mikropor.com\/tr\/basincli-hava-sistemleri-2\/filtreleme-ve-ayirma\/\" target=\"_self\" class=\"product-title\">Filtreleme ve Seperasyon<\/a>\n                                \n                                                                    <a class=\"product-button\" href=\"https:\/\/www.mikropor.com\/tr\/basincli-hava-sistemleri-2\/filtreleme-ve-ayirma\/\" target=\"_self\">\n                                        <span class=\"arrow\">\u279c<\/span>\n                                    <\/a>\n                                                            <\/div>\n                        <\/div>\n                    <\/div>\n                \n                            <\/div>\n        <\/div>\n    <\/div>\n    [\/vc_column][vc_column width=\u201d1\/3\u2033]    <div class=\"product-card-col wpb_column vc_column_container\">\n        <div class=\"vc_column-inner\">\n            <div class=\"wpb_wrapper\">\n                                    <div class=\"wpb_single_image wpb_content_element vc_align_left\">\n                        <figure class=\"wpb_wrapper vc_figure\">\n                                                            <a href=\"https:\/\/www.mikropor.com\/tr\/basincli-hava-sistemleri\/basincli-hava-kurutucular\/\" target=\"_self\" class=\"vc_single_image-wrapper vc_box_border_grey\">\n                            \n                            <img loading=\"lazy\" decoding=\"async\" src=\"https:\/\/www.mikropor.com\/wp-content\/uploads\/2025\/09\/casbanner-01-1-scaled.png\" class=\"vc_single_image-img attachment-full\" alt=\"\">\n\n                                                            <\/a>\n                                                    <\/figure>\n                    <\/div>\n                \n                                    <div class=\"wpb_text_column wpb_content_element \">\n                        <div class=\"wpb_wrapper\">\n                            <div class=\"card-header-custom\">\n                                                                    <a href=\"https:\/\/www.mikropor.com\/tr\/basincli-hava-sistemleri\/basincli-hava-kurutucular\/\" target=\"_self\" class=\"product-title\">Bas\u0131n\u00e7l\u0131 Hava Kurutucular<\/a>\n                                \n                                                                    <a class=\"product-button\" href=\"https:\/\/www.mikropor.com\/tr\/basincli-hava-sistemleri\/basincli-hava-kurutucular\/\" target=\"_self\">\n                                        <span class=\"arrow\">\u279c<\/span>\n                                    <\/a>\n                                                            <\/div>\n                        <\/div>\n                    <\/div>\n                \n                            <\/div>\n        <\/div>\n    <\/div>\n    [\/vc_column][vc_column width=\u201d1\/3\u2033]    <div class=\"product-card-col wpb_column vc_column_container\">\n        <div class=\"vc_column-inner\">\n            <div class=\"wpb_wrapper\">\n                                    <div class=\"wpb_single_image wpb_content_element vc_align_left\">\n                        <figure class=\"wpb_wrapper vc_figure\">\n                                                            <a href=\"https:\/\/www.mikropor.com\/tr\/gaz-uretim-sistemleri-2\/\" target=\"_self\" class=\"vc_single_image-wrapper vc_box_border_grey\">\n                            \n                            <img loading=\"lazy\" decoding=\"async\" src=\"https:\/\/www.mikropor.com\/wp-content\/uploads\/2025\/09\/casbanner-03-scaled.png\" class=\"vc_single_image-img attachment-full\" alt=\"\">\n\n                                                            <\/a>\n                                                    <\/figure>\n                    <\/div>\n                \n                                    <div class=\"wpb_text_column wpb_content_element \">\n                        <div class=\"wpb_wrapper\">\n                            <div class=\"card-header-custom\">\n                                                                    <a href=\"https:\/\/www.mikropor.com\/tr\/gaz-uretim-sistemleri-2\/\" target=\"_self\" class=\"product-title\">Gaz \u00dcretim Sistemleri<\/a>\n                                \n                                                                    <a class=\"product-button\" href=\"https:\/\/www.mikropor.com\/tr\/gaz-uretim-sistemleri-2\/\" target=\"_self\">\n                                        <span class=\"arrow\">\u279c<\/span>\n                                    <\/a>\n                                                            <\/div>\n                        <\/div>\n                    <\/div>\n                \n                            <\/div>\n        <\/div>\n    <\/div>\n    [\/vc_column][\/vc_row][vc_row full_width=\u201dstretch_row\u201d gap=\u201d20\u2033 equal_height=\u201dyes\u201d][vc_column width=\u201d1\/3\u2033][\/vc_column][vc_column width=\u201d1\/3\u2033][\/vc_column][vc_column width=\u201d1\/3\u2033][\/vc_column][\/vc_row][vc_row][vc_column][vc_raw_html]JTNDc3R5bGUlM0UuY29udGVudC1jb250YWluZXIlMjAlN0JwYWRkaW5nLXRvcCUzQSUyMDEwN3B4JTNCJTNDJTJGc3R5bGUlM0U=[\/vc_raw_html][\/vc_column][\/vc_row]\n<\/section>","protected":false},"excerpt":{"rendered":"<p>[vc_row][vc_column][\/vc_column][\/vc_row][vc_row css=\u201d.vc_custo\u00adm_175170\u00ad5551096{margin-bottom: 30px !important;padding-top: 20px !important;padding-right: 20px !important;padding-bottom: 20px !important;padding-left: 20px !important;background-color: #ffffff !important;}\u201d el_class=\u201dborder-e5e5e5\u2033][vc_column width=\u201d1\/2\u2033][vc_custo\u00adm_heading text=\u201dBas\u0131n\u00e7l\u0131 Hava Sistemleri\u201d font_con\u00adtainer=\u201dtag:h3|text_align:left\u201d google_f\u00adonts=\u201dfont_fam\u00adily:Open%20Sans%3A300%2C300ita\u00adlic%2Cregular%2Citalic%2C600%2C600ita\u00adlic%2C700%2C700ita\u00adlic%2C800%2C800ita\u00adlic|font_style:600%20bold%20regular%3A600%3Anormal\u201d][vc_colum\u00adn_text] Bas\u0131n\u00e7l\u0131 Hava Sistemleri, geni\u015f bir end\u00fcstri\u00adyel uygulama yelpazes\u00adini \u00e7al\u0131\u015ft\u0131r\u00admak i\u00e7in vazge\u00e7il\u00admezdir. Y\u00fcksek kaliteli hava, proses g\u00fcvenili\u00adrli\u011fini sa\u011flamak, ekipman a\u015f\u0131nmas\u0131n\u0131 azaltmak ve genel verimlil\u00adi\u011fi art\u0131rmak i\u00e7in kritik \u00f6neme sahiptir. Mikropor\u2019un geli\u015fmi\u015f Bas\u0131n\u00e7l\u0131 Hava \u00c7\u00f6z\u00fcmleri, temiz, [&hellip;]<\/p>\n","protected":false},"author":3,"featured_media":0,"parent":0,"menu_order":0,"comment_status":"closed","ping_status":"closed","template":"","meta":{"footnotes":""},"class_list":["post-87637","page","type-page","status-publish","hentry"],"_links":{"self":[{"href":"https:\/\/www.mikropor.com\/tr\/wp-json\/wp\/v2\/pages\/87637","targetHints":{"allow":["GET"]}}],"collection":[{"href":"https:\/\/www.mikropor.com\/tr\/wp-json\/wp\/v2\/pages"}],"about":[{"href":"https:\/\/www.mikropor.com\/tr\/wp-json\/wp\/v2\/types\/page"}],"author":[{"embeddable":true,"href":"https:\/\/www.mikropor.com\/tr\/wp-json\/wp\/v2\/users\/3"}],"replies":[{"embeddable":true,"href":"https:\/\/www.mikropor.com\/tr\/wp-json\/wp\/v2\/comments?post=87637"}],"version-history":[{"count":14,"href":"https:\/\/www.mikropor.com\/tr\/wp-json\/wp\/v2\/pages\/87637\/revisions"}],"predecessor-version":[{"id":92383,"href":"https:\/\/www.mikropor.com\/tr\/wp-json\/wp\/v2\/pages\/87637\/revisions\/92383"}],"wp:attachment":[{"href":"https:\/\/www.mikropor.com\/tr\/wp-json\/wp\/v2\/media?parent=87637"}],"curies":[{"name":"wp","href":"https:\/\/api.w.org\/{rel}","templated":true}]}}