{"id":87659,"date":"2025-08-24T18:19:48","date_gmt":"2025-08-24T15:19:48","guid":{"rendered":"https:\/\/www.mikropor.com\/automotive\/"},"modified":"2026-01-08T09:19:39","modified_gmt":"2026-01-08T06:19:39","slug":"otomotiv-endustrisi","status":"publish","type":"page","link":"https:\/\/www.mikropor.com\/tr\/otomotiv-endustrisi\/","title":{"rendered":"Otomotiv End\u00fcstrisi"},"content":{"rendered":"<section class=\"wpb-content-wrapper\"><p>[vc_row][vc_column]    <nav class=\"mikropor-breadcrumb\" aria-label=\"Breadcrumb\">\n        <ol class=\"breadcrumb-list\">\n                            <li class=\"breadcrumb-item \">\n                                            <a href=\"https:\/\/www.mikropor.com\/tr\/\">\n                            Anasayfa                        <\/a>\n                                        \n                                            <span class=\"breadcrumb-separator\" aria-hidden=\"true\">&gt;<\/span>\n                                    <\/li>\n                            <li class=\"breadcrumb-item \">\n                                            <a href=\"https:\/\/www.mikropor.com\/tr\/atmosferik-hava-filtrasyonu-2\/\">\n                            Atmosferik Hava Filtrasy\u00adonu                        <\/a>\n                                        \n                                    <\/li>\n                    <\/ol>\n    <\/nav>\n    [\/vc_column][\/vc_row][vc_row equal_he\u00adight=\u201dyes\u201d css=\u201d.vc_custo\u00adm_175187\u00ad1457710{margin-bottom: 35px !important;padding-top: 20px !important;padding-right: 20px !important;padding-bottom: 20px !important;padding-left: 20px !important;background-color: #ffffff !important;}\u201d el_class=\u201dborder-e5e5e5\u2033][vc_column width=\u201d1\/2\u2033][vc_custo\u00adm_heading text=\u201dOtomotiv End\u00fcstrisi\u201d font_con\u00adtainer=\u201dtag:h4|text_align:left\u201d google_f\u00adonts=\u201dfont_fam\u00adily:Open%20Sans%3A300%2C300ita\u00adlic%2Cregular%2Citalic%2C600%2C600ita\u00adlic%2C700%2C700ita\u00adlic%2C800%2C800ita\u00adlic|font_style:700%20bold%20regular%3A700%3Anormal\u201d][vc_colum\u00adn_text]Mikropor, modern otomotiv boyama sistemle\u00adrine \u00f6zel hava filtresi \u00e7\u00f6z\u00fcmleri sunar. Bu sistemler, sabit temiz ve partik\u00fcl\u00ads\u00fcz ya da VOC i\u00e7ermeyen devridaim havas\u0131na ihtiya\u00e7 duyar. HVAC ve y\u00fcksek s\u0131cakl\u0131k (HT) uygulama\u00adlar\u0131 i\u00e7in d\u00fcnya \u00e7ap\u0131nda tan\u0131nm\u0131\u015f otomobil \u00fcreticil\u00aderine en iyi filtrasyon \u00e7\u00f6z\u00fcmler\u00adini sa\u011flamak\u00adtad\u0131r.[\/vc_colum\u00adn_text][\/vc_column][vc_column width=\u201d1\/2\u2033 el_class=\u201dimage-column\u201d][vc_singl\u00ade_image image=\u201d87793\u2033 img_size=\u201dfull\u201d alignment=\u201dcenter\u201d style=\u201dvc_box_r\u00adounded\u201d css=\u201d.vc_custo\u00adm_175612\u00ad3690421{margin-top: 5px !important;}\u201d el_class=\u201dwow fadeIn delay\u20131\u2033][\/vc_column][\/vc_row][vc_row full_width=\u201dstretch_\u00adrow\u201d equal_he\u00adight=\u201dyes\u201d][vc_column width=\u201d1\/3\u2033]    <\/p><div class=\"product-card-col wpb_column vc_column_container\">\n        <div class=\"vc_column-inner\">\n            <div class=\"wpb_wrapper\">\n                                    <div class=\"wpb_single_image wpb_content_element vc_align_left\">\n                        <figure class=\"wpb_wrapper vc_figure\">\n                                                            <a href=\"https:\/\/www.mikropor.com\/tr\/atmosferik-hava-filtrasyonu\/kaba-filtreler\/mskpn-serisi\/\" target=\"_self\" class=\"vc_single_image-wrapper vc_box_border_grey\">\n                            \n                            <img loading=\"lazy\" decoding=\"async\" src=\"https:\/\/www.mikropor.com\/wp-content\/uploads\/2025\/07\/7-MSKPN-SERIES.png\" class=\"vc_single_image-img attachment-full\" alt=\"\">\n\n                                                            <\/a>\n                                                    <\/figure>\n                    <\/div>\n                \n                                    <div class=\"wpb_text_column wpb_content_element \">\n                        <div class=\"wpb_wrapper\">\n                            <div class=\"card-header-custom\">\n                                                                    <a href=\"https:\/\/www.mikropor.com\/tr\/atmosferik-hava-filtrasyonu\/kaba-filtreler\/mskpn-serisi\/\" target=\"_self\" class=\"product-title\">MSKPN Serisi<\/a>\n                                \n                                                                    <a class=\"product-button\" href=\"https:\/\/www.mikropor.com\/tr\/atmosferik-hava-filtrasyonu\/kaba-filtreler\/mskpn-serisi\/\" target=\"_self\">\n                                        <span class=\"arrow\">\u279c<\/span>\n                                    <\/a>\n                                                            <\/div>\n                        <\/div>\n                    <\/div>\n                \n                            <\/div>\n        <\/div>\n    <\/div>\n    [\/vc_column][vc_column width=\u201d1\/3\u2033]    <div class=\"product-card-col wpb_column vc_column_container\">\n        <div class=\"vc_column-inner\">\n            <div class=\"wpb_wrapper\">\n                                    <div class=\"wpb_single_image wpb_content_element vc_align_left\">\n                        <figure class=\"wpb_wrapper vc_figure\">\n                                                            <a href=\"https:\/\/www.mikropor.com\/tr\/atmosferik-hava-filtrasyonu\/kaba-filtreler\/mpr-reverse-serisi\/\" target=\"_self\" class=\"vc_single_image-wrapper vc_box_border_grey\">\n                            \n                            <img loading=\"lazy\" decoding=\"async\" src=\"https:\/\/www.mikropor.com\/wp-content\/uploads\/2025\/07\/14-MPR-REVERSE-SERIES.png\" class=\"vc_single_image-img attachment-full\" alt=\"\">\n\n                                                            <\/a>\n                                                    <\/figure>\n                    <\/div>\n                \n                                    <div class=\"wpb_text_column wpb_content_element \">\n                        <div class=\"wpb_wrapper\">\n                            <div class=\"card-header-custom\">\n                                                                    <a href=\"https:\/\/www.mikropor.com\/tr\/atmosferik-hava-filtrasyonu\/kaba-filtreler\/mpr-reverse-serisi\/\" target=\"_self\" class=\"product-title\">MPR REVERSE Serisi<\/a>\n                                \n                                                                    <a class=\"product-button\" href=\"https:\/\/www.mikropor.com\/tr\/atmosferik-hava-filtrasyonu\/kaba-filtreler\/mpr-reverse-serisi\/\" target=\"_self\">\n                                        <span class=\"arrow\">\u279c<\/span>\n                                    <\/a>\n                                                            <\/div>\n                        <\/div>\n                    <\/div>\n                \n                            <\/div>\n        <\/div>\n    <\/div>\n    [\/vc_column][vc_column width=\u201d1\/3\u2033]    <div class=\"product-card-col wpb_column vc_column_container\">\n        <div class=\"vc_column-inner\">\n            <div class=\"wpb_wrapper\">\n                                    <div class=\"wpb_single_image wpb_content_element vc_align_left\">\n                        <figure class=\"wpb_wrapper vc_figure\">\n                                                            <a href=\"https:\/\/www.mikropor.com\/tr\/atmosferik-hava-filtrasyonu\/hassas-filtreler\/mv-serisi\/\" target=\"_self\" class=\"vc_single_image-wrapper vc_box_border_grey\">\n                            \n                            <img loading=\"lazy\" decoding=\"async\" src=\"https:\/\/www.mikropor.com\/wp-content\/uploads\/2025\/07\/24-MV-SERIES.png\" class=\"vc_single_image-img attachment-full\" alt=\"\">\n\n                                                            <\/a>\n                                                    <\/figure>\n                    <\/div>\n                \n                                    <div class=\"wpb_text_column wpb_content_element \">\n                        <div class=\"wpb_wrapper\">\n                            <div class=\"card-header-custom\">\n                                                                    <a href=\"https:\/\/www.mikropor.com\/tr\/atmosferik-hava-filtrasyonu\/hassas-filtreler\/mv-serisi\/\" target=\"_self\" class=\"product-title\">MV Serisi<\/a>\n                                \n                                                                    <a class=\"product-button\" href=\"https:\/\/www.mikropor.com\/tr\/atmosferik-hava-filtrasyonu\/hassas-filtreler\/mv-serisi\/\" target=\"_self\">\n                                        <span class=\"arrow\">\u279c<\/span>\n                                    <\/a>\n                                                            <\/div>\n                        <\/div>\n                    <\/div>\n                \n                            <\/div>\n        <\/div>\n    <\/div>\n    [\/vc_column][\/vc_row][vc_row full_width=\u201dstretch_row\u201d equal_height=\u201dyes\u201d][vc_column width=\u201d1\/3\u2033]    <div class=\"product-card-col wpb_column vc_column_container\">\n        <div class=\"vc_column-inner\">\n            <div class=\"wpb_wrapper\">\n                                    <div class=\"wpb_single_image wpb_content_element vc_align_left\">\n                        <figure class=\"wpb_wrapper vc_figure\">\n                                                            <a href=\"https:\/\/www.mikropor.com\/tr\/atmosferik-hava-filtrasyonu\/yuksek-sicaklik-filtreleri-2\/mskpht-serisi\/\" target=\"_self\" class=\"vc_single_image-wrapper vc_box_border_grey\">\n                            \n                            <img loading=\"lazy\" decoding=\"async\" src=\"https:\/\/www.mikropor.com\/wp-content\/uploads\/2025\/07\/30-MSKPHT-SERIES.png\" class=\"vc_single_image-img attachment-full\" alt=\"\">\n\n                                                            <\/a>\n                                                    <\/figure>\n                    <\/div>\n                \n                                    <div class=\"wpb_text_column wpb_content_element \">\n                        <div class=\"wpb_wrapper\">\n                            <div class=\"card-header-custom\">\n                                                                    <a href=\"https:\/\/www.mikropor.com\/tr\/atmosferik-hava-filtrasyonu\/yuksek-sicaklik-filtreleri-2\/mskpht-serisi\/\" target=\"_self\" class=\"product-title\">MSKPHT Serisi<\/a>\n                                \n                                                                    <a class=\"product-button\" href=\"https:\/\/www.mikropor.com\/tr\/atmosferik-hava-filtrasyonu\/yuksek-sicaklik-filtreleri-2\/mskpht-serisi\/\" target=\"_self\">\n                                        <span class=\"arrow\">\u279c<\/span>\n                                    <\/a>\n                                                            <\/div>\n                        <\/div>\n                    <\/div>\n                \n                            <\/div>\n        <\/div>\n    <\/div>\n    [\/vc_column][vc_column width=\u201d1\/3\u2033]    <div class=\"product-card-col wpb_column vc_column_container\">\n        <div class=\"vc_column-inner\">\n            <div class=\"wpb_wrapper\">\n                                    <div class=\"wpb_single_image wpb_content_element vc_align_left\">\n                        <figure class=\"wpb_wrapper vc_figure\">\n                                                            <a href=\"https:\/\/www.mikropor.com\/tr\/atmosferik-hava-filtrasyonu\/yuksek-sicaklik-filtreleri-2\/mv4ht-serisi\/\" target=\"_self\" class=\"vc_single_image-wrapper vc_box_border_grey\">\n                            \n                            <img loading=\"lazy\" decoding=\"async\" src=\"https:\/\/www.mikropor.com\/wp-content\/uploads\/2025\/07\/31-MV4HT-SERIES.png\" class=\"vc_single_image-img attachment-full\" alt=\"\">\n\n                                                            <\/a>\n                                                    <\/figure>\n                    <\/div>\n                \n                                    <div class=\"wpb_text_column wpb_content_element \">\n                        <div class=\"wpb_wrapper\">\n                            <div class=\"card-header-custom\">\n                                                                    <a href=\"https:\/\/www.mikropor.com\/tr\/atmosferik-hava-filtrasyonu\/yuksek-sicaklik-filtreleri-2\/mv4ht-serisi\/\" target=\"_self\" class=\"product-title\">MV4HT Serisi<\/a>\n                                \n                                                                    <a class=\"product-button\" href=\"https:\/\/www.mikropor.com\/tr\/atmosferik-hava-filtrasyonu\/yuksek-sicaklik-filtreleri-2\/mv4ht-serisi\/\" target=\"_self\">\n                                        <span class=\"arrow\">\u279c<\/span>\n                                    <\/a>\n                                                            <\/div>\n                        <\/div>\n                    <\/div>\n                \n                            <\/div>\n        <\/div>\n    <\/div>\n    [\/vc_column][vc_column width=\u201d1\/3\u2033]    <div class=\"product-card-col wpb_column vc_column_container\">\n        <div class=\"vc_column-inner\">\n            <div class=\"wpb_wrapper\">\n                                    <div class=\"wpb_single_image wpb_content_element vc_align_left\">\n                        <figure class=\"wpb_wrapper vc_figure\">\n                                                            <a href=\"https:\/\/www.mikropor.com\/tr\/atmosferik-hava-filtrasyonu\/yuksek-sicaklik-filtreleri-2\/masht-serisi\/\" target=\"_self\" class=\"vc_single_image-wrapper vc_box_border_grey\">\n                            \n                            <img loading=\"lazy\" decoding=\"async\" src=\"https:\/\/www.mikropor.com\/wp-content\/uploads\/2025\/07\/34-MASHT-SERIES.png\" class=\"vc_single_image-img attachment-full\" alt=\"\">\n\n                                                            <\/a>\n                                                    <\/figure>\n                    <\/div>\n                \n                                    <div class=\"wpb_text_column wpb_content_element \">\n                        <div class=\"wpb_wrapper\">\n                            <div class=\"card-header-custom\">\n                                                                    <a href=\"https:\/\/www.mikropor.com\/tr\/atmosferik-hava-filtrasyonu\/yuksek-sicaklik-filtreleri-2\/masht-serisi\/\" target=\"_self\" class=\"product-title\">MASHT Serisi<\/a>\n                                \n                                                                    <a class=\"product-button\" href=\"https:\/\/www.mikropor.com\/tr\/atmosferik-hava-filtrasyonu\/yuksek-sicaklik-filtreleri-2\/masht-serisi\/\" target=\"_self\">\n                                        <span class=\"arrow\">\u279c<\/span>\n                                    <\/a>\n                                                            <\/div>\n                        <\/div>\n                    <\/div>\n                \n                            <\/div>\n        <\/div>\n    <\/div>\n    [\/vc_column][\/vc_row][vc_row full_width=\u201dstretch_row\u201d equal_height=\u201dyes\u201d][vc_column width=\u201d1\/3\u2033]    <div class=\"product-card-col wpb_column vc_column_container\">\n        <div class=\"vc_column-inner\">\n            <div class=\"wpb_wrapper\">\n                                    <div class=\"wpb_single_image wpb_content_element vc_align_left\">\n                        <figure class=\"wpb_wrapper vc_figure\">\n                                                            <a href=\"https:\/\/www.mikropor.com\/tr\/atmosferik-hava-filtrasyonu\/yuksek-sicaklik-filtreleri-2\/mpht-serisi-30-78-mm\/\" target=\"_self\" class=\"vc_single_image-wrapper vc_box_border_grey\">\n                            \n                            <img loading=\"lazy\" decoding=\"async\" src=\"https:\/\/www.mikropor.com\/wp-content\/uploads\/2025\/07\/33-MPHT-SERIES-30-78-mm.png\" class=\"vc_single_image-img attachment-full\" alt=\"\">\n\n                                                            <\/a>\n                                                    <\/figure>\n                    <\/div>\n                \n                                    <div class=\"wpb_text_column wpb_content_element \">\n                        <div class=\"wpb_wrapper\">\n                            <div class=\"card-header-custom\">\n                                                                    <a href=\"https:\/\/www.mikropor.com\/tr\/atmosferik-hava-filtrasyonu\/yuksek-sicaklik-filtreleri-2\/mpht-serisi-30-78-mm\/\" target=\"_self\" class=\"product-title\">MPHT Serisi 30-78 mm<\/a>\n                                \n                                                                    <a class=\"product-button\" href=\"https:\/\/www.mikropor.com\/tr\/atmosferik-hava-filtrasyonu\/yuksek-sicaklik-filtreleri-2\/mpht-serisi-30-78-mm\/\" target=\"_self\">\n                                        <span class=\"arrow\">\u279c<\/span>\n                                    <\/a>\n                                                            <\/div>\n                        <\/div>\n                    <\/div>\n                \n                            <\/div>\n        <\/div>\n    <\/div>\n    [\/vc_column][vc_column width=\u201d1\/3\u2033][\/vc_column][vc_column width=\u201d1\/3\u2033][\/vc_column][\/vc_row][vc_row][vc_column][vc_raw_html]JTNDc3R5bGUlM0UuZW50cnktY29udGVudCUyMCU3Qm1hcmdpbi10b3AlM0ElMjAzMHB4JTNCJTdEJTIwLmFkdmFuY2VkLXNpZGViYXItbWVudSUyMCU3QiUyMG1hcmdpbi10b3AlM0ElMjAzMHB4JTNCJTIwJTdEJTNDJTJGc3R5bGUlM0U=[\/vc_raw_html][\/vc_column][\/vc_row]\n<\/section>","protected":false},"excerpt":{"rendered":"<p>[vc_row][vc_column][\/vc_column][\/vc_row][vc_row equal_he\u00adight=\u201dyes\u201d css=\u201d.vc_custo\u00adm_175187\u00ad1457710{margin-bottom: 35px !important;padding-top: 20px !important;padding-right: 20px !important;padding-bottom: 20px !important;padding-left: 20px !important;background-color: #ffffff !important;}\u201d el_class=\u201dborder-e5e5e5\u2033][vc_column width=\u201d1\/2\u2033][vc_custo\u00adm_heading text=\u201dOtomotiv End\u00fcstrisi\u201d font_con\u00adtainer=\u201dtag:h4|text_align:left\u201d google_f\u00adonts=\u201dfont_fam\u00adily:Open%20Sans%3A300%2C300ita\u00adlic%2Cregular%2Citalic%2C600%2C600ita\u00adlic%2C700%2C700ita\u00adlic%2C800%2C800ita\u00adlic|font_style:700%20bold%20regular%3A700%3Anormal\u201d][vc_colum\u00adn_text]Mikropor, modern otomotiv boyama sistemle\u00adrine \u00f6zel hava filtresi \u00e7\u00f6z\u00fcmleri sunar. Bu sistemler, sabit temiz ve partik\u00fcl\u00ads\u00fcz ya da VOC i\u00e7ermeyen devridaim havas\u0131na ihtiya\u00e7 duyar. HVAC ve y\u00fcksek s\u0131cakl\u0131k (HT) uygulama\u00adlar\u0131 i\u00e7in d\u00fcnya \u00e7ap\u0131nda tan\u0131nm\u0131\u015f otomobil [&hellip;]<\/p>\n","protected":false},"author":3,"featured_media":0,"parent":0,"menu_order":0,"comment_status":"closed","ping_status":"closed","template":"","meta":{"footnotes":""},"class_list":["post-87659","page","type-page","status-publish","hentry"],"_links":{"self":[{"href":"https:\/\/www.mikropor.com\/tr\/wp-json\/wp\/v2\/pages\/87659","targetHints":{"allow":["GET"]}}],"collection":[{"href":"https:\/\/www.mikropor.com\/tr\/wp-json\/wp\/v2\/pages"}],"about":[{"href":"https:\/\/www.mikropor.com\/tr\/wp-json\/wp\/v2\/types\/page"}],"author":[{"embeddable":true,"href":"https:\/\/www.mikropor.com\/tr\/wp-json\/wp\/v2\/users\/3"}],"replies":[{"embeddable":true,"href":"https:\/\/www.mikropor.com\/tr\/wp-json\/wp\/v2\/comments?post=87659"}],"version-history":[{"count":11,"href":"https:\/\/www.mikropor.com\/tr\/wp-json\/wp\/v2\/pages\/87659\/revisions"}],"predecessor-version":[{"id":87670,"href":"https:\/\/www.mikropor.com\/tr\/wp-json\/wp\/v2\/pages\/87659\/revisions\/87670"}],"wp:attachment":[{"href":"https:\/\/www.mikropor.com\/tr\/wp-json\/wp\/v2\/media?parent=87659"}],"curies":[{"name":"wp","href":"https:\/\/api.w.org\/{rel}","templated":true}]}}